{"id":78,"date":"2016-01-19T02:04:12","date_gmt":"2016-01-19T02:04:12","guid":{"rendered":"http:\/\/clients.radiantpunch.com\/trenton\/fr\/?page_id=78"},"modified":"2021-09-19T17:12:38","modified_gmt":"2021-09-19T22:12:38","slug":"plan-du-site","status":"publish","type":"page","link":"https:\/\/trentoncorp.com\/fr\/plan-du-site\/","title":{"rendered":"Plan du site"},"content":{"rendered":"<div class=\"aioseo-html-sitemap\"><style>.aioseo-html-sitemap.labels-hidden ul { margin: 0; }<\/style><div class=\"aioseo-html-page-sitemap\"><h2>Pages<\/h2><ul><li><a href=\"https:\/\/trentoncorp.com\/fr\/notre-societe\/\" >Notre soci\u00e9t\u00e9<\/a><ul><li><a href=\"https:\/\/trentoncorp.com\/fr\/notre-societe\/historique\/\" >Historique<\/a><\/li><li><a href=\"https:\/\/trentoncorp.com\/fr\/notre-societe\/evenements-a-venir\/\" >\u00c9v\u00e9nements \u00e0 venir<\/a><\/li><\/ul><\/li><li><a href=\"https:\/\/trentoncorp.com\/fr\/produits\/\" >Produits<\/a><ul><li><a href=\"https:\/\/trentoncorp.com\/fr\/produits\/wax-tape-brand-anticorrosion-wraps\/\" >Wax-Tape\u00ae Brand Anticorrosion Wraps<\/a><ul><li><a href=\"https:\/\/trentoncorp.com\/fr\/produits\/wax-tape-brand-anticorrosion-wraps\/wax-tape-no-1-pour-applications-souterraines\/\" >Wax-Tape N\u00ba 1 Pour Applications Souterraines<\/a><\/li><li><a href=\"https:\/\/trentoncorp.com\/fr\/produits\/wax-tape-brand-anticorrosion-wraps\/wax-tape-no-2-pour-applications-aeriennes\/\" >Wax-Tape N\u00ba 2 Pour Applications A\u00e9riennes<\/a><\/li><li><a href=\"https:\/\/trentoncorp.com\/fr\/produits\/wax-tape-brand-anticorrosion-wraps\/wax-tape-ht-3000-high-temperature-anticorrosion-wrap\/\" >Bande HT-3000 Wax-Tape\u00ae<\/a><\/li><li><a href=\"https:\/\/trentoncorp.com\/fr\/produits\/wax-tape-brand-anticorrosion-wraps\/calculateur-pour-les-besoins-en-materiaux\/\" >Calculateur pour les besoins en mat\u00e9riaux<\/a><\/li><\/ul><\/li><li><a href=\"https:\/\/trentoncorp.com\/fr\/produits\/apprets-et-mastics\/\" >Appr\u00eats et mastics<\/a><ul><li><a href=\"https:\/\/trentoncorp.com\/fr\/produits\/apprets-et-mastics\/wax-tape-primer-brun\/\" >Wax-Tape Primer (Brun)<\/a><\/li><li><a href=\"https:\/\/trentoncorp.com\/fr\/produits\/apprets-et-mastics\/wax-tape-primer-blanc\/\" >Wax-Tape Primer (Blanc)<\/a><\/li><li><a href=\"https:\/\/trentoncorp.com\/fr\/produits\/apprets-et-mastics\/temcoat-et-temcoat-3000\/\" >Temcoat et Temcoat 3000<\/a><\/li><li><a href=\"https:\/\/trentoncorp.com\/fr\/produits\/apprets-et-mastics\/fill-putty\/\" >Fill-Putty<\/a><\/li><li><a href=\"https:\/\/trentoncorp.com\/fr\/produits\/apprets-et-mastics\/patch-pad\/\" >Patch-Pad\u00ae<\/a><\/li><\/ul><\/li><li><a href=\"https:\/\/trentoncorp.com\/fr\/produits\/innercoat-et-guard-wrap\/\" >Innercoat et Guard-Wrap<\/a><ul><li><a href=\"https:\/\/trentoncorp.com\/fr\/produits\/innercoat-et-guard-wrap\/innercoat-pour-le-reconditionnement-des-pipelines\/\" >Innercoat pour le reconditionnement des pipelines<\/a><\/li><li><a href=\"https:\/\/trentoncorp.com\/fr\/produits\/innercoat-et-guard-wrap\/innercoat-pour-element-de-remplissage-a-bride\/\" >Innercoat pour \u00e9l\u00e9ment de remplissage \u00e0 bride<\/a><\/li><\/ul><\/li><li><a href=\"https:\/\/trentoncorp.com\/fr\/produits\/revetements-exterieurs\/\" >Rev\u00eatements ext\u00e9rieurs<\/a><ul><li><a href=\"https:\/\/trentoncorp.com\/fr\/produits\/revetements-exterieurs\/mc-outerwrap\/\" >MCO\u00ae Outerwrap<\/a><\/li><li><a href=\"https:\/\/trentoncorp.com\/fr\/produits\/revetements-exterieurs\/guard-wrap\/\" >Guard-Wrap<\/a><\/li><li><a href=\"https:\/\/trentoncorp.com\/fr\/produits\/revetements-exterieurs\/poly-ply\/\" >Poly-Ply<\/a><\/li><li><a href=\"https:\/\/trentoncorp.com\/fr\/produits\/revetements-exterieurs\/glas-wrap\/\" >Glas-Wrap<\/a><\/li><li><a href=\"https:\/\/trentoncorp.com\/fr\/produits\/revetements-exterieurs\/pvc-outerwrap\/\" >PVC Outerwrap<\/a><\/li><\/ul><\/li><li><a href=\"https:\/\/trentoncorp.com\/fr\/produits\/casing-filling\/\" >Produits de remplissage pour gaines<\/a><ul><li><a href=\"https:\/\/trentoncorp.com\/fr\/produits\/casing-filling\/fill-coat-no-1\/\" >Fill-Coat N\u00ba 1<\/a><\/li><li><a href=\"https:\/\/trentoncorp.com\/fr\/produits\/casing-filling\/fill-coat-no-2\/\" >Fill-Coat N\u00ba 2<\/a><\/li><li><a href=\"https:\/\/trentoncorp.com\/fr\/produits\/casing-filling\/fill-coat-no-6\/\" >Fill-Coat N\u00ba 6<\/a><\/li><li><a href=\"https:\/\/trentoncorp.com\/fr\/produits\/casing-filling\/pre-con\/\" >Pre-Con\u00ae<\/a><\/li><li><a href=\"https:\/\/trentoncorp.com\/fr\/produits\/casing-filling\/short-stop\/\" >Short-Stop<\/a><\/li><\/ul><\/li><\/ul><\/li><li><a href=\"https:\/\/trentoncorp.com\/fr\/telechargements\/\" >T\u00e9l\u00e9chargements<\/a><ul><li><a href=\"https:\/\/trentoncorp.com\/fr\/telechargements\/pdf-des-produits\/\" >PDF des Produits<\/a><\/li><\/ul><\/li><li><a href=\"https:\/\/trentoncorp.com\/fr\/nous-contacter\/\" >Nous contacter<\/a><\/li><li><a href=\"https:\/\/trentoncorp.com\/fr\/plan-du-site\/\" >Plan du site<\/a><\/li><li><a href=\"https:\/\/trentoncorp.com\/fr\/\" >d&rsquo;accueil<\/a><\/li><li><a href=\"https:\/\/trentoncorp.com\/fr\/politique-de-confidentialite\/\" >Politique de confidentialit\u00e9<\/a><\/li><\/ul><\/div><br \/><\/div>\n","protected":false},"excerpt":{"rendered":"","protected":false},"author":1,"featured_media":0,"parent":0,"menu_order":5,"comment_status":"closed","ping_status":"closed","template":"","meta":{"footnotes":""},"class_list":["post-78","page","type-page","status-publish","hentry"],"aioseo_notices":[],"_links":{"self":[{"href":"https:\/\/trentoncorp.com\/fr\/wp-json\/wp\/v2\/pages\/78","targetHints":{"allow":["GET"]}}],"collection":[{"href":"https:\/\/trentoncorp.com\/fr\/wp-json\/wp\/v2\/pages"}],"about":[{"href":"https:\/\/trentoncorp.com\/fr\/wp-json\/wp\/v2\/types\/page"}],"author":[{"embeddable":true,"href":"https:\/\/trentoncorp.com\/fr\/wp-json\/wp\/v2\/users\/1"}],"replies":[{"embeddable":true,"href":"https:\/\/trentoncorp.com\/fr\/wp-json\/wp\/v2\/comments?post=78"}],"version-history":[{"count":0,"href":"https:\/\/trentoncorp.com\/fr\/wp-json\/wp\/v2\/pages\/78\/revisions"}],"wp:attachment":[{"href":"https:\/\/trentoncorp.com\/fr\/wp-json\/wp\/v2\/media?parent=78"}],"curies":[{"name":"wp","href":"https:\/\/api.w.org\/{rel}","templated":true}]}}