{"id":76,"date":"2016-01-19T02:03:42","date_gmt":"2016-01-19T02:03:42","guid":{"rendered":"http:\/\/clients.radiantpunch.com\/trenton\/fr\/?page_id=76"},"modified":"2024-08-21T10:02:02","modified_gmt":"2024-08-21T15:02:02","slug":"nous-contacter","status":"publish","type":"page","link":"https:\/\/trentoncorp.com\/fr\/nous-contacter\/","title":{"rendered":"Nous contacter"},"content":{"rendered":"<h2>CONTACTEZ-NOUS EN REMPLISSANT LE FORMULAIRE CI-DESSOUS OU EN NOUS APPELANT A L&rsquo;UNE DES ADRESSES INDIQUEES.<\/h2>\n<p><div class='content-column two_third'><div style=\"padding-right:10px;\"><!-- HTML Forms v1.5.1 - https:\/\/wordpress.org\/plugins\/html-forms\/ -->\n<form method=\"post\"  class=\"hf-form hf-form-362 \" data-id=\"362\" data-title=\"Contact\" data-slug=\"contact-fr\" data-message-success=\"Merci d\u2019avoir contact\u00e9 Trenton. Votre message a bien \u00e9t\u00e9 re\u00e7u et nous vous contacterons tr\u00e8s bient\u00f4t.\" data-message-invalid-email=\"Veuillez saisir une adresse e-mail valide.\" data-message-required-field-missing=\"Ce champ est obligatoire.\" data-message-error=\"Oops. An error occurred.\"><input type=\"hidden\" name=\"_hf_form_id\" value=\"362\" \/><div style=\"display: none;\"><input type=\"text\" name=\"_hf_h362\" value=\"\" \/><\/div><div class=\"hf-fields-wrap\"><div class=\"form-field one-half\">\r\n\t<label for=\"contact-fr-FNAME\">Pr&eacute;nom<span class=\"required\">*<\/span><\/label>\r\n\t<input type=\"text\" name=\"FNAME\" id=\"contact-fr-FNAME\" required \/>\r\n<\/div>\r\n<div class=\"form-field one-half\">\r\n\t<label for=\"contact-fr-LNAME\">Nom<span class=\"required\">*<\/span><\/label>\r\n\t<input type=\"text\" name=\"LNAME\" id=\"contact-fr-LNAME\" required \/>\r\n<\/div>\r\n<div class=\"form-field one-half\">\r\n\t<label for=\"contact-fr-EMAIL\">E-mail<span class=\"required\">*<\/span><\/label>\r\n\t<input type=\"email\" name=\"EMAIL\" id=\"contact-fr-EMAIL\" required \/>\r\n<\/div>\r\n<div class=\"form-field one-half\">\r\n\t<label for=\"contact-fr-PHONE\">Num&eacute;ro de t&eacute;l&eacute;phone<\/label>\r\n\t<input type=\"tel\" name=\"PHONE\" id=\"contact-fr-PHONE\" pattern=\"^[0-9-+\\s()]*$\" \/>\r\n<\/div>\r\n<div class=\"form-field one-half\">\r\n\t<label for=\"contact-fr-TITLE\">Fonction<\/label>\r\n\t<input type=\"text\" name=\"TITLE\" id=\"contact-fr-TITLE\" \/>\r\n<\/div>\r\n<div class=\"form-field one-half\">\r\n\t<label for=\"contact-fr-COMPANY\">Soci&eacute;t&eacute;<\/label>\r\n\t<input type=\"text\" name=\"COMPANY\" id=\"contact-fr-COMPANY\" \/>\r\n<\/div>\r\n<div class=\"form-field\">\r\n\t<label for=\"contact-fr-COUNTRY\">Pays<\/label>\r\n\t<input type=\"text\" name=\"COUNTRY\" id=\"contact-fr-COUNTRY\" \/>\r\n<\/div>\r\n<div class=\"form-field\">\r\n\t<label for=\"contact-fr-INDUSTRY\">Industrie<\/label>\r\n\t<select name=\"INDUSTRY\" id=\"contact-fr-INDUSTRY\">\r\n\t\t<option value=\"\" disabled selected>S&eacute;lectionnez votre industrie<\/option>\r\n\t\t<option value=\"P&eacute;trole et gaz (Oil &amp; Gas)\">P&eacute;trole et gaz<\/option>\r\n\t\t<option value=\"Eau (Water)\">Eau<\/option>\r\n\t\t<option value=\"Industriel (Industrial)\">Industriel<\/option>\r\n\t\t<option value=\"Chimie (Chemical)\">Chimie<\/option>\r\n\t\t<option value=\"Militaire (Military)\">Militaire<\/option>\r\n\t<\/select>\r\n<\/div>\r\n<div class=\"form-field\">\r\n\t<label for=\"contact-fr-COTYPE\">Type de soci&eacute;t&eacute;<\/label>\r\n\t<select name=\"COTYPE\" id=\"contact-fr-COTYPE\">\r\n\t\t<option value=\"\" disabled selected>S&eacute;lectionnez le type de soci&eacute;t&eacute;<\/option>\r\n\t\t<option value=\"Services publics (Utility)\">Services publics<\/option>\r\n\t\t<option value=\"Entrepreneur (Contractor)\">Entrepreneur<\/option>\r\n\t\t<option value=\"Fournisseur (Supply House)\">Fournisseur<\/option>\r\n\t\t<option value=\"Consultant en corrosion (Corrosion Consultant)\">Consultant en corrosion<\/option>\r\n\t<\/select>\r\n<\/div>\r\n<fieldset class=\"form-field\">\r\n\t<legend>Points d\u2019int&eacute;r&ecirc;t<\/legend>\r\n\t<div class=\"form-field\">\r\n\t\t<input type=\"checkbox\" name=\"INTERESTS[]\" id=\"contact-fr-INT-waxtape-1\" value=\"Wax-Tape&reg; #1 non raffermissant (sous terre)\" \/>\r\n\t\t<label for=\"contact-fr-INT-waxtape-1\">Wax-Tape&reg; #1 non raffermissant (sous terre)<\/label>\r\n\t<\/div>\r\n\t<div class=\"form-field\">\r\n\t\t<input type=\"checkbox\" name=\"INTERESTS[]\" id=\"contact-fr-INT-waxtape-2\" value=\"Wax-Tape&reg; # 2 auto-raffermissant (hors sol\/sous terre)\" \/>\r\n\t\t<label for=\"contact-fr-INT-waxtape-2\">Wax-Tape&reg; # 2 auto-raffermissant (hors sol\/sous terre)<\/label>\r\n\t<\/div>\r\n\t<div class=\"form-field\">\r\n\t\t<input type=\"checkbox\" name=\"INTERESTS[]\" id=\"contact-fr-INT-waxtape-ht-3000\" value=\"Wax-Tape&reg; HT-3000 haute temp&eacute;rature\" \/>\r\n\t\t<label for=\"contact-fr-INT-waxtape-ht-3000\">Wax-Tape&reg; HT-3000 haute temp&eacute;rature<\/label>\r\n\t<\/div>\r\n\t<div class=\"form-field\">\r\n\t\t<input type=\"checkbox\" name=\"INTERESTS[]\" id=\"contact-fr-INT-innercoat-pipeline\" value=\"Innercoat&reg; pour r&eacute;novation de pipeline\" \/>\r\n\t\t<label for=\"contact-fr-INT-innercoat-pipeline\">Innercoat&reg; pour r&eacute;novation de pipeline<\/label>\r\n\t<\/div>\r\n\t<div class=\"form-field\">\r\n\t\t<input type=\"checkbox\" name=\"INTERESTS[]\" id=\"contact-fr-INT-fill-coat-1\" value=\"Fill Coat&reg; #1 (mat&eacute;riau d\u2019apport install&eacute; &agrave; chaud)\" \/>\r\n\t\t<label for=\"contact-fr-INT-fill-coat-1\">Fill Coat&reg; #1 (mat&eacute;riau d\u2019apport install&eacute; &agrave; chaud)<\/label>\r\n\t<\/div>\r\n\t<div class=\"form-field\">\r\n\t\t<input type=\"checkbox\" name=\"INTERESTS[]\" id=\"contact-fr-INT-fill-coat-2\" value=\"Fill Coat&reg; #2 (mat&eacute;riau d\u2019apport install&eacute; &agrave; froid)\" \/>\r\n\t\t<label for=\"contact-fr-INT-fill-coat-2\">Fill Coat&reg; #2 (mat&eacute;riau d\u2019apport install&eacute; &agrave; froid)<\/label>\r\n\t<\/div>\r\n\t<div class=\"form-field\">\r\n\t\t<input type=\"checkbox\" name=\"INTERESTS[]\" id=\"contact-fr-INT-temcoat\" value=\"Temcoat&trade;\/Temcoat&trade; 3000\" \/>\r\n\t\t<label for=\"contact-fr-INT-temcoat\">Temcoat&trade;\/Temcoat&trade; 3000<\/label>\r\n\t<\/div>\r\n\t<div class=\"form-field\">\r\n\t\t<input type=\"checkbox\" name=\"INTERESTS[]\" id=\"contact-fr-INT-fill-pro\" value=\"Fill-Pro&trade; PM-GP\" \/>\r\n\t\t<label for=\"contact-fr-INT-fill-pro\">Fill-Pro&trade; PM-GP<\/label>\r\n\t<\/div>\r\n\t<div class=\"form-field\">\r\n\t\t<input type=\"checkbox\" name=\"INTERESTS[]\" id=\"contact-fr-INT-pre-con\" value=\"Pre-Con&trade;\" \/>\r\n\t\t<label for=\"contact-fr-INT-pre-con\">Pre-Con&trade;<\/label>\r\n\t<\/div>\r\n\t<div class=\"form-field\">\r\n\t\t<input type=\"checkbox\" name=\"INTERESTS[]\" id=\"contact-fr-INT-innercoat-flange\" value=\"Innercoat&reg; para relleno de bridas\" \/>\r\n\t\t<label for=\"contact-fr-INT-innercoat-flange\">Innercoat&reg; pour remplissage de bride<\/label>\r\n\t<\/div>\r\n\t<div class=\"form-field\">\r\n\t\t<input type=\"checkbox\" name=\"INTERESTS[]\" id=\"contact-fr-INT-short-stop\" value=\"Short-Stop&trade;\" \/>\r\n\t\t<label for=\"contact-fr-INT-short-stop\">Short-Stop&trade;<\/label>\r\n\t<\/div>\r\n\t<div class=\"form-field\">\r\n\t\t<input type=\"checkbox\" name=\"INTERESTS[]\" id=\"contact-fr-INT-wax-tape-primer\" value=\"Imprimaci&oacute;n Wax-Tape&reg;\" \/>\r\n\t\t<label for=\"contact-fr-INT-wax-tape-primer\">Wax-Tape&reg; primer<\/label>\r\n\t<\/div>\r\n\t<div class=\"form-field\">\r\n\t\t<input type=\"checkbox\" name=\"INTERESTS[]\" id=\"contact-fr-INT-poly-ply\" value=\"Poly-Ply&trade;\" \/>\r\n\t\t<label for=\"contact-fr-INT-poly-ply\">Poly-Ply&trade;<\/label>\r\n\t<\/div>\r\n\t<div class=\"form-field\">\r\n\t\t<input type=\"checkbox\" name=\"INTERESTS[]\" id=\"contact-fr-INT-mco-outerwrap\" value=\"MCO&reg; Outerwrap\" \/>\r\n\t\t<label for=\"contact-fr-INT-mco-outerwrap\">MCO&reg; Outerwrap<\/label>\r\n\t<\/div>\r\n<\/fieldset>\r\n<div class=\"form-field\">\r\n\t<label for=\"contact-fr-COMMENTS\">Questions\/Commentaires<span class=\"required\">*<\/span><\/label>\r\n\t<textarea name=\"COMMENTS\" required id=\"contact-COMMENTS\"><\/textarea>\r\n<\/div>\r\n<div class=\"form-field\">\r\n\t<label for=\"contact-fr-CONSENT\">Consentement utilisateur<span class=\"required\">*<\/span><\/label><br \/>\r\n\t<input type=\"checkbox\" name=\"CONSENT\" id=\"contact-fr-CONSENT\" required \/>J'autorise Trenton Corporation &agrave; traiter et transf&eacute;rer mes informations soumises comme requis afin de pouvoir r&eacute;pondre &agrave; ma demande.<br \/>\r\n\t<span class=\"form-note\">Pour en savoir plus, consultez notre <a href=\"https:\/\/trentoncorp.com\/fr\/politique-de-confidentialite\/\">Politique de confidentialit&eacute;<\/a>.<\/span>\r\n<\/div>\r\n<div class=\"form-field\">\r\n\t<input type=\"submit\" value=\"Envoyer\" \/>\r\n<\/div><noscript>Please enable JavaScript for this form to work.<\/noscript><\/div><input type=\"hidden\" id=\"wpa_initiator\" class=\"wpa_initiator\" name=\"wpa_initiator\" value=\"\"><\/form><!-- \/ HTML Forms --><\/div><\/div><div class='content-column one_third last_column'><div style=\"padding-right:0px;padding-left:5px;\"><div id=\"contact-sidebar\">\n<h3>Si\u00e8ge social<\/h3>\n<p>7700 Jackson Road<br \/>\nAnn Arbor, MI 48103 USA<\/p>\n<p>T: (734) 424-3600<br \/>\nF: (734) 426-5882<\/p>\n<h3>Bureau en France<\/h3>\n<p>8 rue d&rsquo;Ath\u00e8nes<br \/>\n75009 Paris<\/p>\n<p>T: +33 (0)1 70 62 94 74<\/p>\n<p>K\u00e9vin Tr\u00e9mel<br \/>\nCell: +33 (0) 6 73 83 52 24<br \/>\n(available via WhatsApp)<br \/>\n<a href=\"ktremel@trentoncorp.com\">ktremel@trentoncorp.com<\/a><\/p>\n<p>Philibert de Bonnafos<br \/>\nCell: +33 (0) 6 89 58 41 29<br \/>\n(available via WhatsApp)<br \/>\n<a href=\"mailto:pdebonnafos@trentoncorp.com\">pdebonnafos@trentoncorp.com<\/a><\/p>\n<h3>Am\u00e9rique du Sud et centrale<\/h3>\n<p>Axel Schwartz<br \/>\nCell: <span style=\"font-weight: 400;\">+593 98-466-2378<\/span><i><span style=\"font-weight: 400;\"><br \/>\n<\/span><\/i>(available via WhatsApp)<br \/>\n<a href=\"mailto:aschwartz@trentoncorp.com\">aschwartz@trentoncorp.com<\/a><\/p>\n<\/div>\n<p>&nbsp;<\/p>\n<p>&nbsp;<\/p>\n<p>&nbsp;<\/p>\n<p>&nbsp;<\/p>\n<p>&nbsp;<\/p><\/div><\/div><div class='clear_column'><\/div><\/p>\n","protected":false},"excerpt":{"rendered":"<p>CONTACTEZ-NOUS EN REMPLISSANT LE FORMULAIRE CI-DESSOUS OU EN NOUS APPELANT A L&rsquo;UNE DES ADRESSES INDIQUEES.<\/p>\n","protected":false},"author":1,"featured_media":0,"parent":0,"menu_order":4,"comment_status":"closed","ping_status":"closed","template":"","meta":{"footnotes":""},"class_list":["post-76","page","type-page","status-publish","hentry"],"aioseo_notices":[],"_links":{"self":[{"href":"https:\/\/trentoncorp.com\/fr\/wp-json\/wp\/v2\/pages\/76","targetHints":{"allow":["GET"]}}],"collection":[{"href":"https:\/\/trentoncorp.com\/fr\/wp-json\/wp\/v2\/pages"}],"about":[{"href":"https:\/\/trentoncorp.com\/fr\/wp-json\/wp\/v2\/types\/page"}],"author":[{"embeddable":true,"href":"https:\/\/trentoncorp.com\/fr\/wp-json\/wp\/v2\/users\/1"}],"replies":[{"embeddable":true,"href":"https:\/\/trentoncorp.com\/fr\/wp-json\/wp\/v2\/comments?post=76"}],"version-history":[{"count":0,"href":"https:\/\/trentoncorp.com\/fr\/wp-json\/wp\/v2\/pages\/76\/revisions"}],"wp:attachment":[{"href":"https:\/\/trentoncorp.com\/fr\/wp-json\/wp\/v2\/media?parent=76"}],"curies":[{"name":"wp","href":"https:\/\/api.w.org\/{rel}","templated":true}]}}