{"id":72,"date":"2016-01-19T02:02:06","date_gmt":"2016-01-19T02:02:06","guid":{"rendered":"http:\/\/clients.radiantpunch.com\/trenton\/fr\/?page_id=72"},"modified":"2025-05-23T14:09:37","modified_gmt":"2025-05-23T19:09:37","slug":"pdf-des-produits","status":"publish","type":"page","link":"https:\/\/trentoncorp.com\/fr\/telechargements\/pdf-des-produits\/","title":{"rendered":"PDF des Produits"},"content":{"rendered":"<h2>TELECHARGEZ LES PDF LES PLUS DEMANDES CI-DESSOUSTELECHARGEZ LES PDF LES PLUS DEMANDES CI-DESSOUS<\/h2>\n<div class='content-column one_half'><div style=\"padding-right:5px;\"><h3>Wax-Tape\u00ae<\/h3>\n<ul class=\"pdf-list\">\n<li><a href=\"https:\/\/trentoncorp.com\/fr\/wp-content\/uploads\/sites\/3\/2023\/04\/Trenton-Corp-Wax-Tape-Systems-20000F-R7-1.pdf\">Les Syst\u00e8mes Wax-Tape\u00ae<\/a><\/li>\n<li><a href=\"https:\/\/trentoncorp.com\/fr\/wp-content\/uploads\/sites\/3\/2025\/05\/Trenton-Corp-Wax-Tape-HT-3000-20011FR-Rev5-2025-05-15-FR.pdf\" target=\"_blank\" rel=\"noopener noreferrer\">Bande HT-3000 Wax-Tape\u00ae<\/a><\/li>\n<li><a href=\"https:\/\/trentoncorp.com\/fr\/wp-content\/uploads\/sites\/3\/2023\/05\/Trenton-Corp-Wax-Tape-Application-Procedures-20022Multiple-R7-1.pdf\">Proc\u00e9dures d&rsquo;application des bandes Wax-Tape\u00ae<\/a><\/li>\n<\/ul>\n<h3>Primaires et Mastics<\/h3>\n<ul class=\"pdf-list\">\n<li><a href=\"https:\/\/trentoncorp.com\/fr\/wp-content\/uploads\/sites\/3\/2023\/05\/Trenton-Corporation-Fill-Putty-20007F-Rev5.pdf\">Fill-Putty<\/a><a href=\"\/fr\/wp-content\/uploads\/sites\/3\/2016\/01\/20007f_trenton_corporation_fill-putty_rev1.pdf\" target=\"_blank\" rel=\"noopener noreferrer\">\u2122<\/a><\/li>\n<li><a href=\"https:\/\/trentoncorp.com\/fr\/wp-content\/uploads\/sites\/3\/2023\/05\/Trenton-Corp-Temcoat-3000-20018F-Rev3.pdf\" target=\"_blank\" rel=\"noopener noreferrer\">Temcoat\u2122\/Temcoat\u2122 3000<\/a><\/li>\n<li><a href=\"https:\/\/trentoncorp.com\/fr\/wp-content\/uploads\/sites\/3\/2023\/05\/Trenton-Corp-PatchPad-20030F-Rev5.pdf\">Patch-Pad\u00ae<\/a><\/li>\n<\/ul>\n<h3>Innercoat\u00ae et Guard-Wrap\u2122<\/h3>\n<ul class=\"pdf-list\">\n<li><a href=\"https:\/\/trentoncorp.com\/fr\/wp-content\/uploads\/sites\/3\/2023\/05\/Trenton-Corp-Innercoat-Guard-Wrap-20010F-Rev3.pdf\" target=\"_blank\" rel=\"noopener noreferrer\">Innercoat\u00ae &amp; Guard-Wrap\u2122<\/a><\/li>\n<li><a href=\"https:\/\/trentoncorp.com\/fr\/wp-content\/uploads\/sites\/3\/2023\/05\/Trenton-Corp-Innercoat-FlangeFill-20012F-Rev3.pdf\" target=\"_blank\" rel=\"noopener noreferrer\">Innercoat\u00ae Flange-Fill<\/a><\/li>\n<\/ul>\n<h3>Outerwraps<\/h3>\n<ul class=\"pdf-list\">\n<li><a href=\"https:\/\/trentoncorp.com\/fr\/wp-content\/uploads\/sites\/3\/2023\/05\/Trenton-Corp-Guard-Wrap-20009F-Rev3.pdf\" target=\"_blank\" rel=\"noopener noreferrer\">Guard-Wrap\u2122<\/a><\/li>\n<li><a href=\"https:\/\/trentoncorp.com\/fr\/wp-content\/uploads\/sites\/3\/2023\/05\/Trenton-Corp-MCO-110-20034F-Rev3.pdf\">MCO\u00ae 110 Outerwrap<\/a><\/li>\n<li><a href=\"https:\/\/trentoncorp.com\/fr\/wp-content\/uploads\/sites\/3\/2023\/05\/Trenton-Corp-PolyPly-20014F-Rev4.pdf\" target=\"_blank\" rel=\"noopener noreferrer\">Poly-Ply\u2122<\/a><\/li>\n<li><a href=\"https:\/\/trentoncorp.com\/fr\/wp-content\/uploads\/sites\/3\/2024\/10\/Trenton-Corp-PVC-Outerwrap-20028FR-R0-2024-10-02-FR.pdf\" target=\"_blank\" rel=\"noopener\">PVC Outerwrap<\/a><\/li>\n<\/ul><\/div><\/div><div class='content-column one_half last_column'><div style=\"padding-left:5px;\"><h3>Casing Filling<\/h3>\n<ul class=\"pdf-list\">\n<li><a href=\"https:\/\/trentoncorp.com\/fr\/wp-content\/uploads\/sites\/3\/2023\/05\/Trenton-Corp-Casing-Fill-QA-20001F-Rev5.pdf\" target=\"_blank\" rel=\"noopener noreferrer\">R\u00e9sponses aux questions les plus fr\u00e9quemment pos\u00e9es sur le remplissage de gaines<\/a><\/li>\n<li><a href=\"https:\/\/trentoncorp.com\/fr\/wp-content\/uploads\/sites\/3\/2023\/05\/Trenton-Corporation-Fill-Coat1-20004F-Rev3.pdf\" target=\"_blank\" rel=\"noopener noreferrer\">Fill-Coat\u00ae No1 <\/a><\/li>\n<li><a href=\"https:\/\/trentoncorp.com\/fr\/wp-content\/uploads\/sites\/3\/2023\/05\/Trenton-Corporation-Fill-Coat2-20005F-Rev3.pdf\" target=\"_blank\" rel=\"noopener noreferrer\">Fill-Coat\u00ae No2<\/a><\/li>\n<li><a href=\"https:\/\/trentoncorp.com\/fr\/wp-content\/uploads\/sites\/3\/2023\/05\/Trenton-Corporation-Fill-Coat6-20006F-Rev5.pdf\">Fill-Coat\u00ae No6<\/a><\/li>\n<li><a href=\"https:\/\/trentoncorp.com\/fr\/wp-content\/uploads\/sites\/3\/2023\/05\/Trenton-Corp-PreCon-20015F-Rev3.pdf\" target=\"_blank\" rel=\"noopener noreferrer\">Pre-Con\u00ae<\/a><\/li>\n<li><a href=\"https:\/\/trentoncorp.com\/fr\/wp-content\/uploads\/sites\/3\/2023\/05\/Trenton-Corp-SealWrap-End-Seal-20016F-Rev2.pdf\" target=\"_blank\" rel=\"noopener noreferrer\">Seal-Wrap\u2122 End Seal<\/a><\/li>\n<\/ul><\/div><\/div><div class='clear_column'><\/div><\/p>\n<p><small>T\u00e9l\u00e9charger la derni\u00e8re version <a href=\"https:\/\/get.adobe.com\/reader\/\" target=\"_blank\" rel=\"noopener noreferrer\">d&rsquo;Adobe Acrobat Reader.<\/a><\/small><\/p>\n","protected":false},"excerpt":{"rendered":"<p>TELECHARGEZ LES PDF LES PLUS DEMANDES CI-DESSOUSTELECHARGEZ LES PDF LES PLUS DEMANDES CI-DESSOUS T\u00e9l\u00e9charger la derni\u00e8re version d&rsquo;Adobe Acrobat Reader.<\/p>\n","protected":false},"author":1,"featured_media":0,"parent":70,"menu_order":0,"comment_status":"closed","ping_status":"closed","template":"","meta":{"footnotes":""},"class_list":["post-72","page","type-page","status-publish","hentry"],"aioseo_notices":[],"_links":{"self":[{"href":"https:\/\/trentoncorp.com\/fr\/wp-json\/wp\/v2\/pages\/72","targetHints":{"allow":["GET"]}}],"collection":[{"href":"https:\/\/trentoncorp.com\/fr\/wp-json\/wp\/v2\/pages"}],"about":[{"href":"https:\/\/trentoncorp.com\/fr\/wp-json\/wp\/v2\/types\/page"}],"author":[{"embeddable":true,"href":"https:\/\/trentoncorp.com\/fr\/wp-json\/wp\/v2\/users\/1"}],"replies":[{"embeddable":true,"href":"https:\/\/trentoncorp.com\/fr\/wp-json\/wp\/v2\/comments?post=72"}],"version-history":[{"count":3,"href":"https:\/\/trentoncorp.com\/fr\/wp-json\/wp\/v2\/pages\/72\/revisions"}],"predecessor-version":[{"id":583,"href":"https:\/\/trentoncorp.com\/fr\/wp-json\/wp\/v2\/pages\/72\/revisions\/583"}],"up":[{"embeddable":true,"href":"https:\/\/trentoncorp.com\/fr\/wp-json\/wp\/v2\/pages\/70"}],"wp:attachment":[{"href":"https:\/\/trentoncorp.com\/fr\/wp-json\/wp\/v2\/media?parent=72"}],"curies":[{"name":"wp","href":"https:\/\/api.w.org\/{rel}","templated":true}]}}