{"id":70,"date":"2016-01-19T02:01:18","date_gmt":"2016-01-19T02:01:18","guid":{"rendered":"http:\/\/clients.radiantpunch.com\/trenton\/fr\/?page_id=70"},"modified":"2021-02-12T09:38:37","modified_gmt":"2021-02-12T14:38:37","slug":"telechargements","status":"publish","type":"page","link":"https:\/\/trentoncorp.com\/fr\/telechargements\/","title":{"rendered":"T\u00e9l\u00e9chargements"},"content":{"rendered":"<h2>POUR DETERMINER DE MANIERE PRATIQUE LES PRODUITS DONT VOUS AVEZ BESOIN, VOUS POUVEZ IMPRIMER LES VERSIONS PDF DES DESCRIPTIONS DE PRODUITS CI-DESSOUS.<\/h2>\n<p class=\"subpage-link\"><a href=\"https:\/\/trentoncorp.com\/fr\/telechargements\/pdf-des-produits\/\"><b>PDF des produits<\/b><\/a><br \/>\n<a href=\"\/fr\/telechargements\/pdf-des-produits\/\"> T\u00e9l\u00e9chargez les PDF les plus demand\u00e9s<\/a><\/p>\n","protected":false},"excerpt":{"rendered":"<p>POUR DETERMINER DE MANIERE PRATIQUE LES PRODUITS DONT VOUS AVEZ BESOIN, VOUS POUVEZ IMPRIMER LES VERSIONS PDF DES DESCRIPTIONS DE PRODUITS CI-DESSOUS. PDF des produits T\u00e9l\u00e9chargez les PDF les plus demand\u00e9s<\/p>\n","protected":false},"author":1,"featured_media":0,"parent":0,"menu_order":3,"comment_status":"closed","ping_status":"closed","template":"","meta":{"footnotes":""},"class_list":["post-70","page","type-page","status-publish","hentry"],"aioseo_notices":[],"_links":{"self":[{"href":"https:\/\/trentoncorp.com\/fr\/wp-json\/wp\/v2\/pages\/70","targetHints":{"allow":["GET"]}}],"collection":[{"href":"https:\/\/trentoncorp.com\/fr\/wp-json\/wp\/v2\/pages"}],"about":[{"href":"https:\/\/trentoncorp.com\/fr\/wp-json\/wp\/v2\/types\/page"}],"author":[{"embeddable":true,"href":"https:\/\/trentoncorp.com\/fr\/wp-json\/wp\/v2\/users\/1"}],"replies":[{"embeddable":true,"href":"https:\/\/trentoncorp.com\/fr\/wp-json\/wp\/v2\/comments?post=70"}],"version-history":[{"count":0,"href":"https:\/\/trentoncorp.com\/fr\/wp-json\/wp\/v2\/pages\/70\/revisions"}],"wp:attachment":[{"href":"https:\/\/trentoncorp.com\/fr\/wp-json\/wp\/v2\/media?parent=70"}],"curies":[{"name":"wp","href":"https:\/\/api.w.org\/{rel}","templated":true}]}}