{"id":7,"date":"2016-01-19T01:39:47","date_gmt":"2016-01-19T01:39:47","guid":{"rendered":"http:\/\/clients.radiantpunch.com\/trenton\/fr\/?page_id=7"},"modified":"2016-01-19T01:39:47","modified_gmt":"2016-01-19T01:39:47","slug":"historique","status":"publish","type":"page","link":"https:\/\/trentoncorp.com\/fr\/notre-societe\/historique\/","title":{"rendered":"Historique"},"content":{"rendered":"<h2>DEPUIS 1949, LA SOCIETE TRENTON PROPOSE UN CHOIX DE PRODUITS ANTICORROSION A BASE DE CIRE POUR PROTEGER LES PIPELINES.<\/h2>\n<figure id=\"attachment_161\" aria-describedby=\"caption-attachment-161\" style=\"width: 233px\" class=\"wp-caption alignright\"><img loading=\"lazy\" decoding=\"async\" class=\"wp-image-161 size-full\" src=\"\/wp-content\/uploads\/2016\/01\/History.jpg\" alt=\"Pipeline over a body of water\" width=\"233\" height=\"163\" \/><figcaption id=\"caption-attachment-161\" class=\"wp-caption-text\">Le Wax-Tape Primer blanc et le Wax-Tape N\u00ba 2W (blanc) ont \u00e9t\u00e9 utilis\u00e9s au-dessus de ce plan d&rsquo;eau car le sablage des conduites aurait pos\u00e9 des probl\u00e8mes environnementaux.<\/figcaption><\/figure>\n<p>Des milliers de kilom\u00e8tres de pipelines sont actuellement prot\u00e9g\u00e9s par des syst\u00e8mes Trenton dans le monde.<\/p>\n<p>Qu&rsquo;est-ce qui fait des mat\u00e9riaux anticorrosion Trenton des produits de choix?<\/p>\n<ul>\n<li>Pr\u00e9paration minimale des surfaces<\/li>\n<li>Facilit\u00e9 d&rsquo;application<\/li>\n<li>Facilit\u00e9 d&rsquo;utilisation<\/li>\n<li>Aucun outil sp\u00e9cial n&rsquo;est n\u00e9cessaire<\/li>\n<li>Conformable pour les surfaces irr\u00e9guli\u00e8res<\/li>\n<li>Possibilit\u00e9 de les retirer pour les inspections<\/li>\n<li>Compatibles avec d&rsquo;autres rev\u00eatements<\/li>\n<li>Pas de d\u00e9lai de s\u00e9chage avant le remplissage<\/li>\n<li>Respect de l&rsquo;environnement<\/li>\n<li>Des fiches de s\u00e9curit\u00e9 MSDS impeccables<\/li>\n<li>Non canc\u00e9rig\u00e8nes<\/li>\n<\/ul>\n","protected":false},"excerpt":{"rendered":"<p>DEPUIS 1949, LA SOCIETE TRENTON PROPOSE UN CHOIX DE PRODUITS ANTICORROSION A BASE DE CIRE POUR PROTEGER LES PIPELINES. Des milliers de kilom\u00e8tres de pipelines sont actuellement prot\u00e9g\u00e9s par des syst\u00e8mes Trenton dans le monde. Qu&rsquo;est-ce qui fait des mat\u00e9riaux anticorrosion Trenton des produits de choix? Pr\u00e9paration minimale des surfaces Facilit\u00e9 d&rsquo;application Facilit\u00e9 d&rsquo;utilisation Aucun &hellip; <a href=\"https:\/\/trentoncorp.com\/fr\/notre-societe\/historique\/\" class=\"more-link\">Continuer la lecture<span class=\"screen-reader-text\"> de &laquo;&nbsp;Historique&nbsp;&raquo;<\/span><\/a><\/p>\n","protected":false},"author":1,"featured_media":0,"parent":5,"menu_order":0,"comment_status":"closed","ping_status":"closed","template":"","meta":{"footnotes":""},"class_list":["post-7","page","type-page","status-publish","hentry"],"aioseo_notices":[],"_links":{"self":[{"href":"https:\/\/trentoncorp.com\/fr\/wp-json\/wp\/v2\/pages\/7","targetHints":{"allow":["GET"]}}],"collection":[{"href":"https:\/\/trentoncorp.com\/fr\/wp-json\/wp\/v2\/pages"}],"about":[{"href":"https:\/\/trentoncorp.com\/fr\/wp-json\/wp\/v2\/types\/page"}],"author":[{"embeddable":true,"href":"https:\/\/trentoncorp.com\/fr\/wp-json\/wp\/v2\/users\/1"}],"replies":[{"embeddable":true,"href":"https:\/\/trentoncorp.com\/fr\/wp-json\/wp\/v2\/comments?post=7"}],"version-history":[{"count":0,"href":"https:\/\/trentoncorp.com\/fr\/wp-json\/wp\/v2\/pages\/7\/revisions"}],"up":[{"embeddable":true,"href":"https:\/\/trentoncorp.com\/fr\/wp-json\/wp\/v2\/pages\/5"}],"wp:attachment":[{"href":"https:\/\/trentoncorp.com\/fr\/wp-json\/wp\/v2\/media?parent=7"}],"curies":[{"name":"wp","href":"https:\/\/api.w.org\/{rel}","templated":true}]}}