{"id":678,"date":"2024-10-22T13:32:28","date_gmt":"2024-10-22T18:32:28","guid":{"rendered":"https:\/\/trentoncorp.com\/fr\/?page_id=678"},"modified":"2024-10-22T13:33:42","modified_gmt":"2024-10-22T18:33:42","slug":"pvc-outerwrap","status":"publish","type":"page","link":"https:\/\/trentoncorp.com\/fr\/produits\/revetements-exterieurs\/pvc-outerwrap\/","title":{"rendered":"PVC Outerwrap"},"content":{"rendered":"<h2>Bande ext\u00e9rieure pour am\u00e9liorer la protection m\u00e9canique et les propri\u00e9t\u00e9s de protection<\/h2>\n<p><strong>La bande PVC outerwrap<\/strong> de Trenton ne n\u00e9cessite aucune pr\u00e9paration sp\u00e9cifique de la surface et peut \u00eatre appliqu\u00e9e dans une grande vari\u00e9t\u00e9 de conditions environnementales. Elle est simplement enroul\u00e9e en spirale avec un recouvrement bande sur bande, sur le rev\u00eatement anticorrosion existant. Aucun outil sp\u00e9cial requis.<\/p>\n<h3><strong> Application : <\/strong><\/h3>\n<p>Les applications de rev\u00eatement de pipelines sujettes \u00e0 de fortes contraintes de sol ou \u00e0 des impacts m\u00e9caniques peuvent b\u00e9n\u00e9ficier de la protection d\u2019un rev\u00eatement ext\u00e9rieur suppl\u00e9mentaire. La bande PVC outerwrap de Trenton constitue une solution rentable qui offre une protection m\u00e9canique suppl\u00e9mentaire aux rev\u00eatements Wax-Tape\u00ae de Trenton.<\/p>\n<h3><strong>Caract\u00e9ristiques :<\/strong><\/h3>\n<ul>\n<li>Facile \u00e0 appliquer<\/li>\n<li>Aucun outil requis<\/li>\n<li>Protection m\u00e9canique durable<\/li>\n<li>Bonne r\u00e9sistance aux chocs<\/li>\n<li>Compatible avec de multiples rev\u00eatements<\/li>\n<\/ul>\n<h3><strong>Applications types :<\/strong><\/h3>\n<ul>\n<li>Protection m\u00e9canique suppl\u00e9mentaire pour :\n<ul>\n<li>Rev\u00eatements Wax-Tape\u00ae<\/li>\n<li>Autres rev\u00eatements de pipelines<\/li>\n<\/ul>\n<\/li>\n<\/ul>\n<h3><strong>Processus d\u2019application :<\/strong><\/h3>\n<ul>\n<li>La bande PVC Outerwrap est appliqu\u00e9e directement sur la surface du rev\u00eatement anticorrosion Wax-Tape\u00ae. Lorsque le rev\u00eatement ext\u00e9rieur s\u2019\u00e9tend au-del\u00e0 du rev\u00eatement Wax-Tape jusqu\u2019\u00e0 la surface de la canalisation, il est important de s\u2019assurer que la surface est propre et s\u00e8che au moment de l\u2019application.0<\/li>\n<li>Appliquer la face adh\u00e9sive\/collante de la bande Trenton PVC Outerwrap sur la surface \u00e0 recouvrir et commencer \u00e0 enrouler en exer\u00e7ant une tension pour assurer la conformabilit\u00e9 et l\u2019adh\u00e9rence au substrat.<\/li>\n<li>Le recouvrement entre chaque tour de bande doit \u00eatre d&rsquo;au moins 1 pouce ou plus selon la sp\u00e9cification technique du client. Le recouvrement sur le rev\u00eatement adjacent doit \u00eatre au moins 50mm (2&Prime;).<\/li>\n<\/ul>\n<h3><strong>Conditionnement : <\/strong><\/h3>\n<p>La bande PVC outerwrap Trenton est disponible en :<\/p>\n<ul>\n<li>\u00c9paisseur de 10 mil\n<ul>\n<li>\u00a0Rouleaux de 2 po x 100 pi (5 cm x 30,4 m)<br \/>\n(24 rouleaux\/carton)<\/li>\n<li>Rouleaux de 4 po x 100 pi (10 cm x 30,4 m)<br \/>\n(12 rouleaux\/carton)<\/li>\n<li>Rouleaux de 6 po x 100 pi (15 cm x 30,4 m)<br \/>\n(8 rouleaux\/carton)<\/li>\n<\/ul>\n<\/li>\n<li>\u00c9paisseur de 20 mil\n<ul>\n<li>Rouleaux de 2 po x 100 pi (5 cm x 30,4 m)<br \/>\n(24 rouleaux\/carton)<\/li>\n<li>Rouleaux de 4 po x 100 pi (10 cm x 30,4 m)<\/li>\n<li>(12 rouleaux\/carton)<\/li>\n<li>Rouleaux de 6 po x 100 pi (15 cm x 30,4 m)<br \/>\n(8 rouleaux\/carton)<\/li>\n<\/ul>\n<\/li>\n<\/ul>\n<h3><strong>Sant\u00e9 et s\u00e9curit\u00e9 :<\/strong><\/h3>\n<p>FDS disponible sur demande.<\/p>\n<h3><strong>Estimations de quantit\u00e9s :<\/strong><\/h3>\n<table>\n<thead>\n<tr>\n<td>Largeur de bande<\/td>\n<td>Rouleaux\/<br \/>\ncarton<\/td>\n<td>Surface par<br \/>\ncarton avec un<br \/>\nrecouvrement<br \/>\nd&rsquo;un pouce<\/td>\n<td>Surface par<br \/>\ncarton avec un<br \/>\nrecouvrement de<br \/>\n50%<\/td>\n<\/tr>\n<\/thead>\n<tbody>\n<tr>\n<td>2 po<\/td>\n<td>24 rouleaux\/carton<\/td>\n<td>360 pi. ca. \/ 33 m2<\/td>\n<td>200 pi. ca. \/ 20,6 m2<\/td>\n<\/tr>\n<tr>\n<td>4 po<\/td>\n<td>12 rouleaux\/carton<\/td>\n<td>360 pi. ca. \/ 33 m2<\/td>\n<td>200 pi. ca. \/ 20,6 m2<\/td>\n<\/tr>\n<tr>\n<td>6 po<\/td>\n<td>8 rouleaux\/carton<\/td>\n<td>360 pi. ca. \/ 33 m2<\/td>\n<td>200 pi. ca. \/ 20,6 m2<\/td>\n<\/tr>\n<\/tbody>\n<\/table>\n<h3><strong>Sp\u00e9cifications :<\/strong><\/h3>\n<p>Film de PVC avec un adh\u00e9sif en caoutchouc synth\u00e9tique<\/p>\n<table>\n<thead>\n<tr>\n<td><strong>Caract\u00e9ristiques<\/strong><\/td>\n<td><strong>Metric<\/strong><\/td>\n<td><strong>English<\/strong><\/td>\n<\/tr>\n<\/thead>\n<tbody>\n<tr>\n<td>\u00c9paisseur<\/td>\n<td>0,25 mm<br \/>\n0,50 mm<\/td>\n<td>10 mil<br \/>\n20 mil<\/td>\n<\/tr>\n<tr>\n<td>Adh\u00e9sion \u00e0 l\u2019acier :<\/td>\n<td>232 g\/cm<\/td>\n<td>20 oz\/in<\/td>\n<\/tr>\n<tr>\n<td>Force de traction :<\/td>\n<td>225 N\/50 mm<\/td>\n<td>25 lbs\/in<\/td>\n<\/tr>\n<tr>\n<td>\u00c9longation :<\/td>\n<td>200%<\/td>\n<td>200%<\/td>\n<\/tr>\n<tr>\n<td>R\u00e9sistance di\u00e9lectrique :<\/td>\n<td>40 kV\/mm<\/td>\n<td>1 kV\/mi<\/td>\n<\/tr>\n<tr>\n<td>Temp\u00e9rature maximale d\u2019op\u00e9ration :<\/td>\n<td>80\u00b0C<\/td>\n<td>176\u00b0F<\/td>\n<\/tr>\n<\/tbody>\n<\/table>\n<p style=\"text-align: left;\">\n","protected":false},"excerpt":{"rendered":"<p>Bande ext\u00e9rieure pour am\u00e9liorer la protection m\u00e9canique et les propri\u00e9t\u00e9s de protection La bande PVC outerwrap de Trenton ne n\u00e9cessite aucune pr\u00e9paration sp\u00e9cifique de la surface et peut \u00eatre appliqu\u00e9e dans une grande vari\u00e9t\u00e9 de conditions environnementales. Elle est simplement enroul\u00e9e en spirale avec un recouvrement bande sur bande, sur le rev\u00eatement anticorrosion existant. Aucun &hellip; <a href=\"https:\/\/trentoncorp.com\/fr\/produits\/revetements-exterieurs\/pvc-outerwrap\/\" class=\"more-link\">Continuer la lecture<span class=\"screen-reader-text\"> de &laquo;&nbsp;PVC Outerwrap&nbsp;&raquo;<\/span><\/a><\/p>\n","protected":false},"author":2,"featured_media":0,"parent":43,"menu_order":5,"comment_status":"closed","ping_status":"closed","template":"","meta":{"footnotes":""},"class_list":["post-678","page","type-page","status-publish","hentry"],"aioseo_notices":[],"_links":{"self":[{"href":"https:\/\/trentoncorp.com\/fr\/wp-json\/wp\/v2\/pages\/678","targetHints":{"allow":["GET"]}}],"collection":[{"href":"https:\/\/trentoncorp.com\/fr\/wp-json\/wp\/v2\/pages"}],"about":[{"href":"https:\/\/trentoncorp.com\/fr\/wp-json\/wp\/v2\/types\/page"}],"author":[{"embeddable":true,"href":"https:\/\/trentoncorp.com\/fr\/wp-json\/wp\/v2\/users\/2"}],"replies":[{"embeddable":true,"href":"https:\/\/trentoncorp.com\/fr\/wp-json\/wp\/v2\/comments?post=678"}],"version-history":[{"count":19,"href":"https:\/\/trentoncorp.com\/fr\/wp-json\/wp\/v2\/pages\/678\/revisions"}],"predecessor-version":[{"id":697,"href":"https:\/\/trentoncorp.com\/fr\/wp-json\/wp\/v2\/pages\/678\/revisions\/697"}],"up":[{"embeddable":true,"href":"https:\/\/trentoncorp.com\/fr\/wp-json\/wp\/v2\/pages\/43"}],"wp:attachment":[{"href":"https:\/\/trentoncorp.com\/fr\/wp-json\/wp\/v2\/media?parent=678"}],"curies":[{"name":"wp","href":"https:\/\/api.w.org\/{rel}","templated":true}]}}