{"id":66,"date":"2016-01-19T02:00:07","date_gmt":"2016-01-19T02:00:07","guid":{"rendered":"http:\/\/clients.radiantpunch.com\/trenton\/fr\/?page_id=66"},"modified":"2016-01-19T02:00:07","modified_gmt":"2016-01-19T02:00:07","slug":"short-stop","status":"publish","type":"page","link":"https:\/\/trentoncorp.com\/fr\/produits\/casing-filling\/short-stop\/","title":{"rendered":"Short-Stop"},"content":{"rendered":"<h3>Description<\/h3>\n<figure id=\"attachment_343\" aria-describedby=\"caption-attachment-343\" style=\"width: 233px\" class=\"wp-caption alignright\"><img loading=\"lazy\" decoding=\"async\" class=\"size-full wp-image-343\" src=\"\/wp-content\/uploads\/2016\/01\/Short-Stop_End_Insulator_02.jpg\" alt=\"Short-Stop being installed in a pipeline casing end\" width=\"233\" height=\"163\" \/><figcaption id=\"caption-attachment-343\" class=\"wp-caption-text\">Le Short-Stop est un isolateur en n\u00e9opr\u00e8ne sans \u00e9l\u00e9ments m\u00e9talliques facile \u00e0 installer; il se coupe pour convenir aux gaines de toutes tailles.<\/figcaption><\/figure>\n<p>L&rsquo;isolateur \u00e9lectrique d&rsquo;extr\u00e9mit\u00e9 de gaine Short Stop est fait de caoutchouc n\u00e9opr\u00e8ne r\u00e9sistant \u00e0 la compression; on l&rsquo;installe aux extr\u00e9mit\u00e9s des gaines. Outre ses propri\u00e9t\u00e9s di\u00e9lectriques, l&rsquo;isolateur Short Stop est r\u00e9sistant \u00e0 l&rsquo;huile, \u00e0 l&rsquo;eau, \u00e0 l&rsquo;ozone et aux produits chimiques. Il r\u00e9siste aussi \u00e0 une vaste plage de variation de temp\u00e9rature.<\/p>\n<h3>Utilisation<\/h3>\n<p>L&rsquo;isolateur d&rsquo;extr\u00e9mit\u00e9 Short Stop s&rsquo;installe aux extr\u00e9mit\u00e9s de la gaine, entre la conduite de transport et la gaine pour emp\u00eacher les courts-circuits de m\u00e9tal \u00e0 m\u00e9tal. Du fait de sa forme de plaque unique, il ne poss\u00e8de pas d&rsquo;\u00e9l\u00e9ments m\u00e9talliques qui pourraient provoquer des courts-circuits par la suite.<\/p>\n<h3>Proc\u00e9dure d&rsquo;application<\/h3>\n<p>Il faut d\u00e9barrasser la bague d&rsquo;extr\u00e9mit\u00e9 de la gaine de ses impuret\u00e9s. On sort ensuite si n\u00e9cessaire la conduite de la gaine. On place d\u00e9licatement l&rsquo;isolateur Short-Stop dans le fond de la gaine, perpendiculairement \u00e0 l&rsquo;axe longitudinal de la conduite. L&rsquo;isolateur doit sortir de l&rsquo;extr\u00e9mit\u00e9 de la gaine d&rsquo;environ 2,5 cm. On repose ensuite la conduite sur l&rsquo;isolateur Short Stop. On place ensuite un segment d&rsquo;isolateur suppl\u00e9mentaire au sommet de la conduite de transport.<\/p>\n<h3>Conditionnement<\/h3>\n<p>Les isolateurs Short Stop sont propos\u00e9s dans des \u00e9paisseurs de 1\/2 pouce et 1 pouce et coup\u00e9s \u00e0 la longueur requise. La largeur standard est de 6 pouces.<\/p>\n","protected":false},"excerpt":{"rendered":"<p>Description L&rsquo;isolateur \u00e9lectrique d&rsquo;extr\u00e9mit\u00e9 de gaine Short Stop est fait de caoutchouc n\u00e9opr\u00e8ne r\u00e9sistant \u00e0 la compression; on l&rsquo;installe aux extr\u00e9mit\u00e9s des gaines. Outre ses propri\u00e9t\u00e9s di\u00e9lectriques, l&rsquo;isolateur Short Stop est r\u00e9sistant \u00e0 l&rsquo;huile, \u00e0 l&rsquo;eau, \u00e0 l&rsquo;ozone et aux produits chimiques. Il r\u00e9siste aussi \u00e0 une vaste plage de variation de temp\u00e9rature. Utilisation L&rsquo;isolateur &hellip; <a href=\"https:\/\/trentoncorp.com\/fr\/produits\/casing-filling\/short-stop\/\" class=\"more-link\">Continuer la lecture<span class=\"screen-reader-text\"> de &laquo;&nbsp;Short-Stop&nbsp;&raquo;<\/span><\/a><\/p>\n","protected":false},"author":1,"featured_media":0,"parent":55,"menu_order":4,"comment_status":"closed","ping_status":"closed","template":"","meta":{"footnotes":""},"class_list":["post-66","page","type-page","status-publish","hentry"],"aioseo_notices":[],"_links":{"self":[{"href":"https:\/\/trentoncorp.com\/fr\/wp-json\/wp\/v2\/pages\/66","targetHints":{"allow":["GET"]}}],"collection":[{"href":"https:\/\/trentoncorp.com\/fr\/wp-json\/wp\/v2\/pages"}],"about":[{"href":"https:\/\/trentoncorp.com\/fr\/wp-json\/wp\/v2\/types\/page"}],"author":[{"embeddable":true,"href":"https:\/\/trentoncorp.com\/fr\/wp-json\/wp\/v2\/users\/1"}],"replies":[{"embeddable":true,"href":"https:\/\/trentoncorp.com\/fr\/wp-json\/wp\/v2\/comments?post=66"}],"version-history":[{"count":0,"href":"https:\/\/trentoncorp.com\/fr\/wp-json\/wp\/v2\/pages\/66\/revisions"}],"up":[{"embeddable":true,"href":"https:\/\/trentoncorp.com\/fr\/wp-json\/wp\/v2\/pages\/55"}],"wp:attachment":[{"href":"https:\/\/trentoncorp.com\/fr\/wp-json\/wp\/v2\/media?parent=66"}],"curies":[{"name":"wp","href":"https:\/\/api.w.org\/{rel}","templated":true}]}}