{"id":63,"date":"2016-01-19T01:59:41","date_gmt":"2016-01-19T01:59:41","guid":{"rendered":"http:\/\/clients.radiantpunch.com\/trenton\/fr\/?page_id=63"},"modified":"2016-10-31T13:03:37","modified_gmt":"2016-10-31T18:03:37","slug":"pre-con","status":"publish","type":"page","link":"https:\/\/trentoncorp.com\/fr\/produits\/casing-filling\/pre-con\/","title":{"rendered":"Pre-Con\u00ae"},"content":{"rendered":"<h3>Description<\/h3>\n<figure id=\"attachment_340\" aria-describedby=\"caption-attachment-340\" style=\"width: 233px\" class=\"wp-caption alignright\"><img loading=\"lazy\" decoding=\"async\" class=\"size-full wp-image-340\" src=\"\/wp-content\/uploads\/2016\/01\/precon.jpg\" alt=\"Pre-Con\u00ae being poured into casing through casing vent\" width=\"233\" height=\"163\" \/><figcaption id=\"caption-attachment-340\" class=\"wp-caption-text\">Le Pre-Con\u00ae est vers\u00e9 dans la gaine par un \u00e9vent.<\/figcaption><\/figure>\n<p>Le Pre-Con\u00ae est un produit liquide de traitement de l&rsquo;eau pour les gaines de pipelines. Il est compos\u00e9 d&rsquo;agents \u00ab\u00a0mouillants\u00a0\u00bb et filmants, d&rsquo;inhibiteurs de phase vapeur, d&rsquo;additifs alcalins et de produits de traitement antibact\u00e9riens.<\/p>\n<h3>Utilisation<\/h3>\n<p>Le Pre-Con est vers\u00e9 dans la gaine avant l&rsquo;injection du produit de remplissage Fill-Coat de Trenton. La m\u00e9thode d&rsquo;utilisation conjointe de ces deux produits est un processus brevet\u00e9 de la soci\u00e9t\u00e9 Trenton *. Le Pre-Con traite l&rsquo;eau accumul\u00e9e dans la gaine de sorte \u00e0 inhiber les petites quantit\u00e9s d&rsquo;eau \u00e9ventuellement pi\u00e9g\u00e9es apr\u00e8s l&rsquo;injection du produit de remplissage Fill-Coat et \u00e0 emp\u00eacher toute corrosion.<\/p>\n<h3>Proc\u00e9dure d&rsquo;application<\/h3>\n<p>Avant l&rsquo;op\u00e9ration de remplissage, le Pre-Con est vers\u00e9 directement dans la gaine par un \u00e9vent et se m\u00e9lange avec l&rsquo;eau accumul\u00e9e dans la gaine. La gaine peut ensuite \u00eatre remplie de Fill-Coat de Trenton.<\/p>\n<h3>Conditionnement<\/h3>\n<p>Le Pre-Con est conditionn\u00e9 dans des seaux de 4,55 litres ou livr\u00e9 en vrac sur le site lorsque des employ\u00e9s de Trenton injectent le produit de remplissage Fill-Coat.<\/p>\n<h3>Sp\u00e9cifications<\/h3>\n<table>\n<tbody>\n<tr>\n<td>Solubilit\u00e9 dans l&rsquo;eau<\/td>\n<td>100%<\/td>\n<\/tr>\n<tr>\n<td>Gravit\u00e9 sp\u00e9cifique<\/td>\n<td>1,13<\/td>\n<\/tr>\n<tr>\n<td>Couleur<\/td>\n<td>Ambre<\/td>\n<\/tr>\n<tr>\n<td>Point d&rsquo;\u00e9clair<\/td>\n<td>n\u00e9ant<\/td>\n<\/tr>\n<\/tbody>\n<\/table>\n","protected":false},"excerpt":{"rendered":"<p>Description Le Pre-Con\u00ae est un produit liquide de traitement de l&rsquo;eau pour les gaines de pipelines. Il est compos\u00e9 d&rsquo;agents \u00ab\u00a0mouillants\u00a0\u00bb et filmants, d&rsquo;inhibiteurs de phase vapeur, d&rsquo;additifs alcalins et de produits de traitement antibact\u00e9riens. Utilisation Le Pre-Con est vers\u00e9 dans la gaine avant l&rsquo;injection du produit de remplissage Fill-Coat de Trenton. La m\u00e9thode d&rsquo;utilisation &hellip; <a href=\"https:\/\/trentoncorp.com\/fr\/produits\/casing-filling\/pre-con\/\" class=\"more-link\">Continuer la lecture<span class=\"screen-reader-text\"> de &laquo;&nbsp;Pre-Con\u00ae&nbsp;&raquo;<\/span><\/a><\/p>\n","protected":false},"author":1,"featured_media":0,"parent":55,"menu_order":3,"comment_status":"closed","ping_status":"closed","template":"","meta":{"footnotes":""},"class_list":["post-63","page","type-page","status-publish","hentry"],"aioseo_notices":[],"_links":{"self":[{"href":"https:\/\/trentoncorp.com\/fr\/wp-json\/wp\/v2\/pages\/63","targetHints":{"allow":["GET"]}}],"collection":[{"href":"https:\/\/trentoncorp.com\/fr\/wp-json\/wp\/v2\/pages"}],"about":[{"href":"https:\/\/trentoncorp.com\/fr\/wp-json\/wp\/v2\/types\/page"}],"author":[{"embeddable":true,"href":"https:\/\/trentoncorp.com\/fr\/wp-json\/wp\/v2\/users\/1"}],"replies":[{"embeddable":true,"href":"https:\/\/trentoncorp.com\/fr\/wp-json\/wp\/v2\/comments?post=63"}],"version-history":[{"count":0,"href":"https:\/\/trentoncorp.com\/fr\/wp-json\/wp\/v2\/pages\/63\/revisions"}],"up":[{"embeddable":true,"href":"https:\/\/trentoncorp.com\/fr\/wp-json\/wp\/v2\/pages\/55"}],"wp:attachment":[{"href":"https:\/\/trentoncorp.com\/fr\/wp-json\/wp\/v2\/media?parent=63"}],"curies":[{"name":"wp","href":"https:\/\/api.w.org\/{rel}","templated":true}]}}