{"id":61,"date":"2016-01-19T01:59:14","date_gmt":"2016-01-19T01:59:14","guid":{"rendered":"http:\/\/clients.radiantpunch.com\/trenton\/fr\/?page_id=61"},"modified":"2020-10-09T10:50:00","modified_gmt":"2020-10-09T15:50:00","slug":"fill-coat-no-6","status":"publish","type":"page","link":"https:\/\/trentoncorp.com\/fr\/produits\/casing-filling\/fill-coat-no-6\/","title":{"rendered":"Fill-Coat N\u00ba 6"},"content":{"rendered":"<h3>Description<\/h3>\n<figure id=\"attachment_338\" aria-describedby=\"caption-attachment-338\" style=\"width: 233px\" class=\"wp-caption alignright\"><img loading=\"lazy\" decoding=\"async\" class=\"size-full wp-image-338\" src=\"\/wp-content\/uploads\/2016\/01\/fill-coat-6.jpg\" alt=\"Fill-Coat #6 installation by portable air powered mastic pump\" width=\"233\" height=\"163\" \/><figcaption id=\"caption-attachment-338\" class=\"wp-caption-text\">Le Fill-Coat N\u00ba 6 peut \u00eatre inject\u00e9 par diverses pompes \u00e0 piston pneumatiques portables. Le mat\u00e9riau est pomp\u00e9 dans l&rsquo;espace annulaire de la gaine jusqu&rsquo;\u00e0 ce que celle-ci soit pleine.<\/figcaption><\/figure>\n<p>Le Fill-Coat N\u00ba 6 est un produit de remplissage \u00e0 froid\/base p\u00e9troleum haute temp\u00e9rature pour gaines qui peut \u00eatre inject\u00e9 \u00e0 temp\u00e9rature ambiante \u00e0 partir de 10 \u00b0C avec une pompe portable. Ce produit est utilis\u00e9 dans les gaines de cul\u00e9e de pont, et peut \u00eatre utilis\u00e9 dans des gaines soumises \u00e0 des temp\u00e9ratures \u00e9lev\u00e9es.<\/p>\n<h3>Utilisation<\/h3>\n<p>Le Fill-Coat N\u00ba 6 est utilis\u00e9 pour remplir les gaines de cul\u00e9e de pont de distribution de gaz. Il emp\u00eache la corrosion en remplissant l&rsquo;espace annulaire de la gaine. L&rsquo;eau ne peux pas rentrer \u00e0 nouveau dans la gaine de la distribution gaz. Les applications comprennent \u00e9galement les fourreaux ext\u00e9rieurs (comme les gaines de cul\u00e9e de pont).<\/p>\n<h3>Proc\u00e9dure d&rsquo;application<\/h3>\n<p>Le Fill-Coat N\u00ba 6 peut \u00eatre inject\u00e9 avec diverses pompes \u00e0 piston pneumatiques portables (d&rsquo;une capacit\u00e9 de 4,5, 22,5 ou 227 litres). Le produit est pomp\u00e9 dans l&rsquo;espace annulaire de la gaine jusqu&rsquo;\u00e0 ce que celle-ci soit pleine. Les extr\u00e9mit\u00e9s de la gaine peuvent \u00eatre \u00e9tanch\u00e9s avec du Fill-Putty de Trenton, du Wax-Tape N\u00ba 2 de Trenton ou un produit de charge \u00e9poxy une fois qu&rsquo;elle est pleine.<\/p>\n<h3>Conditionnement<\/h3>\n<p>F\u00fbts de 208 litres<\/p>\n<h3>Avantages<\/h3>\n<ul>\n<li>Ne fond pas<\/li>\n<li>Anticorrosion<\/li>\n<li>R\u00e9sistant \u00e0 l&rsquo;eau<\/li>\n<li>Di\u00e9lectrique<\/li>\n<li>Inerte<\/li>\n<li>Non toxique<\/li>\n<li>Ininflammable<\/li>\n<li>Pliable<\/li>\n<\/ul>\n<h3>Sp\u00e9cifications<\/h3>\n<table>\n<tbody>\n<tr>\n<td>Point d&rsquo;\u00e9clair<\/td>\n<td>ASTM D92 sup\u00e9rieur \u00e0 149 \u00b0C<br \/>\n177 \u00b0C minimum<\/td>\n<\/tr>\n<tr>\n<td>Gravit\u00e9 sp\u00e9cifique<\/td>\n<td>0,946<\/td>\n<\/tr>\n<tr>\n<td>Plage de temp\u00e9rature<\/td>\n<td>-1 \u00e0 107 \u00b0C<\/td>\n<\/tr>\n<tr>\n<td>Couleur<\/td>\n<td>Brun fonc\u00e9<\/td>\n<\/tr>\n<tr>\n<td>Consistance<\/td>\n<td>Graisseuse<\/td>\n<\/tr>\n<tr>\n<td>R\u00e9sistance di\u00e9lectrique<\/td>\n<td>Sup\u00e9rieure \u00e0 100 volts par mil<\/td>\n<\/tr>\n<tr>\n<td>Densit\u00e9<\/td>\n<td>ASTM D1475 0,788 kg\/litre<\/td>\n<\/tr>\n<\/tbody>\n<\/table>\n","protected":false},"excerpt":{"rendered":"<p>Description Le Fill-Coat N\u00ba 6 est un produit de remplissage \u00e0 froid\/base p\u00e9troleum haute temp\u00e9rature pour gaines qui peut \u00eatre inject\u00e9 \u00e0 temp\u00e9rature ambiante \u00e0 partir de 10 \u00b0C avec une pompe portable. Ce produit est utilis\u00e9 dans les gaines de cul\u00e9e de pont, et peut \u00eatre utilis\u00e9 dans des gaines soumises \u00e0 des temp\u00e9ratures &hellip; <a href=\"https:\/\/trentoncorp.com\/fr\/produits\/casing-filling\/fill-coat-no-6\/\" class=\"more-link\">Continuer la lecture<span class=\"screen-reader-text\"> de &laquo;&nbsp;Fill-Coat N\u00ba 6&nbsp;&raquo;<\/span><\/a><\/p>\n","protected":false},"author":1,"featured_media":0,"parent":55,"menu_order":2,"comment_status":"closed","ping_status":"closed","template":"","meta":{"footnotes":""},"class_list":["post-61","page","type-page","status-publish","hentry"],"aioseo_notices":[],"_links":{"self":[{"href":"https:\/\/trentoncorp.com\/fr\/wp-json\/wp\/v2\/pages\/61","targetHints":{"allow":["GET"]}}],"collection":[{"href":"https:\/\/trentoncorp.com\/fr\/wp-json\/wp\/v2\/pages"}],"about":[{"href":"https:\/\/trentoncorp.com\/fr\/wp-json\/wp\/v2\/types\/page"}],"author":[{"embeddable":true,"href":"https:\/\/trentoncorp.com\/fr\/wp-json\/wp\/v2\/users\/1"}],"replies":[{"embeddable":true,"href":"https:\/\/trentoncorp.com\/fr\/wp-json\/wp\/v2\/comments?post=61"}],"version-history":[{"count":0,"href":"https:\/\/trentoncorp.com\/fr\/wp-json\/wp\/v2\/pages\/61\/revisions"}],"up":[{"embeddable":true,"href":"https:\/\/trentoncorp.com\/fr\/wp-json\/wp\/v2\/pages\/55"}],"wp:attachment":[{"href":"https:\/\/trentoncorp.com\/fr\/wp-json\/wp\/v2\/media?parent=61"}],"curies":[{"name":"wp","href":"https:\/\/api.w.org\/{rel}","templated":true}]}}