{"id":59,"date":"2016-01-19T01:58:09","date_gmt":"2016-01-19T01:58:09","guid":{"rendered":"http:\/\/clients.radiantpunch.com\/trenton\/fr\/?page_id=59"},"modified":"2016-01-19T01:58:09","modified_gmt":"2016-01-19T01:58:09","slug":"fill-coat-no-2","status":"publish","type":"page","link":"https:\/\/trentoncorp.com\/fr\/produits\/casing-filling\/fill-coat-no-2\/","title":{"rendered":"Fill-Coat N\u00ba 2"},"content":{"rendered":"<h3>Description<\/h3>\n<figure id=\"attachment_332\" aria-describedby=\"caption-attachment-332\" style=\"width: 233px\" class=\"wp-caption alignright\"><img loading=\"lazy\" decoding=\"async\" class=\"size-full wp-image-332\" src=\"\/wp-content\/uploads\/2016\/01\/FC2.jpg\" alt=\"Fill-Coat #2 being pumped by air-driven mastic pump\" width=\"233\" height=\"163\" \/><figcaption id=\"caption-attachment-332\" class=\"wp-caption-text\">Le Fill-Coat N\u00ba 2 est inject\u00e9 par une pompe \u00e0 piston pneumatique du f\u00fbts de 200 litres dans un \u00e9vent de la gaine.<\/figcaption><\/figure>\n<p>Le Fill-Coat N\u00ba 2 est con\u00e7u pour \u00eatre inject\u00e9 \u00e0 froid \u00e0 partir d&rsquo;un f\u00fbt de 250 litres pour r\u00e9pondre aux besoins des petits travaux. Il conserve une consistance de gel ferme aux temp\u00e9ratures commun\u00e9ment pr\u00e9sentes dans les pipelines en service normaux.<\/p>\n<h3>Utilisation<\/h3>\n<p>Le Fill-Coat N\u00ba 2 est utilis\u00e9 pour remplir l&rsquo;espace annulaire entre la gaine des pipelines et la conduite de transport. Il repousse l\u2019eau qui peut \u00eatre pr\u00e9sente et l&#8217;emp\u00eache de p\u00e9n\u00e9trer \u00e0 nouveau, r\u00e9duisant ainsi la corrosion.<\/p>\n<h3>Proc\u00e9dure d&rsquo;application<\/h3>\n<p>Le Fill-Coat N\u00ba 2 est transport\u00e9 directement sur le site dans des f\u00fbts de 200 litres et pomp\u00e9 (\u00e0 une temp\u00e9rature sup\u00e9rieure \u00e0 13 \u00b0C) par une pompe \u00e0 piston pneumatique directement dans un \u00e9vent de la gaine jusqu&rsquo;\u00e0 ce qu&rsquo;il s&rsquo;\u00e9coule par l&rsquo;\u00e9vent oppos\u00e9. Le Fill-Coat N\u00ba 2 peut \u00eatre chauff\u00e9 et pomp\u00e9 sous forme liquide si on le souhaite. Une pompe \u00e0 piston d&rsquo;un rapport de 10\/1 avec un plateau suiveur peut \u00eatre lou\u00e9e chez Trenton.<\/p>\n<h3>Sp\u00e9cifications<\/h3>\n<table>\n<tbody>\n<tr>\n<td>Couleur<\/td>\n<td>Brun fonc\u00e9<\/td>\n<\/tr>\n<tr>\n<td>Gravit\u00e9 sp\u00e9cifique \u00e0 25 \u00b0C<\/td>\n<td>.80 \u00e0 .90<\/td>\n<\/tr>\n<tr>\n<td>Point d&rsquo;\u00e9coulement<\/td>\n<td>27 \u00e0 38 \u00b0C<\/td>\n<\/tr>\n<tr>\n<td>Point d&rsquo;\u00e9clair<\/td>\n<td>149 \u00b0C<\/td>\n<\/tr>\n<\/tbody>\n<\/table>\n<h3>Conditionnement<\/h3>\n<p>F\u00fbts de 200 litres<\/p>\n<h3>Avantages<\/h3>\n<ul>\n<li>Emp\u00eache la corrosion galvanique et atmosph\u00e9rique dans les gaines<\/li>\n<li>Repousse l&rsquo;eau et emp\u00eache sa r\u00e9introduction dans les gaines<\/li>\n<li>R\u00e9pond aux exigences du DOT pour les gaines en court-circuit<\/li>\n<li>La conduite de transport peut \u00eatre retir\u00e9e<\/li>\n<li>Inerte, sans danger e non volatile<\/li>\n<li>Peut \u00eatre pomp\u00e9 au-dessus de 13 \u00b0C sans chauffage<\/li>\n<li>Economique pour les faibles volumes<\/li>\n<\/ul>\n<h3>Quantites Necessaires<\/h3>\n<table>\n<thead>\n<tr>\n<td>Taille de conduite x gaine<br \/>\n(en pouces)<\/td>\n<td>Litres\/m\u00e8tre<\/td>\n<\/tr>\n<\/thead>\n<tbody>\n<tr>\n<td>4 x 8<\/td>\n<td>26,8<\/td>\n<\/tr>\n<tr>\n<td>6 x 10<\/td>\n<td>34,2<\/td>\n<\/tr>\n<tr>\n<td>8 x 12<\/td>\n<td>44,7<\/td>\n<\/tr>\n<tr>\n<td>10 x 14<\/td>\n<td>37,3<\/td>\n<\/tr>\n<tr>\n<td>12 x 16<\/td>\n<td>43,2<\/td>\n<\/tr>\n<tr>\n<td>14 x 20<\/td>\n<td>107,3<\/td>\n<\/tr>\n<tr>\n<td>16 x 20<\/td>\n<td>71,5<\/td>\n<\/tr>\n<tr>\n<td>20 x 24<\/td>\n<td>87,9<\/td>\n<\/tr>\n<tr>\n<td>22 x 26<\/td>\n<td>89,4<\/td>\n<\/tr>\n<tr>\n<td>24 x 30<\/td>\n<td>169,9<\/td>\n<\/tr>\n<tr>\n<td>26 x 30<\/td>\n<td>108,8<\/td>\n<\/tr>\n<tr>\n<td>30 x 34<\/td>\n<td>123,7<\/td>\n<\/tr>\n<tr>\n<td>30 x 36<\/td>\n<td>210,1<\/td>\n<\/tr>\n<tr>\n<td>36 x 42<\/td>\n<td>244,4<\/td>\n<\/tr>\n<\/tbody>\n<\/table>\n","protected":false},"excerpt":{"rendered":"<p>Description Le Fill-Coat N\u00ba 2 est con\u00e7u pour \u00eatre inject\u00e9 \u00e0 froid \u00e0 partir d&rsquo;un f\u00fbt de 250 litres pour r\u00e9pondre aux besoins des petits travaux. Il conserve une consistance de gel ferme aux temp\u00e9ratures commun\u00e9ment pr\u00e9sentes dans les pipelines en service normaux. Utilisation Le Fill-Coat N\u00ba 2 est utilis\u00e9 pour remplir l&rsquo;espace annulaire entre &hellip; <a href=\"https:\/\/trentoncorp.com\/fr\/produits\/casing-filling\/fill-coat-no-2\/\" class=\"more-link\">Continuer la lecture<span class=\"screen-reader-text\"> de &laquo;&nbsp;Fill-Coat N\u00ba 2&nbsp;&raquo;<\/span><\/a><\/p>\n","protected":false},"author":1,"featured_media":0,"parent":55,"menu_order":1,"comment_status":"closed","ping_status":"closed","template":"","meta":{"footnotes":""},"class_list":["post-59","page","type-page","status-publish","hentry"],"aioseo_notices":[],"_links":{"self":[{"href":"https:\/\/trentoncorp.com\/fr\/wp-json\/wp\/v2\/pages\/59","targetHints":{"allow":["GET"]}}],"collection":[{"href":"https:\/\/trentoncorp.com\/fr\/wp-json\/wp\/v2\/pages"}],"about":[{"href":"https:\/\/trentoncorp.com\/fr\/wp-json\/wp\/v2\/types\/page"}],"author":[{"embeddable":true,"href":"https:\/\/trentoncorp.com\/fr\/wp-json\/wp\/v2\/users\/1"}],"replies":[{"embeddable":true,"href":"https:\/\/trentoncorp.com\/fr\/wp-json\/wp\/v2\/comments?post=59"}],"version-history":[{"count":0,"href":"https:\/\/trentoncorp.com\/fr\/wp-json\/wp\/v2\/pages\/59\/revisions"}],"up":[{"embeddable":true,"href":"https:\/\/trentoncorp.com\/fr\/wp-json\/wp\/v2\/pages\/55"}],"wp:attachment":[{"href":"https:\/\/trentoncorp.com\/fr\/wp-json\/wp\/v2\/media?parent=59"}],"curies":[{"name":"wp","href":"https:\/\/api.w.org\/{rel}","templated":true}]}}