{"id":55,"date":"2016-01-19T01:56:18","date_gmt":"2016-01-19T01:56:18","guid":{"rendered":"http:\/\/clients.radiantpunch.com\/trenton\/fr\/?page_id=55"},"modified":"2016-01-19T01:56:18","modified_gmt":"2016-01-19T01:56:18","slug":"casing-filling","status":"publish","type":"page","link":"https:\/\/trentoncorp.com\/fr\/produits\/casing-filling\/","title":{"rendered":"Produits de remplissage pour gaines"},"content":{"rendered":"<p><img loading=\"lazy\" decoding=\"async\" class=\"alignright size-full wp-image-321\" src=\"\/wp-content\/uploads\/2016\/01\/Casing-Fill-BigRed.jpg\" alt=\"Big red truck carrying casing filling\" width=\"233\" height=\"163\" \/>De l&rsquo;eau ou de la vapeur d&rsquo;eau est pr\u00e9sente dans la plupart des gaines de pipelines, rendant possible la corrosion galvanique sur les pipelines. Il peut aussi se produire un \u00ab\u00a0court-circuit hydraulique\u00a0\u00bb \u00e0 travers l&rsquo;eau contenue dans la gaine, le courant cathodique pouvant traverser l&rsquo;eau et atteindre la conduite dans la gaine. Dans ces circonstances, le courant cathodique augmente et la gaine est \u00e9galement endommag\u00e9e. Les produits de remplissage pour gaines \u00e9vitent ce ph\u00e9nom\u00e8ne. En outre, dans certaines circonstances, la conduite peut toucher la gaine directement avec un contact m\u00e9tal sur m\u00e9tal ; dans certains cas, le remplissage de la gaine peut corriger cette situation. Dans tous les cas, il est difficile, voire impossible, d&rsquo;assurer la protection cathodique de la conduite dans la gaine, de sorte que le remplissage de la gaine prot\u00e8ge la conduite contre la corrosion quelles que soient les circonstances.<\/p>\n<h3>Produits:<\/h3>\n<ul class=\"arrow-list\">\n<li><strong><a href=\"\/fr\/produits\/casing-filling\/fill-coat-no-1\/\">Fill-Coat N\u00ba 1<\/a><\/strong><\/li>\n<li><strong><a href=\"\/fr\/produits\/casing-filling\/fill-coat-no-2\/\">Fill-Coat N\u00ba 2<\/a><\/strong><\/li>\n<li><strong><a href=\"\/fr\/produits\/casing-filling\/fill-coat-no-6\/\">Fill-Coat N\u00ba 6<\/a><\/strong><\/li>\n<li><strong><a href=\"\/fr\/produits\/casing-filling\/pre-con\/\">Pre-Con<\/a><\/strong><\/li>\n<li><strong><a href=\"\/fr\/produits\/casing-filling\/short-stop\/\">Short-Stop<\/a><\/strong><\/li>\n<\/ul>\n","protected":false},"excerpt":{"rendered":"<p>De l&rsquo;eau ou de la vapeur d&rsquo;eau est pr\u00e9sente dans la plupart des gaines de pipelines, rendant possible la corrosion galvanique sur les pipelines. Il peut aussi se produire un \u00ab\u00a0court-circuit hydraulique\u00a0\u00bb \u00e0 travers l&rsquo;eau contenue dans la gaine, le courant cathodique pouvant traverser l&rsquo;eau et atteindre la conduite dans la gaine. Dans ces circonstances, &hellip; <a href=\"https:\/\/trentoncorp.com\/fr\/produits\/casing-filling\/\" class=\"more-link\">Continuer la lecture<span class=\"screen-reader-text\"> de &laquo;&nbsp;Produits de remplissage pour gaines&nbsp;&raquo;<\/span><\/a><\/p>\n","protected":false},"author":1,"featured_media":0,"parent":11,"menu_order":4,"comment_status":"closed","ping_status":"closed","template":"","meta":{"footnotes":""},"class_list":["post-55","page","type-page","status-publish","hentry"],"aioseo_notices":[],"_links":{"self":[{"href":"https:\/\/trentoncorp.com\/fr\/wp-json\/wp\/v2\/pages\/55","targetHints":{"allow":["GET"]}}],"collection":[{"href":"https:\/\/trentoncorp.com\/fr\/wp-json\/wp\/v2\/pages"}],"about":[{"href":"https:\/\/trentoncorp.com\/fr\/wp-json\/wp\/v2\/types\/page"}],"author":[{"embeddable":true,"href":"https:\/\/trentoncorp.com\/fr\/wp-json\/wp\/v2\/users\/1"}],"replies":[{"embeddable":true,"href":"https:\/\/trentoncorp.com\/fr\/wp-json\/wp\/v2\/comments?post=55"}],"version-history":[{"count":0,"href":"https:\/\/trentoncorp.com\/fr\/wp-json\/wp\/v2\/pages\/55\/revisions"}],"up":[{"embeddable":true,"href":"https:\/\/trentoncorp.com\/fr\/wp-json\/wp\/v2\/pages\/11"}],"wp:attachment":[{"href":"https:\/\/trentoncorp.com\/fr\/wp-json\/wp\/v2\/media?parent=55"}],"curies":[{"name":"wp","href":"https:\/\/api.w.org\/{rel}","templated":true}]}}