{"id":53,"date":"2016-01-19T01:54:14","date_gmt":"2016-01-19T01:54:14","guid":{"rendered":"http:\/\/clients.radiantpunch.com\/trenton\/fr\/?page_id=53"},"modified":"2016-01-19T01:54:14","modified_gmt":"2016-01-19T01:54:14","slug":"glas-wrap","status":"publish","type":"page","link":"https:\/\/trentoncorp.com\/fr\/produits\/revetements-exterieurs\/glas-wrap\/","title":{"rendered":"Glas-Wrap"},"content":{"rendered":"<h3>Description<\/h3>\n<p>Le Glas-Wrap est un tissu de fibre de verre blanc rev\u00eatu de r\u00e9sine.<\/p>\n<h3>Utilisation<\/h3>\n<p>Rev\u00eatement ext\u00e9rieur pour prot\u00e9ger le Wax-Tape N\u00ba 1 de Trenton au remblaiement.<\/p>\n<h3>Application<\/h3>\n<p>Avec des gants, appliquer le Glas-Wrap sur le Wax-Tape N\u00ba 1 avec un chevauchement de 2,5 cm, en frottant fortement sur le Wax-Tape.<\/p>\n<h3>Sp\u00e9cifications<\/h3>\n<table>\n<tbody>\n<tr>\n<td>R\u00e9sistance \u00e0 la traction (par pouce de largeur)<\/td>\n<td>38 kg minimum<\/td>\n<\/tr>\n<tr>\n<td colspan=\"2\"><strong>Nombre de fils par pouce<\/strong><\/td>\n<\/tr>\n<tr>\n<td>Fils de cha\u00eene<\/td>\n<td>20<\/td>\n<\/tr>\n<tr>\n<td>Fils de garnissage<\/td>\n<td>10<\/td>\n<\/tr>\n<tr>\n<td>Epaisseur<\/td>\n<td>0,127 mm<\/td>\n<\/tr>\n<tr>\n<td>Couleur<\/td>\n<td>Blanc<\/td>\n<\/tr>\n<\/tbody>\n<\/table>\n<h3>Conditionnement<\/h3>\n<p>Rouleaux de 10,16 cm x 45,72 m (18\/carton)<br \/>\nRouleaux de 15,24 cm x 45,72 m (12\/carton)<br \/>\nRouleaux de 30,48 cm x 45,72 m (6\/carton)<br \/>\n83,6 m\u00b2 par carton, 5,9 kg par carton<\/p>\n","protected":false},"excerpt":{"rendered":"<p>Description Le Glas-Wrap est un tissu de fibre de verre blanc rev\u00eatu de r\u00e9sine. Utilisation Rev\u00eatement ext\u00e9rieur pour prot\u00e9ger le Wax-Tape N\u00ba 1 de Trenton au remblaiement. Application Avec des gants, appliquer le Glas-Wrap sur le Wax-Tape N\u00ba 1 avec un chevauchement de 2,5 cm, en frottant fortement sur le Wax-Tape. Sp\u00e9cifications R\u00e9sistance \u00e0 la &hellip; <a href=\"https:\/\/trentoncorp.com\/fr\/produits\/revetements-exterieurs\/glas-wrap\/\" class=\"more-link\">Continuer la lecture<span class=\"screen-reader-text\"> de &laquo;&nbsp;Glas-Wrap&nbsp;&raquo;<\/span><\/a><\/p>\n","protected":false},"author":1,"featured_media":0,"parent":43,"menu_order":4,"comment_status":"closed","ping_status":"closed","template":"","meta":{"footnotes":""},"class_list":["post-53","page","type-page","status-publish","hentry"],"aioseo_notices":[],"_links":{"self":[{"href":"https:\/\/trentoncorp.com\/fr\/wp-json\/wp\/v2\/pages\/53","targetHints":{"allow":["GET"]}}],"collection":[{"href":"https:\/\/trentoncorp.com\/fr\/wp-json\/wp\/v2\/pages"}],"about":[{"href":"https:\/\/trentoncorp.com\/fr\/wp-json\/wp\/v2\/types\/page"}],"author":[{"embeddable":true,"href":"https:\/\/trentoncorp.com\/fr\/wp-json\/wp\/v2\/users\/1"}],"replies":[{"embeddable":true,"href":"https:\/\/trentoncorp.com\/fr\/wp-json\/wp\/v2\/comments?post=53"}],"version-history":[{"count":0,"href":"https:\/\/trentoncorp.com\/fr\/wp-json\/wp\/v2\/pages\/53\/revisions"}],"up":[{"embeddable":true,"href":"https:\/\/trentoncorp.com\/fr\/wp-json\/wp\/v2\/pages\/43"}],"wp:attachment":[{"href":"https:\/\/trentoncorp.com\/fr\/wp-json\/wp\/v2\/media?parent=53"}],"curies":[{"name":"wp","href":"https:\/\/api.w.org\/{rel}","templated":true}]}}