{"id":51,"date":"2016-01-19T01:52:46","date_gmt":"2016-01-19T01:52:46","guid":{"rendered":"http:\/\/clients.radiantpunch.com\/trenton\/fr\/?page_id=51"},"modified":"2016-01-19T01:52:46","modified_gmt":"2016-01-19T01:52:46","slug":"poly-ply","status":"publish","type":"page","link":"https:\/\/trentoncorp.com\/fr\/produits\/revetements-exterieurs\/poly-ply\/","title":{"rendered":"Poly-Ply"},"content":{"rendered":"<h3>Description<\/h3>\n<figure id=\"attachment_316\" aria-describedby=\"caption-attachment-316\" style=\"width: 233px\" class=\"wp-caption alignright\"><img loading=\"lazy\" decoding=\"async\" class=\"size-full wp-image-316\" src=\"\/wp-content\/uploads\/2016\/01\/Poly-Ply.jpg\" alt=\"Trenton Poly-Ply applied to a pipeline\" width=\"233\" height=\"163\" \/><figcaption id=\"caption-attachment-316\" class=\"wp-caption-text\">Le Poly-Ply est un rev\u00eatement en plastique multicouche. Il contribue \u00e0 maintenir une s\u00e9paration entre le rev\u00eatement et le sol.<\/figcaption><\/figure>\n<p>Le rev\u00eatement plastique Poly-Ply est constitu\u00e9 de trois couches de 0,0127 mm de chlorure de polyvinyle transparent tr\u00e8s adh\u00e9rent, lamin\u00e9es ensemble pour former une feuille unique. Il constitue une barri\u00e8re m\u00e9canique et \u00e9lectrique sur le Temcoat ou le Wax-Tape N\u00ba 1 tout en restant suffisamment flexible pour s&rsquo;adapter aux surfaces irr\u00e9guli\u00e8res. Il est inerte, ne se d\u00e9t\u00e9riore pas et r\u00e9siste aux produits chimiques et aux bact\u00e9ries commun\u00e9ment pr\u00e9sents dans le sol.<\/p>\n<h3>Utilisation<\/h3>\n<p>Rev\u00eatement sur le Temcoat appliqu\u00e9 \u00e0 froid sur des conduites droites et des surfaces m\u00e9talliques irr\u00e9guli\u00e8res comme les t\u00e9s et les accouplements.<\/p>\n<h3>Proc\u00e9dure d&rsquo;application<\/h3>\n<p>Appliquer le Temcoat et enrouler le Poly-Ply par dessus. Une seconde couche de Temcoat peut ensuite \u00eatre appliqu\u00e9e sur le Poly-Ply pour une meilleure protection.<\/p>\n<h3>Conditionnement<\/h3>\n<p>Rouleaux sans mandrin emball\u00e9s dans des cartons contenant 41,8 m\u00b2<br \/>\nRouleaux de 10,16 cm x 15,24 m (27 rouleaux\/carton)<br \/>\nRouleaux de 15,24 cm x 15,24 m (18 rouleaux\/carton)<br \/>\nRouleaux de 22,86 cm x 15,24 m (12 rouleaux\/carton)<br \/>\nRouleaux de 30,48 cm x 15,24 m (9 rouleaux\/carton)<br \/>\nLargeurs de 45,72 cm et 91,44 cm disponibles sur demande.<\/p>\n<h3>Sp\u00e9cifications<\/h3>\n<table>\n<tbody>\n<tr>\n<td>Couleur<\/td>\n<td>Transparent<\/td>\n<\/tr>\n<tr>\n<td>Epaisseur<\/td>\n<td>0,0381 mm<\/td>\n<\/tr>\n<tr>\n<td>R\u00e9sistance di\u00e9lectrique<\/td>\n<td>78 kV\/mm<\/td>\n<\/tr>\n<tr>\n<td>Absorption d&rsquo;eau<\/td>\n<td>n\u00e9gligeable<\/td>\n<\/tr>\n<\/tbody>\n<\/table>\n<h3>Avantages<\/h3>\n<ul>\n<li>Triple couche pour une plus grande r\u00e9sistance m\u00e9canique<\/li>\n<li>Forte r\u00e9sistance di\u00e9lectrique<\/li>\n<li>S&rsquo;adapte aux formes irr\u00e9guli\u00e8res<\/li>\n<li>Compos\u00e9 de plastique inerte qui ne se d\u00e9t\u00e9riore pas<\/li>\n<li>R\u00e9sistant aux produits chimiques et aux bact\u00e9ries<\/li>\n<li>Rouleaux d&rsquo;une taille commode<\/li>\n<li>Relativement bon march\u00e9<\/li>\n<\/ul>\n","protected":false},"excerpt":{"rendered":"<p>Description Le rev\u00eatement plastique Poly-Ply est constitu\u00e9 de trois couches de 0,0127 mm de chlorure de polyvinyle transparent tr\u00e8s adh\u00e9rent, lamin\u00e9es ensemble pour former une feuille unique. Il constitue une barri\u00e8re m\u00e9canique et \u00e9lectrique sur le Temcoat ou le Wax-Tape N\u00ba 1 tout en restant suffisamment flexible pour s&rsquo;adapter aux surfaces irr\u00e9guli\u00e8res. Il est inerte, &hellip; <a href=\"https:\/\/trentoncorp.com\/fr\/produits\/revetements-exterieurs\/poly-ply\/\" class=\"more-link\">Continuer la lecture<span class=\"screen-reader-text\"> de &laquo;&nbsp;Poly-Ply&nbsp;&raquo;<\/span><\/a><\/p>\n","protected":false},"author":1,"featured_media":0,"parent":43,"menu_order":3,"comment_status":"closed","ping_status":"closed","template":"","meta":{"footnotes":""},"class_list":["post-51","page","type-page","status-publish","hentry"],"aioseo_notices":[],"_links":{"self":[{"href":"https:\/\/trentoncorp.com\/fr\/wp-json\/wp\/v2\/pages\/51","targetHints":{"allow":["GET"]}}],"collection":[{"href":"https:\/\/trentoncorp.com\/fr\/wp-json\/wp\/v2\/pages"}],"about":[{"href":"https:\/\/trentoncorp.com\/fr\/wp-json\/wp\/v2\/types\/page"}],"author":[{"embeddable":true,"href":"https:\/\/trentoncorp.com\/fr\/wp-json\/wp\/v2\/users\/1"}],"replies":[{"embeddable":true,"href":"https:\/\/trentoncorp.com\/fr\/wp-json\/wp\/v2\/comments?post=51"}],"version-history":[{"count":0,"href":"https:\/\/trentoncorp.com\/fr\/wp-json\/wp\/v2\/pages\/51\/revisions"}],"up":[{"embeddable":true,"href":"https:\/\/trentoncorp.com\/fr\/wp-json\/wp\/v2\/pages\/43"}],"wp:attachment":[{"href":"https:\/\/trentoncorp.com\/fr\/wp-json\/wp\/v2\/media?parent=51"}],"curies":[{"name":"wp","href":"https:\/\/api.w.org\/{rel}","templated":true}]}}