{"id":5,"date":"2016-01-19T01:39:10","date_gmt":"2016-01-19T01:39:10","guid":{"rendered":"http:\/\/clients.radiantpunch.com\/trenton\/fr\/?page_id=5"},"modified":"2016-01-19T01:39:10","modified_gmt":"2016-01-19T01:39:10","slug":"notre-societe","status":"publish","type":"page","link":"https:\/\/trentoncorp.com\/fr\/notre-societe\/","title":{"rendered":"Notre soci\u00e9t\u00e9"},"content":{"rendered":"<h2>DEPUIS 1949, LA SOCIETE TRENTON CORPORATION A ETE LE PIONNIER DU DEVELOPPEMENT DE PRODUITS ANTICORROSION A BASE DE CIRE.<\/h2>\n<p><img loading=\"lazy\" decoding=\"async\" class=\"alignright size-full wp-image-154\" src=\"\/wp-content\/uploads\/2016\/01\/our-company.jpg\" alt=\"City skyline\" width=\"233\" height=\"163\" \/>La soci\u00e9t\u00e9 Trenton propose d&rsquo;excellents mat\u00e9riaux anticorrosion destin\u00e9s \u00e0 diff\u00e9rents environnements. Ces produits comprennent une s\u00e9lection de Wax-Tapes, de primaires, de rev\u00eatements compl\u00e9mentaires et de rev\u00eatements appliqu\u00e9s \u00e0 chaud pour prot\u00e9ger vos \u00e9quipements.<\/p>\n<p class=\"subpage-link\"><a href=\"\/fr\/notre-societe\/historique\/\"><b>Historique<\/b><br \/>\nDepuis 1949 la soci\u00e9t\u00e9 Trenton propose un choix de produits anticorrosion \u00e0 base de cire pour prot\u00e9ger les pipelines. Des milliers de kilom\u00e8tres de pipelines sont actuellement prot\u00e9g\u00e9s par des syst\u00e8mes Trenton dans le monde.<\/a><\/p>\n<p class=\"subpage-link\"><a href=\"\/fr\/notre-societe\/evenements-a-venir\/\"><b>\u00c9v\u00e9nements \u00e0 venir<\/b><\/a><\/p>\n","protected":false},"excerpt":{"rendered":"<p>DEPUIS 1949, LA SOCIETE TRENTON CORPORATION A ETE LE PIONNIER DU DEVELOPPEMENT DE PRODUITS ANTICORROSION A BASE DE CIRE. La soci\u00e9t\u00e9 Trenton propose d&rsquo;excellents mat\u00e9riaux anticorrosion destin\u00e9s \u00e0 diff\u00e9rents environnements. Ces produits comprennent une s\u00e9lection de Wax-Tapes, de primaires, de rev\u00eatements compl\u00e9mentaires et de rev\u00eatements appliqu\u00e9s \u00e0 chaud pour prot\u00e9ger vos \u00e9quipements. Historique Depuis 1949 &hellip; <a href=\"https:\/\/trentoncorp.com\/fr\/notre-societe\/\" class=\"more-link\">Continuer la lecture<span class=\"screen-reader-text\"> de &laquo;&nbsp;Notre soci\u00e9t\u00e9&nbsp;&raquo;<\/span><\/a><\/p>\n","protected":false},"author":1,"featured_media":0,"parent":0,"menu_order":1,"comment_status":"closed","ping_status":"closed","template":"","meta":{"footnotes":""},"class_list":["post-5","page","type-page","status-publish","hentry"],"aioseo_notices":[],"_links":{"self":[{"href":"https:\/\/trentoncorp.com\/fr\/wp-json\/wp\/v2\/pages\/5","targetHints":{"allow":["GET"]}}],"collection":[{"href":"https:\/\/trentoncorp.com\/fr\/wp-json\/wp\/v2\/pages"}],"about":[{"href":"https:\/\/trentoncorp.com\/fr\/wp-json\/wp\/v2\/types\/page"}],"author":[{"embeddable":true,"href":"https:\/\/trentoncorp.com\/fr\/wp-json\/wp\/v2\/users\/1"}],"replies":[{"embeddable":true,"href":"https:\/\/trentoncorp.com\/fr\/wp-json\/wp\/v2\/comments?post=5"}],"version-history":[{"count":0,"href":"https:\/\/trentoncorp.com\/fr\/wp-json\/wp\/v2\/pages\/5\/revisions"}],"wp:attachment":[{"href":"https:\/\/trentoncorp.com\/fr\/wp-json\/wp\/v2\/media?parent=5"}],"curies":[{"name":"wp","href":"https:\/\/api.w.org\/{rel}","templated":true}]}}