{"id":49,"date":"2016-01-19T01:52:09","date_gmt":"2016-01-19T01:52:09","guid":{"rendered":"http:\/\/clients.radiantpunch.com\/trenton\/fr\/?page_id=49"},"modified":"2016-01-19T01:52:09","modified_gmt":"2016-01-19T01:52:09","slug":"guard-wrap","status":"publish","type":"page","link":"https:\/\/trentoncorp.com\/fr\/produits\/revetements-exterieurs\/guard-wrap\/","title":{"rendered":"Guard-Wrap"},"content":{"rendered":"<h3>Description<\/h3>\n<p><img loading=\"lazy\" decoding=\"async\" class=\"alignright size-full wp-image-312\" src=\"\/wp-content\/uploads\/2016\/01\/Applying-GuardWrap.jpg\" alt=\"Trenton Guard-Wrap being applied to a pipeline\" width=\"233\" height=\"163\" \/>Le Guard-Wrap est constitu\u00e9 d&rsquo;une natte de polyester maill\u00e9e satur\u00e9e de cire microcristalline, qui est lamin\u00e9e en un film de polyester recouvert de cire microcristalline. Sa souplesse d&rsquo;adaptation le rend id\u00e9al pour recouvrir les accessoires. Il est adapt\u00e9 pour les conduites droites.<\/p>\n<h3>Utilisation<\/h3>\n<p>Il est utilis\u00e9 comme rev\u00eatement de protection sur l&rsquo;Innercoat et offre une protection m\u00e9canique contre les ecueils du remblaiement tout en constituant une barri\u00e8re di\u00e9lectrique suppl\u00e9mentaire<\/p>\n<h3>Proc\u00e9dure d&rsquo;application<\/h3>\n<p>Appliquer Innercoat sur la surface de la conduite, puis enrouler le Guard-Wrap en spirale dans le sens de la longueur sur l&rsquo;Innercoat. Le Guard-Wrap peut \u00eatre utilis\u00e9 comme \u00ab\u00a0sangle\u00a0\u00bb. Le Guard-Wrap peut aussi \u00eatre tremp\u00e9 dans de l&rsquo;Innercoat chaud et appliqu\u00e9 par pi\u00e8ces sur des surfaces irr\u00e9guli\u00e8res qui ont \u00e9t\u00e9 pr\u00e9alablement rev\u00eatues.<\/p>\n<h3>Conditionnement<\/h3>\n<p>Rouleaux emball\u00e9s dans des cartons contenant 41,8 m\u00b2<br \/>\nRouleaux de 6\u201d x 150\u2019 (6 rouleaux\/carton)<br \/>\nRouleaux de 9\u201d x 150\u2019 (4 rouleaux\/carton)<br \/>\nRouleaux de 12\u201d x 150\u2019 (3 rouleaux\/carton)<br \/>\nRouleaux de 18\u201d x 150\u2019 (2 rouleaux\/carton)<\/p>\n<h3>Sp\u00e9cifications<\/h3>\n<table>\n<tbody>\n<tr>\n<td>Couleur<\/td>\n<td>Brun<\/td>\n<\/tr>\n<tr>\n<td>Point de fusion satur\u00e9<\/td>\n<td>71 \u00e0 82 \u00b0C<\/td>\n<\/tr>\n<tr>\n<td>Film plastique<\/td>\n<td>0,0127 mm<\/td>\n<\/tr>\n<tr>\n<td>Epaisseur<\/td>\n<td>0,254 \u00e0 0,356 mm<\/td>\n<\/tr>\n<tr>\n<td>R\u00e9sistance di\u00e9lectrique<\/td>\n<td>3500 volts minimum<\/td>\n<\/tr>\n<\/tbody>\n<\/table>\n<h3>Avantages<\/h3>\n<ul>\n<li>R\u00e9siste \u00e0 l&rsquo;application \u00e0 chaud<\/li>\n<li>Ruban en deux parties (natte et film en plastique) pour une plus grande r\u00e9sistance m\u00e9canique<\/li>\n<li>Excellente r\u00e9sistance di\u00e9lectrique<\/li>\n<li>S&rsquo;adapte aux formes irr\u00e9guli\u00e8res<\/li>\n<li>Compos\u00e9 de mat\u00e9riaux inertes<\/li>\n<li>R\u00e9sistant aux produits chimiques et aux bact\u00e9ries<\/li>\n<\/ul>\n","protected":false},"excerpt":{"rendered":"<p>Description Le Guard-Wrap est constitu\u00e9 d&rsquo;une natte de polyester maill\u00e9e satur\u00e9e de cire microcristalline, qui est lamin\u00e9e en un film de polyester recouvert de cire microcristalline. Sa souplesse d&rsquo;adaptation le rend id\u00e9al pour recouvrir les accessoires. Il est adapt\u00e9 pour les conduites droites. Utilisation Il est utilis\u00e9 comme rev\u00eatement de protection sur l&rsquo;Innercoat et offre &hellip; <a href=\"https:\/\/trentoncorp.com\/fr\/produits\/revetements-exterieurs\/guard-wrap\/\" class=\"more-link\">Continuer la lecture<span class=\"screen-reader-text\"> de &laquo;&nbsp;Guard-Wrap&nbsp;&raquo;<\/span><\/a><\/p>\n","protected":false},"author":1,"featured_media":0,"parent":43,"menu_order":2,"comment_status":"closed","ping_status":"closed","template":"","meta":{"footnotes":""},"class_list":["post-49","page","type-page","status-publish","hentry"],"aioseo_notices":[],"_links":{"self":[{"href":"https:\/\/trentoncorp.com\/fr\/wp-json\/wp\/v2\/pages\/49","targetHints":{"allow":["GET"]}}],"collection":[{"href":"https:\/\/trentoncorp.com\/fr\/wp-json\/wp\/v2\/pages"}],"about":[{"href":"https:\/\/trentoncorp.com\/fr\/wp-json\/wp\/v2\/types\/page"}],"author":[{"embeddable":true,"href":"https:\/\/trentoncorp.com\/fr\/wp-json\/wp\/v2\/users\/1"}],"replies":[{"embeddable":true,"href":"https:\/\/trentoncorp.com\/fr\/wp-json\/wp\/v2\/comments?post=49"}],"version-history":[{"count":0,"href":"https:\/\/trentoncorp.com\/fr\/wp-json\/wp\/v2\/pages\/49\/revisions"}],"up":[{"embeddable":true,"href":"https:\/\/trentoncorp.com\/fr\/wp-json\/wp\/v2\/pages\/43"}],"wp:attachment":[{"href":"https:\/\/trentoncorp.com\/fr\/wp-json\/wp\/v2\/media?parent=49"}],"curies":[{"name":"wp","href":"https:\/\/api.w.org\/{rel}","templated":true}]}}