{"id":45,"date":"2016-01-19T01:51:04","date_gmt":"2016-01-19T01:51:04","guid":{"rendered":"http:\/\/clients.radiantpunch.com\/trenton\/fr\/?page_id=45"},"modified":"2019-08-19T13:38:13","modified_gmt":"2019-08-19T18:38:13","slug":"mc-outerwrap","status":"publish","type":"page","link":"https:\/\/trentoncorp.com\/fr\/produits\/revetements-exterieurs\/mc-outerwrap\/","title":{"rendered":"MCO\u00ae Outerwrap"},"content":{"rendered":"<h3>Description<\/h3>\n<figure id=\"attachment_307\" aria-describedby=\"caption-attachment-307\" style=\"width: 233px\" class=\"wp-caption alignright\"><img loading=\"lazy\" decoding=\"async\" class=\"size-full wp-image-307\" src=\"\/wp-content\/uploads\/2016\/01\/MC-Outerwrap-004.jpg\" alt=\"A pipeline protected by Trenton MCO outerwrap\" width=\"233\" height=\"163\" \/><figcaption id=\"caption-attachment-307\" class=\"wp-caption-text\">\u00ab\u00a0MC\u00a0\u00bb signifie \u00ab\u00a0Moisture Cured\u00a0\u00bb, autrement dit \u00ab\u00a0s\u00e9ch\u00e9 \u00e0 l&rsquo;humidit\u00e9\u00a0\u00bb. Les mat\u00e9riaux de ce rev\u00eatement commencent \u00e0 s\u00e9cher lorsqu&rsquo;ils sont expos\u00e9s \u00e0 l&rsquo;humidit\u00e9 de l&rsquo;air. Le rev\u00eatement forme rapidement une couche ext\u00e9rieure tr\u00e8s dure et solide.<\/figcaption><\/figure>\n<p>Le MCO\u00ae Outerwrap est un m\u00e9lange sp\u00e9cial de r\u00e9sines \u00e0 s\u00e9chage rapide impr\u00e9gn\u00e9 dans un tissu polyester. Il prot\u00e8ge contre les contraintes du sol et remblaiement, les rev\u00eatements qui ont besoin d&rsquo;une r\u00e9sistance m\u00e9canique plus importante. Le MCO Outerwrap est sp\u00e9cialement con\u00e7u pour \u00eatre utilis\u00e9 comme rev\u00eatement compl\u00e9mentaire dur et r\u00e9sistant aux UV sur les Wax-Tapes. Il peut aussi \u00eatre utilis\u00e9 sur d&rsquo;autres rev\u00eatements. Il est vendu avec des gants et la colle End Adhesive de Trenton. Le MCO Outerwrap s&rsquo;applique \u00e0 la main et ne n\u00e9cessite aucun autre mat\u00e9riel d&rsquo;application.<\/p>\n<h3>Utilisation<\/h3>\n<p>Le MCO Outerwrap s&rsquo;utilise hors sol et dans le sol comme rev\u00eatement de protection m\u00e9canique sur les Wax-Tapes de Trenton.<\/p>\n<h3>Proc\u00e9dure d&rsquo;application<\/h3>\n<p>Appliquer un rev\u00eatement Trenton puis, avec une tension juste suffisante pour \u00e9viter qu&rsquo;il y ait du mou, enrouler le MCO Outerwrap avec un chevauchement d&rsquo;au moins 50 % (laisser un chevauchement de 80 % pour augmenter la r\u00e9sistance dans les zones soumises \u00e0 des contraintes importantes comme les conduites a\u00e9ro-souterraines dans les sols argileux). S&rsquo;assurer que le MCO Outerwrap d\u00e9passe le rev\u00eatement neuf aux deux extr\u00e9mit\u00e9s pour un meilleur ancrage. A la fin du dernier rouleau, appliquer \u00e0 la brosse la colle End Adhesive pour MCO Outerwrap pour \u00e9viter que le rev\u00eatement se soul\u00e8ve avant d&rsquo;avoir s\u00e9ch\u00e9.<\/p>\n<h3>Conditionnement<\/h3>\n<p>Les rouleaux sont emball\u00e9s dans des sachets individuels sous vide.<br \/>\nRouleaux de 10.16 cm x 3.66 m : (0,37 m\u00b2 chacun)<br \/>\nRouleaux de 10.16 cm x 8.23 m : (0,84 m\u00b2 chacun)<br \/>\nRouleaux de 15.24 cm x 8.23 m : (1,25 m\u00b2 chacun)<br \/>\nRouleaux de 22.86 cm x 12.19 m : (2,78 m\u00b2 chacun)<br \/>\nNOTE : D&rsquo;autres dimensions sont disponibles avec suppl\u00e9ment.<\/p>\n<h3>Sp\u00e9cifications<\/h3>\n<table>\n<tbody>\n<tr>\n<td>Couleur<\/td>\n<td>Noir<\/td>\n<\/tr>\n<tr>\n<td>Epaisseur moyenne<\/td>\n<td>0,76 mm (apr\u00e8s s\u00e9chage)*<\/td>\n<\/tr>\n<tr>\n<td>Temp\u00e9rature d&rsquo;application<\/td>\n<td>-4 \u00e0 52 \u00b0C*<\/td>\n<\/tr>\n<tr>\n<td>Temp\u00e9rature d&rsquo;utilisation<\/td>\n<td>-23 \u00e0 121 \u00b0C**<\/td>\n<\/tr>\n<\/tbody>\n<\/table>\n<p><small>*L&rsquo;\u00e9paisseur d\u00e9pend de la quantit\u00e9 de chevauchement.<\/small><br \/>\n<small>**Les Wax-Tapes de Trenton ont une temp\u00e9rature d&rsquo;utilisation maximum de 52 \u00b0C<\/small><\/p>\n<h3>Avantages<\/h3>\n<ul>\n<li>Augmente la protection m\u00e9canique des Wax-Tapes<\/li>\n<li>Haute protection contre les contraintes du sol<\/li>\n<li>Protection contre le remplissage<\/li>\n<li>Rev\u00eatement dur pr\u00eat \u00e0 peindre<\/li>\n<\/ul>\n","protected":false},"excerpt":{"rendered":"<p>Description Le MCO\u00ae Outerwrap est un m\u00e9lange sp\u00e9cial de r\u00e9sines \u00e0 s\u00e9chage rapide impr\u00e9gn\u00e9 dans un tissu polyester. Il prot\u00e8ge contre les contraintes du sol et remblaiement, les rev\u00eatements qui ont besoin d&rsquo;une r\u00e9sistance m\u00e9canique plus importante. Le MCO Outerwrap est sp\u00e9cialement con\u00e7u pour \u00eatre utilis\u00e9 comme rev\u00eatement compl\u00e9mentaire dur et r\u00e9sistant aux UV sur &hellip; <a href=\"https:\/\/trentoncorp.com\/fr\/produits\/revetements-exterieurs\/mc-outerwrap\/\" class=\"more-link\">Continuer la lecture<span class=\"screen-reader-text\"> de &laquo;&nbsp;MCO\u00ae Outerwrap&nbsp;&raquo;<\/span><\/a><\/p>\n","protected":false},"author":1,"featured_media":0,"parent":43,"menu_order":0,"comment_status":"closed","ping_status":"closed","template":"","meta":{"footnotes":""},"class_list":["post-45","page","type-page","status-publish","hentry"],"aioseo_notices":[],"_links":{"self":[{"href":"https:\/\/trentoncorp.com\/fr\/wp-json\/wp\/v2\/pages\/45","targetHints":{"allow":["GET"]}}],"collection":[{"href":"https:\/\/trentoncorp.com\/fr\/wp-json\/wp\/v2\/pages"}],"about":[{"href":"https:\/\/trentoncorp.com\/fr\/wp-json\/wp\/v2\/types\/page"}],"author":[{"embeddable":true,"href":"https:\/\/trentoncorp.com\/fr\/wp-json\/wp\/v2\/users\/1"}],"replies":[{"embeddable":true,"href":"https:\/\/trentoncorp.com\/fr\/wp-json\/wp\/v2\/comments?post=45"}],"version-history":[{"count":0,"href":"https:\/\/trentoncorp.com\/fr\/wp-json\/wp\/v2\/pages\/45\/revisions"}],"up":[{"embeddable":true,"href":"https:\/\/trentoncorp.com\/fr\/wp-json\/wp\/v2\/pages\/43"}],"wp:attachment":[{"href":"https:\/\/trentoncorp.com\/fr\/wp-json\/wp\/v2\/media?parent=45"}],"curies":[{"name":"wp","href":"https:\/\/api.w.org\/{rel}","templated":true}]}}