{"id":43,"date":"2016-01-19T01:50:38","date_gmt":"2016-01-19T01:50:38","guid":{"rendered":"http:\/\/clients.radiantpunch.com\/trenton\/fr\/?page_id=43"},"modified":"2024-10-22T13:43:53","modified_gmt":"2024-10-22T18:43:53","slug":"revetements-exterieurs","status":"publish","type":"page","link":"https:\/\/trentoncorp.com\/fr\/produits\/revetements-exterieurs\/","title":{"rendered":"Rev\u00eatements ext\u00e9rieurs"},"content":{"rendered":"<figure id=\"attachment_300\" aria-describedby=\"caption-attachment-300\" style=\"width: 233px\" class=\"wp-caption alignright\"><img loading=\"lazy\" decoding=\"async\" class=\"size-full wp-image-300\" src=\"\/wp-content\/uploads\/2016\/01\/Outerwrap-Main-Page.jpg\" alt=\"Section of pipe reconditioned using #1 Trenton Wax-Tape and Glas-Wrap\" width=\"233\" height=\"163\" \/><figcaption id=\"caption-attachment-300\" class=\"wp-caption-text\">Ceci est une tron\u00e7on de 16&Prime; reconditionn\u00e9e avec du Wax-Tape N\u00ba 1 et du Glas-Wrap.<\/figcaption><\/figure>\n<p>Lorsque les conditions n\u00e9cessitent une plus grande protection m\u00e9canique, Trenton propose un choix de rev\u00eatements ext\u00e9rieurs pour r\u00e9pondre aux besoins de chaque situation.<\/p>\n<h3>Produits:<\/h3>\n<ul class=\"arrow-list\">\n<li><strong><a href=\"\/fr\/produits\/revetements-exterieurs\/mc-outerwrap\/\">MCO\u00ae Outerwrap<\/a><\/strong><\/li>\n<li><strong><a href=\"\/fr\/produits\/revetements-exterieurs\/guard-wrap\/\">Guard-Wrap\u2122<\/a><\/strong><\/li>\n<li><strong><a href=\"\/fr\/produits\/revetements-exterieurs\/poly-ply\/\">Poly-Ply\u2122<\/a><\/strong><\/li>\n<li><strong><a href=\"\/fr\/produits\/revetements-exterieurs\/glas-wrap\/\">Glas-Wrap\u2122<\/a><\/strong><\/li>\n<li><strong><a href=\"https:\/\/trentoncorp.com\/fr\/produits\/revetements-exterieurs\/pvc-outerwrap\/\">PVC Outerwrap<\/a><\/strong><\/li>\n<\/ul>\n","protected":false},"excerpt":{"rendered":"<p>Lorsque les conditions n\u00e9cessitent une plus grande protection m\u00e9canique, Trenton propose un choix de rev\u00eatements ext\u00e9rieurs pour r\u00e9pondre aux besoins de chaque situation. Produits: MCO\u00ae Outerwrap Guard-Wrap\u2122 Poly-Ply\u2122 Glas-Wrap\u2122 PVC Outerwrap<\/p>\n","protected":false},"author":1,"featured_media":0,"parent":11,"menu_order":3,"comment_status":"closed","ping_status":"closed","template":"","meta":{"footnotes":""},"class_list":["post-43","page","type-page","status-publish","hentry"],"aioseo_notices":[],"_links":{"self":[{"href":"https:\/\/trentoncorp.com\/fr\/wp-json\/wp\/v2\/pages\/43","targetHints":{"allow":["GET"]}}],"collection":[{"href":"https:\/\/trentoncorp.com\/fr\/wp-json\/wp\/v2\/pages"}],"about":[{"href":"https:\/\/trentoncorp.com\/fr\/wp-json\/wp\/v2\/types\/page"}],"author":[{"embeddable":true,"href":"https:\/\/trentoncorp.com\/fr\/wp-json\/wp\/v2\/users\/1"}],"replies":[{"embeddable":true,"href":"https:\/\/trentoncorp.com\/fr\/wp-json\/wp\/v2\/comments?post=43"}],"version-history":[{"count":6,"href":"https:\/\/trentoncorp.com\/fr\/wp-json\/wp\/v2\/pages\/43\/revisions"}],"predecessor-version":[{"id":699,"href":"https:\/\/trentoncorp.com\/fr\/wp-json\/wp\/v2\/pages\/43\/revisions\/699"}],"up":[{"embeddable":true,"href":"https:\/\/trentoncorp.com\/fr\/wp-json\/wp\/v2\/pages\/11"}],"wp:attachment":[{"href":"https:\/\/trentoncorp.com\/fr\/wp-json\/wp\/v2\/media?parent=43"}],"curies":[{"name":"wp","href":"https:\/\/api.w.org\/{rel}","templated":true}]}}