{"id":41,"date":"2016-01-19T01:50:02","date_gmt":"2016-01-19T01:50:02","guid":{"rendered":"http:\/\/clients.radiantpunch.com\/trenton\/fr\/?page_id=41"},"modified":"2016-01-19T01:50:02","modified_gmt":"2016-01-19T01:50:02","slug":"innercoat-pour-element-de-remplissage-a-bride","status":"publish","type":"page","link":"https:\/\/trentoncorp.com\/fr\/produits\/innercoat-et-guard-wrap\/innercoat-pour-element-de-remplissage-a-bride\/","title":{"rendered":"Innercoat pour \u00e9l\u00e9ment de remplissage \u00e0 bride"},"content":{"rendered":"<h3>Proc\u00e9dure d&rsquo;application<\/h3>\n<figure id=\"attachment_429\" aria-describedby=\"caption-attachment-429\" style=\"width: 233px\" class=\"wp-caption alignright\"><img loading=\"lazy\" decoding=\"async\" class=\"size-full wp-image-429\" src=\"\/wp-content\/uploads\/2016\/01\/Innercoat_Flange_Fill_01.jpg\" alt=\"Innercoat being used in a vertical flange fill.\" width=\"233\" height=\"163\" \/><figcaption id=\"caption-attachment-429\" class=\"wp-caption-text\">L&rsquo;Innercoat est vers\u00e9 dans l&rsquo;espace entre brides (vertical) qui a d&rsquo;abord \u00e9t\u00e9 entour\u00e9 de ruban adh\u00e9sif en toile pour permettre \u00e0 l&rsquo;Innercoat d&rsquo;adh\u00e9rer \u00e0 la bride et cr\u00e9er un joint de protection.<\/figcaption><\/figure>\n<ol>\n<li>Chauffer l&rsquo;Innercoat dans un seau \u00e0 93 \u00b0C en surveillant la temp\u00e9rature avec un thermom\u00e8tre. Une fois la bonne temp\u00e9rature atteinte, r\u00e9duire la chaleur et maintenir la temp\u00e9rature.<\/li>\n<li>Entourer l&rsquo;interstice de la bride avec du ruban adh\u00e9sif en toile (deux tours). Faire un trou au sommet pour ins\u00e9rer l&rsquo;entonnoir.<\/li>\n<li>Verser l&rsquo;Innercoat lentement et en continu dans l&rsquo;entonnoir jusqu&rsquo;\u00e0 ce que l&rsquo;interstice de la bride soit compl\u00e8tement rempli. Le niveau d&rsquo;Innercoat diminue \u00e0 mesure qu&rsquo;il remplit les creux dans la bride. Continuer \u00e0 remplir l&rsquo;interstice de la bride jusqu&rsquo;\u00e0 ce que le niveau d&rsquo;Innercoat cesse de diminuer.<\/li>\n<li>Une fois l&rsquo;interstice de la bride compl\u00e8tement rempli, laisser refroidir pendant 20 \u00e0 30 minutes et enlever le ruban adh\u00e9sif en toile.<\/li>\n<li>Si un rev\u00eatement ext\u00e9rieur doit \u00eatre appliqu\u00e9 apr\u00e8s avoir enlev\u00e9 le ruban adh\u00e9sif en toile, utiliser du Wax-Tape N\u00ba 1 (sous le sol) ou N\u00ba 2 (au-dessus du sol) de Trenton pour prot\u00e9ger les boulons ext\u00e9rieurs de la bride et faire l&rsquo;interface avec l&rsquo;Innercoat au niveau de l&rsquo;interstice de la bride.<\/li>\n<\/ol>\n<h3>Packaging<\/h3>\n<p>Carton de 21 kg<br \/>\nBlocs de 3,4 kg (10 par carton)<br \/>\nBlocs de 3,4 kg (divis\u00e9s en quatre) (10 par carton)<\/p>\n<h3>Sp\u00e9cifications<\/h3>\n<table>\n<tbody>\n<tr>\n<td>Couleur<\/td>\n<td>Brun<\/td>\n<\/tr>\n<tr>\n<td>Gravit\u00e9 sp\u00e9cifique \u00e0 25 \u00b0C<\/td>\n<td>260 \u00b0C<\/td>\n<\/tr>\n<tr>\n<td>Point d&rsquo;\u00e9clair<\/td>\n<td>177 \u00b0C minimum<\/td>\n<\/tr>\n<tr>\n<td>Point de fusion<\/td>\n<td>71 \u00e0 79 \u00b0C<\/td>\n<\/tr>\n<tr>\n<td>P\u00e9n\u00e9tration \u00e0 25 \u00b0C<\/td>\n<td>26-50<\/td>\n<\/tr>\n<tr>\n<td>R\u00e9sistance di\u00e9lectrique<\/td>\n<td>4 kv\/mm<\/td>\n<\/tr>\n<\/tbody>\n<\/table>\n<h3>Quantites Necessaires<small>*<\/small><\/h3>\n<table>\n<thead>\n<tr>\n<td>Pipe Size<\/td>\n<td>Pounds<\/td>\n<\/tr>\n<\/thead>\n<tbody>\n<tr>\n<td>4&Prime;<\/td>\n<td>.3<\/td>\n<\/tr>\n<tr>\n<td>6&Prime;<\/td>\n<td>.4<\/td>\n<\/tr>\n<tr>\n<td>8&Prime;<\/td>\n<td>.5<\/td>\n<\/tr>\n<tr>\n<td>10&Prime;<\/td>\n<td>.7<\/td>\n<\/tr>\n<tr>\n<td>12&Prime;<\/td>\n<td>.8<\/td>\n<\/tr>\n<tr>\n<td>14&Prime;<\/td>\n<td>.9<\/td>\n<\/tr>\n<tr>\n<td>16&prime;<\/td>\n<td>1.1<\/td>\n<\/tr>\n<tr>\n<td>18&Prime;<\/td>\n<td>1.2<\/td>\n<\/tr>\n<tr>\n<td>20&Prime;<\/td>\n<td>1.3<\/td>\n<\/tr>\n<tr>\n<td>22&Prime;<\/td>\n<td>1.4<\/td>\n<\/tr>\n<tr>\n<td>24&Prime;<\/td>\n<td>1.5<\/td>\n<\/tr>\n<tr>\n<td>26&Prime;<\/td>\n<td>1.7<\/td>\n<\/tr>\n<tr>\n<td>28&Prime;<\/td>\n<td>1.8<\/td>\n<\/tr>\n<tr>\n<td>30&Prime;<\/td>\n<td>1.9<\/td>\n<\/tr>\n<\/tbody>\n<\/table>\n<p>*Estimated quantity usage based on 3\/8&prime; wall pipe, 2 1\/2 flange face and 1\/4&Prime; flange gap.<\/p>\n","protected":false},"excerpt":{"rendered":"<p>Proc\u00e9dure d&rsquo;application Chauffer l&rsquo;Innercoat dans un seau \u00e0 93 \u00b0C en surveillant la temp\u00e9rature avec un thermom\u00e8tre. Une fois la bonne temp\u00e9rature atteinte, r\u00e9duire la chaleur et maintenir la temp\u00e9rature. Entourer l&rsquo;interstice de la bride avec du ruban adh\u00e9sif en toile (deux tours). Faire un trou au sommet pour ins\u00e9rer l&rsquo;entonnoir. Verser l&rsquo;Innercoat lentement et &hellip; <a href=\"https:\/\/trentoncorp.com\/fr\/produits\/innercoat-et-guard-wrap\/innercoat-pour-element-de-remplissage-a-bride\/\" class=\"more-link\">Continuer la lecture<span class=\"screen-reader-text\"> de &laquo;&nbsp;Innercoat pour \u00e9l\u00e9ment de remplissage \u00e0 bride&nbsp;&raquo;<\/span><\/a><\/p>\n","protected":false},"author":1,"featured_media":0,"parent":37,"menu_order":1,"comment_status":"closed","ping_status":"closed","template":"","meta":{"footnotes":""},"class_list":["post-41","page","type-page","status-publish","hentry"],"aioseo_notices":[],"_links":{"self":[{"href":"https:\/\/trentoncorp.com\/fr\/wp-json\/wp\/v2\/pages\/41","targetHints":{"allow":["GET"]}}],"collection":[{"href":"https:\/\/trentoncorp.com\/fr\/wp-json\/wp\/v2\/pages"}],"about":[{"href":"https:\/\/trentoncorp.com\/fr\/wp-json\/wp\/v2\/types\/page"}],"author":[{"embeddable":true,"href":"https:\/\/trentoncorp.com\/fr\/wp-json\/wp\/v2\/users\/1"}],"replies":[{"embeddable":true,"href":"https:\/\/trentoncorp.com\/fr\/wp-json\/wp\/v2\/comments?post=41"}],"version-history":[{"count":0,"href":"https:\/\/trentoncorp.com\/fr\/wp-json\/wp\/v2\/pages\/41\/revisions"}],"up":[{"embeddable":true,"href":"https:\/\/trentoncorp.com\/fr\/wp-json\/wp\/v2\/pages\/37"}],"wp:attachment":[{"href":"https:\/\/trentoncorp.com\/fr\/wp-json\/wp\/v2\/media?parent=41"}],"curies":[{"name":"wp","href":"https:\/\/api.w.org\/{rel}","templated":true}]}}