{"id":39,"date":"2016-01-19T01:49:20","date_gmt":"2016-01-19T01:49:20","guid":{"rendered":"http:\/\/clients.radiantpunch.com\/trenton\/fr\/?page_id=39"},"modified":"2016-01-19T01:49:20","modified_gmt":"2016-01-19T01:49:20","slug":"innercoat-pour-le-reconditionnement-des-pipelines","status":"publish","type":"page","link":"https:\/\/trentoncorp.com\/fr\/produits\/innercoat-et-guard-wrap\/innercoat-pour-le-reconditionnement-des-pipelines\/","title":{"rendered":"Innercoat pour le reconditionnement des pipelines"},"content":{"rendered":"<h3>Description<\/h3>\n<p>Innercoat est un m\u00e9lange de cires microcristallines con\u00e7u pour offrir les meilleures caract\u00e9ristiques de r\u00e9sistance \u00e0 la corrosion, d&rsquo;adh\u00e9rence et de mouillage. Il s&rsquo;applique \u00e0 chaud directement sur la surface des conduites et s&rsquo;entoure toujours d&rsquo;une bande Trenton appropri\u00e9 en fonction du type d&rsquo;application. Sa facilit\u00e9 d&rsquo;application et son caract\u00e8re \u00ab\u00a0indulgent\u00a0\u00bb dans les applications difficiles le rendent id\u00e9al dans toutes les applications de rev\u00eatement des conduites.<\/p>\n<h3>Utilisation<\/h3>\n<p>Protection des conduites droites et des surfaces m\u00e9talliques irr\u00e9guli\u00e8res contre la corrosion. On peut l&rsquo;utiliser pour les nouvelles installations de service, la pose de pi\u00e8ces sur le terrain, les cutbacks soud\u00e9s et le reconditionnement des pipelines.<\/p>\n<h3>Proc\u00e9dure d&rsquo;application<\/h3>\n<p>D\u00e9barrasser la surface des conduites des d\u00e9bris d\u00e9tach\u00e9s de rouille, de tartre et de rev\u00eatement, des traces de graisse et d&rsquo;humidit\u00e9 et autres impuret\u00e9s. Chauffer l&rsquo;Innercoat entre 120 et 175\u00b0C en \u00e9t\u00e9 et entre 175 et 260\u00b0C en hiver pour assurer une bonne adh\u00e9rence. Verser ou appliquer ensuite l&rsquo;Innercoat directement \u00e0 la brosse sur la surface propre et s\u00e8che. Pour les conduites droites, utiliser la m\u00e9thode de la sangle. Une fois que l&rsquo;Innercoat est appliqu\u00e9, entourer de Guard-Wrap. On peut ensuite appliquer une mince couche d&rsquo;Innercoat sur le Guard-Wrap pour renforcer la protection.<\/p>\n<h3>Conditionnement<\/h3>\n<p>Caisse de 21 kg Bidon m\u00e9tallique de 21 kg<br \/>\nBlocs de 3,4 kg (10 par caisse) 34 kg\/caisse<br \/>\nBlocs de 3,4 kg, divis\u00e9s en quatre (10 par caisse) 34 kg \/caisse<\/p>\n<h3>Specifications<\/h3>\n<table>\n<tbody>\n<tr>\n<td>Couleur<\/td>\n<td>Brun<\/td>\n<\/tr>\n<tr>\n<td>Gravit\u00e9 sp\u00e9cifique \u00e0 25 \u00b0C<\/td>\n<td>.88-.94<\/td>\n<\/tr>\n<tr>\n<td>Point d&rsquo;\u00e9clair<\/td>\n<td>260 \u00b0C minimum<\/td>\n<\/tr>\n<tr>\n<td>Point de fusion<\/td>\n<td>71 \u00e0 79 \u00b0C<\/td>\n<\/tr>\n<tr>\n<td>P\u00e9n\u00e9tration \u00e0 25 \u00b0C<\/td>\n<td>26-50<\/td>\n<\/tr>\n<tr>\n<td>R\u00e9sistance di\u00e9lectrique<\/td>\n<td>4 kv\/mm<\/td>\n<\/tr>\n<\/tbody>\n<\/table>\n<h3>Avantages<\/h3>\n<ul>\n<li>Rev\u00eatement efficace des conduites, \u00e9prouv\u00e9 par 50 ans d&rsquo;exp\u00e9rience sur le terrain<\/li>\n<li>Excellente barri\u00e8re anticorrosion &#8211; Faibles absorption et transmission de l&rsquo;humidit\u00e9<\/li>\n<li>Excellente barri\u00e8re di\u00e9lectrique \u2013 Excellentes propri\u00e9t\u00e9s de mouillage et d&rsquo;adh\u00e9rence<\/li>\n<li>Excellente ductilit\u00e9<\/li>\n<li>Inertie permanente<\/li>\n<li>R\u00e9sistant aux produits chimiques et aux bact\u00e9ries commun\u00e9ment pr\u00e9sents dans le sol<\/li>\n<li>Facile \u00e0 appliquer &#8211; Compatible avec d&rsquo;autres rev\u00eatements<\/li>\n<li>Peut \u00eatre r\u00e9chauff\u00e9 sans alt\u00e9rer sa composition<\/li>\n<li>Pas besoin de primaire<\/li>\n<li>Pas d&rsquo;attente avant le remblai<\/li>\n<li>Pas de fum\u00e9es dangereuses<\/li>\n<li>Non toxique et non canc\u00e9rig\u00e8ne<\/li>\n<li>Conditionn\u00e9 en blocs de 3,4 kg ou en bidons de 21 kg<\/li>\n<\/ul>\n<h3>Quantites Necessaires<\/h3>\n<table>\n<thead>\n<tr>\n<td>Taille de conduite<\/td>\n<td>kg d&rsquo;Innercoat\/10 m<\/td>\n<td>m\u00b2 de Guard-Wrap\/10 m<\/td>\n<\/tr>\n<\/thead>\n<tbody>\n<tr>\n<td>4<\/td>\n<td>7,4<\/td>\n<td>4,9<\/td>\n<\/tr>\n<tr>\n<td>6<\/td>\n<td>11,1<\/td>\n<td>7,4<\/td>\n<\/tr>\n<tr>\n<td>8<\/td>\n<td>14,7<\/td>\n<td>9,6<\/td>\n<\/tr>\n<tr>\n<td>10<\/td>\n<td>18,4<\/td>\n<td>12,1<\/td>\n<\/tr>\n<tr>\n<td>12<\/td>\n<td>22,1<\/td>\n<td>14,5<\/td>\n<\/tr>\n<tr>\n<td>16<\/td>\n<td>29,4<\/td>\n<td>18,9<\/td>\n<\/tr>\n<tr>\n<td>18<\/td>\n<td>33,2<\/td>\n<td>20,8<\/td>\n<\/tr>\n<tr>\n<td>20<\/td>\n<td>36,9<\/td>\n<td>23,0<\/td>\n<\/tr>\n<tr>\n<td>22<\/td>\n<td>40,6<\/td>\n<td>25,5<\/td>\n<\/tr>\n<tr>\n<td>24<\/td>\n<td>44,2<\/td>\n<td>27,9<\/td>\n<\/tr>\n<tr>\n<td>26<\/td>\n<td>47,9<\/td>\n<td>30,1<\/td>\n<\/tr>\n<tr>\n<td>30<\/td>\n<td>55,3<\/td>\n<td>37,0<\/td>\n<\/tr>\n<tr>\n<td>34<\/td>\n<td>62,7<\/td>\n<td>39,5<\/td>\n<\/tr>\n<tr>\n<td>36<\/td>\n<td>66,4<\/td>\n<td>41,9<\/td>\n<\/tr>\n<\/tbody>\n<\/table>\n","protected":false},"excerpt":{"rendered":"<p>Description Innercoat est un m\u00e9lange de cires microcristallines con\u00e7u pour offrir les meilleures caract\u00e9ristiques de r\u00e9sistance \u00e0 la corrosion, d&rsquo;adh\u00e9rence et de mouillage. Il s&rsquo;applique \u00e0 chaud directement sur la surface des conduites et s&rsquo;entoure toujours d&rsquo;une bande Trenton appropri\u00e9 en fonction du type d&rsquo;application. Sa facilit\u00e9 d&rsquo;application et son caract\u00e8re \u00ab\u00a0indulgent\u00a0\u00bb dans les applications &hellip; <a href=\"https:\/\/trentoncorp.com\/fr\/produits\/innercoat-et-guard-wrap\/innercoat-pour-le-reconditionnement-des-pipelines\/\" class=\"more-link\">Continuer la lecture<span class=\"screen-reader-text\"> de &laquo;&nbsp;Innercoat pour le reconditionnement des pipelines&nbsp;&raquo;<\/span><\/a><\/p>\n","protected":false},"author":1,"featured_media":0,"parent":37,"menu_order":0,"comment_status":"closed","ping_status":"closed","template":"","meta":{"footnotes":""},"class_list":["post-39","page","type-page","status-publish","hentry"],"aioseo_notices":[],"_links":{"self":[{"href":"https:\/\/trentoncorp.com\/fr\/wp-json\/wp\/v2\/pages\/39","targetHints":{"allow":["GET"]}}],"collection":[{"href":"https:\/\/trentoncorp.com\/fr\/wp-json\/wp\/v2\/pages"}],"about":[{"href":"https:\/\/trentoncorp.com\/fr\/wp-json\/wp\/v2\/types\/page"}],"author":[{"embeddable":true,"href":"https:\/\/trentoncorp.com\/fr\/wp-json\/wp\/v2\/users\/1"}],"replies":[{"embeddable":true,"href":"https:\/\/trentoncorp.com\/fr\/wp-json\/wp\/v2\/comments?post=39"}],"version-history":[{"count":0,"href":"https:\/\/trentoncorp.com\/fr\/wp-json\/wp\/v2\/pages\/39\/revisions"}],"up":[{"embeddable":true,"href":"https:\/\/trentoncorp.com\/fr\/wp-json\/wp\/v2\/pages\/37"}],"wp:attachment":[{"href":"https:\/\/trentoncorp.com\/fr\/wp-json\/wp\/v2\/media?parent=39"}],"curies":[{"name":"wp","href":"https:\/\/api.w.org\/{rel}","templated":true}]}}