{"id":37,"date":"2016-01-19T01:48:57","date_gmt":"2016-01-19T01:48:57","guid":{"rendered":"http:\/\/clients.radiantpunch.com\/trenton\/fr\/?page_id=37"},"modified":"2016-01-19T01:48:57","modified_gmt":"2016-01-19T01:48:57","slug":"innercoat-et-guard-wrap","status":"publish","type":"page","link":"https:\/\/trentoncorp.com\/fr\/produits\/innercoat-et-guard-wrap\/","title":{"rendered":"Innercoat et Guard-Wrap"},"content":{"rendered":"<figure id=\"attachment_292\" aria-describedby=\"caption-attachment-292\" style=\"width: 233px\" class=\"wp-caption alignright\"><img loading=\"lazy\" decoding=\"async\" class=\"size-full wp-image-292\" src=\"\/wp-content\/uploads\/2016\/01\/Innercoat_Guardwrap_Pipeline-3.jpg\" alt=\"Trenton Innercoat Hot-Applied Wax and Guard-Wrap applied to a pipeline\" width=\"233\" height=\"163\" \/><figcaption id=\"caption-attachment-292\" class=\"wp-caption-text\">La combinaison de cire appliqu\u00e9e \u00e0 chaud Innercoat et de Guard-Wrap sert \u00e0 emp\u00eacher la corrosion des structures m\u00e9talliques souterraines.<\/figcaption><\/figure>\n<p>La combinaison de cire appliqu\u00e9e \u00e0 chaud Innercoat et de Guard-Wrap sert \u00e0 emp\u00eacher la corrosion des structures m\u00e9talliques souterraines. Innercoat est un m\u00e9lange de cires microcristallines que l&rsquo;on utilise avec succ\u00e8s comme rev\u00eatement pour les conduites depuis plus de 50 ans. Le rev\u00eatement de cire \u00e0 chaud Innercoat est id\u00e9al pour la protection contre la corrosion. Il poss\u00e8de d&rsquo;excellentes caract\u00e9ristiques d&rsquo;\u00e9tanch\u00e9it\u00e9 \u00e0 l&rsquo;eau gr\u00e2ce \u00e0 ses faibles taux d&rsquo;absorption et de transmission de l&rsquo;humidit\u00e9. Il constitue aussi une barri\u00e8re di\u00e9lectrique exceptionnelle \u00e0 haute r\u00e9sistance. Lorsqu&rsquo;il est liqu\u00e9fi\u00e9 pour \u00eatre appliqu\u00e9 sur la surface des conduites, Innercoat a une consistance huileuse qui p\u00e9n\u00e8tre dans les pores du m\u00e9tal en mouillant profond\u00e9ment la surface. M\u00eame une fois dur, il reste souple ou \u00ab\u00a0vivant\u00a0\u00bb, ce qui permet au rev\u00eatement de cire de d&rsquo;\u00eatre \u00ab\u00a0ductile\u00a0\u00bb avec la conduite sous l&rsquo;effet des contraintes du sol et des variations de temp\u00e9rature. Il est inerte et ne change pas de caract\u00e9ristiques ou de composition avec le temps, et r\u00e9siste aux bact\u00e9ries commun\u00e9ment pr\u00e9sentes dans le sol. Innercoat s&rsquo;applique \u00e0 chaud, mais il refroidit et durcit rapidement, ce qui permet de remblayer les conduites imm\u00e9diatement apr\u00e8s les avoir entour\u00e9es de Guard-Wrap.<\/p>\n<p>Le Guard-Wrap est constitu\u00e9 d&rsquo;un film en plastique mat satur\u00e9s de cire microcristalline. Il est utilis\u00e9 pour offrir une protection m\u00e9canique suppl\u00e9mentaire contre les contraintes du remblayage et les chocs, et constitue une barri\u00e8re di\u00e9lectrique suppl\u00e9mentaire. Du fait de sa capacit\u00e9 d&rsquo;adaptation aux formes irr\u00e9guli\u00e8res, c&rsquo;est une excellente bande pour les accessoires, de m\u00eame que pour les conduites droites. Le Guard-Wrap est compos\u00e9 de mat\u00e9riaux inertes qui ne se d\u00e9t\u00e9riorent pas dans le sol ; il r\u00e9siste aux produits chimiques et aux bact\u00e9ries commun\u00e9ment pr\u00e9sents dans le sol. La combinaison d&rsquo;Innercoat et de Guard-Wrap est une formidable protection anticorrosion pour les nouvelles installations de service, la pose de pi\u00e8ces sur le terrain, les cutbacks soud\u00e9s et le reconditionnement des pipelines.<\/p>\n<h3>Produits<\/h3>\n<ul class=\"arrow-list\">\n<li><strong><a href=\"\/fr\/produits\/innercoat-et-guard-wrap\/innercoat-pour-le-reconditionnement-des-pipelines\/\">Innercoat pour le reconditionnement des pipelines<\/a><\/strong><\/li>\n<li><strong><a href=\"\/fr\/produits\/innercoat-et-guard-wrap\/innercoat-pour-element-de-remplissage-a-bride\/\">Innercoat pour \u00e9l\u00e9ment de remplissage \u00e0 bride<\/a><\/strong><\/li>\n<\/ul>\n","protected":false},"excerpt":{"rendered":"<p>La combinaison de cire appliqu\u00e9e \u00e0 chaud Innercoat et de Guard-Wrap sert \u00e0 emp\u00eacher la corrosion des structures m\u00e9talliques souterraines. Innercoat est un m\u00e9lange de cires microcristallines que l&rsquo;on utilise avec succ\u00e8s comme rev\u00eatement pour les conduites depuis plus de 50 ans. Le rev\u00eatement de cire \u00e0 chaud Innercoat est id\u00e9al pour la protection contre &hellip; <a href=\"https:\/\/trentoncorp.com\/fr\/produits\/innercoat-et-guard-wrap\/\" class=\"more-link\">Continuer la lecture<span class=\"screen-reader-text\"> de &laquo;&nbsp;Innercoat et Guard-Wrap&nbsp;&raquo;<\/span><\/a><\/p>\n","protected":false},"author":1,"featured_media":0,"parent":11,"menu_order":2,"comment_status":"closed","ping_status":"closed","template":"","meta":{"footnotes":""},"class_list":["post-37","page","type-page","status-publish","hentry"],"aioseo_notices":[],"_links":{"self":[{"href":"https:\/\/trentoncorp.com\/fr\/wp-json\/wp\/v2\/pages\/37","targetHints":{"allow":["GET"]}}],"collection":[{"href":"https:\/\/trentoncorp.com\/fr\/wp-json\/wp\/v2\/pages"}],"about":[{"href":"https:\/\/trentoncorp.com\/fr\/wp-json\/wp\/v2\/types\/page"}],"author":[{"embeddable":true,"href":"https:\/\/trentoncorp.com\/fr\/wp-json\/wp\/v2\/users\/1"}],"replies":[{"embeddable":true,"href":"https:\/\/trentoncorp.com\/fr\/wp-json\/wp\/v2\/comments?post=37"}],"version-history":[{"count":0,"href":"https:\/\/trentoncorp.com\/fr\/wp-json\/wp\/v2\/pages\/37\/revisions"}],"up":[{"embeddable":true,"href":"https:\/\/trentoncorp.com\/fr\/wp-json\/wp\/v2\/pages\/11"}],"wp:attachment":[{"href":"https:\/\/trentoncorp.com\/fr\/wp-json\/wp\/v2\/media?parent=37"}],"curies":[{"name":"wp","href":"https:\/\/api.w.org\/{rel}","templated":true}]}}