{"id":35,"date":"2016-01-19T01:48:21","date_gmt":"2016-01-19T01:48:21","guid":{"rendered":"http:\/\/clients.radiantpunch.com\/trenton\/fr\/?page_id=35"},"modified":"2016-01-19T01:48:21","modified_gmt":"2016-01-19T01:48:21","slug":"patch-pad","status":"publish","type":"page","link":"https:\/\/trentoncorp.com\/fr\/produits\/apprets-et-mastics\/patch-pad\/","title":{"rendered":"Patch-Pad\u00ae"},"content":{"rendered":"<h2>Rev\u00eatement durable et facile \u00e0 installer pour soudures de prise de potentiel et autres petites applications<\/h2>\n<h3>Description<\/h3>\n<p><img loading=\"lazy\" decoding=\"async\" class=\"alignright size-full wp-image-288\" src=\"\/wp-content\/uploads\/2016\/01\/patchpad_with-label_web.jpg\" alt=\"Trenton Patch-Pad application\" width=\"233\" height=\"163\" \/>Le Trenton Patch-Pad\u00ae est un rev\u00eatement souple et rapide \u00e0 installer pour prot\u00e9ger des petites surfaces de canalisation ou autres structures m\u00e9talliques. Le Patch-Pad s\u2019applique sans primaire, il est auto-adh\u00e9rent et requiert une pr\u00e9paration de surface minimale. Il est compos\u00e9 d\u2019un rev\u00eatement conformable, auto-adh\u00e9rent qui peut s\u2019adapter sur diff\u00e9rents profils de pi\u00e8ces, combin\u00e9 avec un support durable en polym\u00e8re pour une protection m\u00e9canique \u00e9lev\u00e9e lors de l\u2019utilisation enterr\u00e9e.<\/p>\n<h3>Caract\u00e9ristiques<\/h3>\n<ul>\n<li>Application facile : enlever l\u2019intercalaire et presser le patch. Pas d\u2019outils n\u00e9cessaires.<\/li>\n<li>Support polym\u00e8re r\u00e9sistant pour une protection durable<\/li>\n<li>Pr\u00e9paration de surface minimale (surf. s\u00e8che, brossage Iso ST2). Pas de primaire<\/li>\n<li>Tr\u00e8s conformable. S\u2019adapte sur beaucoup de profils de pi\u00e8ce, m\u00eame les connections multiples.<\/li>\n<li>Compatible avec la plupart des rev\u00eatements de canalisation<\/li>\n<\/ul>\n<h3>Utilisation<\/h3>\n<p>Le patch pad est id\u00e9al pour la protection de soudures de prise de potentiel. Il se conforme facilement \u00e0 de nombreux profils complexes et \u00e0 la plus part des soudures de c\u00e2ble. Le Patch-Pad est con\u00e7u pour assurer une protection durable contre la corrosion pour des petites surfaces o\u00f9 l\u2019application n\u00e9cessite de la flexibilit\u00e9, une forte adh\u00e9sion, et une application facile. Des outils sont disponibles pour l\u2019application par trou de serrure (sans excavation compl\u00e8te).<\/p>\n<h3>Proc\u00e9dure d\u2019application<\/h3>\n<ol>\n<li>La surface doit \u00eatre propre et s\u00e8che au moment de l\u2019application<\/li>\n<li>Appliquer la partie Adh\u00e9sive du TRENTON Patch-Pad sur la surface \u00e0 prot\u00e9ger. Appuyer pour conformer.<\/li>\n<li>S\u2019assurer que les bords du Patch-Pad sont en contact avec le rev\u00eatement adjacent.<\/li>\n<\/ol>\n<h3>Conditionnement<\/h3>\n<p>Le TRENTON PATCH-PAD est disponible en plusieurs dimensions :<\/p>\n<ul>\n<li>100 mm x 100 mm : 12 patchs \/ carton<\/li>\n<li>127 mm x 254 mm : 6 Patchs \/ carton<\/li>\n<li>150 mm x 150 mm : 6 patchs \/ carton<\/li>\n<\/ul>\n<h3>Sp\u00e9cifications<\/h3>\n<p>Tissu de fibre synth\u00e9tique rev\u00eatu de polym\u00e8re avec de l\u2019adh\u00e9sif synth\u00e9tique<\/p>\n<table>\n<tbody>\n<tr>\n<td>D\u00e9collement cathodique (ASTM G8)<\/td>\n<td>154,8mm<sup>2<\/sup><\/td>\n<\/tr>\n<tr>\n<td>Absorption d\u2019eau de l\u2019adh\u00e9sif (ASTM D570)<\/td>\n<td>0.30%<\/td>\n<\/tr>\n<tr>\n<td>R\u00e9sistance \u00e0 la rupture (ASTM D1000)<\/td>\n<td>805,13 N<\/td>\n<\/tr>\n<tr>\n<td>Elongation<\/td>\n<td>80%<\/td>\n<\/tr>\n<tr>\n<td>Epaisseur de l\u2019adh\u00e9sif (ASTM D1000)<\/td>\n<td>12,7 mm<\/td>\n<\/tr>\n<tr>\n<td>Epaisseur du support (ASTM D1000)<\/td>\n<td>3,81 mm<\/td>\n<\/tr>\n<tr>\n<td>Arrachement (ASTM D1000)<\/td>\n<td>Fracture coh\u00e9sive<\/td>\n<\/tr>\n<\/tbody>\n<\/table>\n<h3>Sant\u00e9 et S\u00e9curit\u00e9<\/h3>\n<p>FDS disponible sur demande.<\/p>\n","protected":false},"excerpt":{"rendered":"<p>Rev\u00eatement durable et facile \u00e0 installer pour soudures de prise de potentiel et autres petites applications Description Le Trenton Patch-Pad\u00ae est un rev\u00eatement souple et rapide \u00e0 installer pour prot\u00e9ger des petites surfaces de canalisation ou autres structures m\u00e9talliques. Le Patch-Pad s\u2019applique sans primaire, il est auto-adh\u00e9rent et requiert une pr\u00e9paration de surface minimale. Il &hellip; <a href=\"https:\/\/trentoncorp.com\/fr\/produits\/apprets-et-mastics\/patch-pad\/\" class=\"more-link\">Continuer la lecture<span class=\"screen-reader-text\"> de &laquo;&nbsp;Patch-Pad\u00ae&nbsp;&raquo;<\/span><\/a><\/p>\n","protected":false},"author":1,"featured_media":0,"parent":23,"menu_order":5,"comment_status":"closed","ping_status":"closed","template":"","meta":{"footnotes":""},"class_list":["post-35","page","type-page","status-publish","hentry"],"aioseo_notices":[],"_links":{"self":[{"href":"https:\/\/trentoncorp.com\/fr\/wp-json\/wp\/v2\/pages\/35","targetHints":{"allow":["GET"]}}],"collection":[{"href":"https:\/\/trentoncorp.com\/fr\/wp-json\/wp\/v2\/pages"}],"about":[{"href":"https:\/\/trentoncorp.com\/fr\/wp-json\/wp\/v2\/types\/page"}],"author":[{"embeddable":true,"href":"https:\/\/trentoncorp.com\/fr\/wp-json\/wp\/v2\/users\/1"}],"replies":[{"embeddable":true,"href":"https:\/\/trentoncorp.com\/fr\/wp-json\/wp\/v2\/comments?post=35"}],"version-history":[{"count":0,"href":"https:\/\/trentoncorp.com\/fr\/wp-json\/wp\/v2\/pages\/35\/revisions"}],"up":[{"embeddable":true,"href":"https:\/\/trentoncorp.com\/fr\/wp-json\/wp\/v2\/pages\/23"}],"wp:attachment":[{"href":"https:\/\/trentoncorp.com\/fr\/wp-json\/wp\/v2\/media?parent=35"}],"curies":[{"name":"wp","href":"https:\/\/api.w.org\/{rel}","templated":true}]}}