{"id":337,"date":"2018-09-18T14:04:17","date_gmt":"2018-09-18T19:04:17","guid":{"rendered":"https:\/\/trentoncorp.com\/fr\/?page_id=337"},"modified":"2018-09-18T14:23:09","modified_gmt":"2018-09-18T19:23:09","slug":"politique-de-confidentialite","status":"publish","type":"page","link":"https:\/\/trentoncorp.com\/fr\/politique-de-confidentialite\/","title":{"rendered":"Politique de confidentialit\u00e9"},"content":{"rendered":"<p><strong>Derni\u00e8re mise \u00e0 jour<\/strong> : 2018\/5\/29<\/p>\n<p>Cet avis de confidentialit\u00e9 explique les pratiques de confidentialit\u00e9 de notre site Web\u00a0: trentoncorp.com. Cet avis de confidentialit\u00e9 s&rsquo;applique uniquement aux informations collect\u00e9es par ce site Web, sauf indication contraire.<\/p>\n<h2>Ce que nous recueillons<\/h2>\n<p>Notre site n&rsquo;utilise pas de suivi comme Google Analytics et n&rsquo;utilise pas de cookies. Les seules informations que nous recevons \u00e0 votre sujet sont celles que vous soumettez activement via le formulaire de contact.<\/p>\n<h3>Formulaires de contact<\/h3>\n<p>Chaque fois que vous remplissez notre formulaire de contact et nous le soumettez, nous recevons une notification par courrier \u00e9lectronique avec les informations que vous avez soumises. <strong>Vos informations ne sont pas stock\u00e9es sur les serveurs de notre site Web<\/strong>. Nous utilisons les informations que vous fournissez pour r\u00e9pondre \u00e0 votre demande, et rien de plus. Nous les partagerons en interne avec notre \u00e9quipe, au besoin. Nous ne partagerons jamais vos informations avec des tiers, sauf si cela est n\u00e9cessaire pour satisfaire votre demande. Nous ne partagerons et ne vendrons jamais vos informations \u00e0 des sp\u00e9cialistes du marketing tiers ni ne vous contacterons pour toute autre raison que pour r\u00e9pondre \u00e0 votre demande.<\/p>\n<h2>Des questions?<\/h2>\n<p>Pour toute question concernant cette politique de confidentialit\u00e9 ou la mani\u00e8re dont nous utilisons vos donn\u00e9es, veuillez contacter <a href=\"mailto:info@trentoncorp.com\">info@trentoncorp.com<\/a>.<\/p>\n","protected":false},"excerpt":{"rendered":"<p>Derni\u00e8re mise \u00e0 jour : 2018\/5\/29 Cet avis de confidentialit\u00e9 explique les pratiques de confidentialit\u00e9 de notre site Web\u00a0: trentoncorp.com. Cet avis de confidentialit\u00e9 s&rsquo;applique uniquement aux informations collect\u00e9es par ce site Web, sauf indication contraire. Ce que nous recueillons Notre site n&rsquo;utilise pas de suivi comme Google Analytics et n&rsquo;utilise pas de cookies. Les &hellip; <a href=\"https:\/\/trentoncorp.com\/fr\/politique-de-confidentialite\/\" class=\"more-link\">Continuer la lecture<span class=\"screen-reader-text\"> de &laquo;&nbsp;Politique de confidentialit\u00e9&nbsp;&raquo;<\/span><\/a><\/p>\n","protected":false},"author":1,"featured_media":0,"parent":0,"menu_order":0,"comment_status":"closed","ping_status":"closed","template":"","meta":{"footnotes":""},"class_list":["post-337","page","type-page","status-publish","hentry"],"aioseo_notices":[],"_links":{"self":[{"href":"https:\/\/trentoncorp.com\/fr\/wp-json\/wp\/v2\/pages\/337","targetHints":{"allow":["GET"]}}],"collection":[{"href":"https:\/\/trentoncorp.com\/fr\/wp-json\/wp\/v2\/pages"}],"about":[{"href":"https:\/\/trentoncorp.com\/fr\/wp-json\/wp\/v2\/types\/page"}],"author":[{"embeddable":true,"href":"https:\/\/trentoncorp.com\/fr\/wp-json\/wp\/v2\/users\/1"}],"replies":[{"embeddable":true,"href":"https:\/\/trentoncorp.com\/fr\/wp-json\/wp\/v2\/comments?post=337"}],"version-history":[{"count":0,"href":"https:\/\/trentoncorp.com\/fr\/wp-json\/wp\/v2\/pages\/337\/revisions"}],"wp:attachment":[{"href":"https:\/\/trentoncorp.com\/fr\/wp-json\/wp\/v2\/media?parent=337"}],"curies":[{"name":"wp","href":"https:\/\/api.w.org\/{rel}","templated":true}]}}