{"id":33,"date":"2016-01-19T01:47:52","date_gmt":"2016-01-19T01:47:52","guid":{"rendered":"http:\/\/clients.radiantpunch.com\/trenton\/fr\/?page_id=33"},"modified":"2017-05-04T14:50:07","modified_gmt":"2017-05-04T19:50:07","slug":"fill-putty","status":"publish","type":"page","link":"https:\/\/trentoncorp.com\/fr\/produits\/apprets-et-mastics\/fill-putty\/","title":{"rendered":"Fill-Putty"},"content":{"rendered":"<h3>Description<\/h3>\n<p><img loading=\"lazy\" decoding=\"async\" class=\"alignright size-full wp-image-285\" src=\"\/wp-content\/uploads\/2016\/01\/fill-putty.jpg\" alt=\"Fill Putty profiling mastic application\" width=\"233\" height=\"163\" \/>Fill-Putty est un produit de remplissage anticorrosion mall\u00e9able utilis\u00e9 pour \u00e9galiser les contours des accessoires et surfaces irr\u00e9guliers. Une fois appliqu\u00e9, on l&rsquo;entoure de Wax-Tapes de Trenton.<\/p>\n<h3>Application<\/h3>\n<p>Brosser ou frotter la surface pour \u00e9liminer la salet\u00e9, la rouille d\u00e9tachable, les vieux rev\u00eatements et autres impuret\u00e9s. Appliquer Fill-Putty directement \u00e0 la main en travaillant le produit sur la surface m\u00e9tallique et en s&rsquo;assurant que le mastic \u00ab\u00a0transpire\u00a0\u00bb et adh\u00e8re \u00e0 la surface. Continuer \u00e0 appliquer le produit dans et autour des creux, des contours et des crevasses de sorte \u00e0 cr\u00e9er une surface plane tout autour de l&rsquo;accessoire ou de la structure. Entourer ensuite l&rsquo;ensemble de l&rsquo;application des Wax-Tapes de Trenton.<\/p>\n<h3>Conditionnement<\/h3>\n<p>B\u00e2tons de 5 cm de diam\u00e8tre par 33 cm de longueur<br \/>\n20 b\u00e2tons par caisse<br \/>\n18 kg par caisse<\/p>\n<h3>Sp\u00e9cifications<\/h3>\n<table>\n<tbody>\n<tr>\n<td>Gravit\u00e9 sp\u00e9cifique<\/td>\n<td>1.15<\/td>\n<\/tr>\n<tr>\n<td>Densit\u00e9<\/td>\n<td>1,15 g par cm3<\/td>\n<\/tr>\n<tr>\n<td>Temp\u00e9rature d&rsquo;application<\/td>\n<td>4,5 \u00b0C \u00e0 60\u00a0\u00b0C<\/td>\n<\/tr>\n<tr>\n<td>Temp\u00e9rature de service<\/td>\n<td>60 \u00b0C\u00a0maximum<\/td>\n<\/tr>\n<tr>\n<td>Point d&rsquo;\u00e9clair<\/td>\n<td>177 \u00b0C minimum<\/td>\n<\/tr>\n<tr>\n<td>Point d&rsquo;\u00e9coulement<\/td>\n<td>116 \u00b0C<\/td>\n<\/tr>\n<\/tbody>\n<\/table>\n","protected":false},"excerpt":{"rendered":"<p>Description Fill-Putty est un produit de remplissage anticorrosion mall\u00e9able utilis\u00e9 pour \u00e9galiser les contours des accessoires et surfaces irr\u00e9guliers. Une fois appliqu\u00e9, on l&rsquo;entoure de Wax-Tapes de Trenton. Application Brosser ou frotter la surface pour \u00e9liminer la salet\u00e9, la rouille d\u00e9tachable, les vieux rev\u00eatements et autres impuret\u00e9s. Appliquer Fill-Putty directement \u00e0 la main en travaillant &hellip; <a href=\"https:\/\/trentoncorp.com\/fr\/produits\/apprets-et-mastics\/fill-putty\/\" class=\"more-link\">Continuer la lecture<span class=\"screen-reader-text\"> de &laquo;&nbsp;Fill-Putty&nbsp;&raquo;<\/span><\/a><\/p>\n","protected":false},"author":1,"featured_media":0,"parent":23,"menu_order":4,"comment_status":"closed","ping_status":"closed","template":"","meta":{"footnotes":""},"class_list":["post-33","page","type-page","status-publish","hentry"],"aioseo_notices":[],"_links":{"self":[{"href":"https:\/\/trentoncorp.com\/fr\/wp-json\/wp\/v2\/pages\/33","targetHints":{"allow":["GET"]}}],"collection":[{"href":"https:\/\/trentoncorp.com\/fr\/wp-json\/wp\/v2\/pages"}],"about":[{"href":"https:\/\/trentoncorp.com\/fr\/wp-json\/wp\/v2\/types\/page"}],"author":[{"embeddable":true,"href":"https:\/\/trentoncorp.com\/fr\/wp-json\/wp\/v2\/users\/1"}],"replies":[{"embeddable":true,"href":"https:\/\/trentoncorp.com\/fr\/wp-json\/wp\/v2\/comments?post=33"}],"version-history":[{"count":0,"href":"https:\/\/trentoncorp.com\/fr\/wp-json\/wp\/v2\/pages\/33\/revisions"}],"up":[{"embeddable":true,"href":"https:\/\/trentoncorp.com\/fr\/wp-json\/wp\/v2\/pages\/23"}],"wp:attachment":[{"href":"https:\/\/trentoncorp.com\/fr\/wp-json\/wp\/v2\/media?parent=33"}],"curies":[{"name":"wp","href":"https:\/\/api.w.org\/{rel}","templated":true}]}}