{"id":29,"date":"2016-01-19T01:46:19","date_gmt":"2016-01-19T01:46:19","guid":{"rendered":"http:\/\/clients.radiantpunch.com\/trenton\/fr\/?page_id=29"},"modified":"2017-07-19T10:18:41","modified_gmt":"2017-07-19T15:18:41","slug":"temcoat-et-temcoat-3000","status":"publish","type":"page","link":"https:\/\/trentoncorp.com\/fr\/produits\/apprets-et-mastics\/temcoat-et-temcoat-3000\/","title":{"rendered":"Temcoat et Temcoat 3000"},"content":{"rendered":"<h3>Description<\/h3>\n<figure id=\"attachment_279\" aria-describedby=\"caption-attachment-279\" style=\"width: 233px\" class=\"wp-caption alignright\"><img loading=\"lazy\" decoding=\"async\" class=\"size-full wp-image-279\" src=\"\/wp-content\/uploads\/2016\/01\/temcoat.jpg\" alt=\"A protective layer of Temcoat on a pipe\" width=\"233\" height=\"163\" \/><figcaption id=\"caption-attachment-279\" class=\"wp-caption-text\">Le Temcoat offre un rev\u00eatement de protection tr\u00e8s robuste qui est rendu encore plus efficace lorsqu&rsquo;on ajoute un Wax-Tape.<\/figcaption><\/figure>\n<p>Temcoat et Temcoat 3000 sont des rev\u00eatements \u00e0 base de cire microcristalline \u00e0 haute temp\u00e9rature qui ne fondent pas et peuvent \u00eatre appliqu\u00e9s \u00e0 des temp\u00e9ratures ambiantes atteignant 93 \u00b0C. Ils ne n\u00e9cessitent pas du primaire ni de d\u00e9lai de s\u00e9chage et s&rsquo;appliquent facilement \u00e0 la main. Temcoat 3000 est con\u00e7u pour pouvoir \u00eatre pos\u00e9 aussi \u00e0 basse temp\u00e9rature.<\/p>\n<h3>Utilisation<\/h3>\n<p>Temcoat et Temcoat 3000 s&rsquo;utilisent comme produits anticorrosion pour les surfaces enterr\u00e9es et ext\u00e9rieures. On peut les utiliser comme rev\u00eatements pos\u00e9s \u00e0 froid avec un rev\u00eatement compl\u00e9mentaire ou comme du primaire avec des Wax-Tapes. Du fait que leur consistance reste p\u00e2teuse sur une vaste plage de temp\u00e9rature, ils sont d&rsquo;excellents mat\u00e9riaux pour combler les creux. Ils peuvent \u00eatre utilis\u00e9s sur des conduites droites, des accessoires irr\u00e9guliers ou des surfaces planes.<\/p>\n<h3>Proc\u00e9dure d&rsquo;application<\/h3>\n<p>Brosser et gratter la surface pour \u00e9liminer la salet\u00e9 et les d\u00e9bris de rev\u00eatement et de rouille d\u00e9tach\u00e9s, le tartre et les impuret\u00e9s. Appliquer Temcoat \u00e0 la main directement sur la surface. A haute temp\u00e9rature, on peut appliquer Temcoat avec une brosse. Sur les surfaces humides, frotter et presser fortement pour repousser l&rsquo;humidit\u00e9 et assurer l&rsquo;adh\u00e9rence. Dans les applications enterr\u00e9es, pour prot\u00e9ger Temcoat contre l&rsquo;abrasion m\u00e9canique, entourez-le avec du Poly-Ply, du Guard-Wrap ou du Wax-Tape N\u00ba 1. Dans les applications ext\u00e9rieures, entourez-le avec du Wax-Tape N\u00ba 2.<\/p>\n<h3>Conditionnement<\/h3>\n<p>Seaux de 13,6 litres (environ 10,8 kg\/seau)<br \/>\nSeaux de 3,78 litres (15,1 litres\/carton)<br \/>\n14,4 kg\/carton<\/p>\n<h3>Sp\u00e9cifications<\/h3>\n<table>\n<thead>\n<tr>\n<td><\/td>\n<td>Temcoat<\/td>\n<td>Temcoat 3000<\/td>\n<\/tr>\n<\/thead>\n<tbody>\n<tr>\n<td>Couleur<\/td>\n<td>Brun<\/td>\n<td>Brun<\/td>\n<\/tr>\n<tr>\n<td>Point d&rsquo;\u00e9coulement<\/td>\n<td>Ne fond pas<\/td>\n<td>Ne fond pas<\/td>\n<\/tr>\n<tr>\n<td>Point d&rsquo;\u00e9clair<\/td>\n<td>177 \u00b0C minimum<\/td>\n<td>177 \u00b0C minimum<\/td>\n<\/tr>\n<tr>\n<td>R\u00e9sistance di\u00e9lectrique<\/td>\n<td>4 kv\/mm<\/td>\n<td>4 kv\/mm<\/td>\n<\/tr>\n<tr>\n<td>Temp\u00e9rature d&rsquo;application<\/td>\n<td>0 \u00e0 93 \u00b0C<\/td>\n<td>-18\u00b0 \u00e0 93 \u00b0C<\/td>\n<\/tr>\n<\/tbody>\n<\/table>\n<h3>Avantages<\/h3>\n<ul>\n<li>R\u00e9siste aux temp\u00e9ratures ambiantes \u00e9lev\u00e9es<\/li>\n<li>S&rsquo;applique facilement \u00e0 la main<\/li>\n<li>Ne n\u00e9cessite pas de primaire<\/li>\n<li>Pas de d\u00e9lai de s\u00e9chage<\/li>\n<li>Sans danger et sans compos\u00e9s organiques volatiles<\/li>\n<li>Pr\u00e9paration minimale des surfaces<\/li>\n<li>Peut s&rsquo;appliquer sur des conduites humides<\/li>\n<\/ul>\n","protected":false},"excerpt":{"rendered":"<p>Description Temcoat et Temcoat 3000 sont des rev\u00eatements \u00e0 base de cire microcristalline \u00e0 haute temp\u00e9rature qui ne fondent pas et peuvent \u00eatre appliqu\u00e9s \u00e0 des temp\u00e9ratures ambiantes atteignant 93 \u00b0C. Ils ne n\u00e9cessitent pas du primaire ni de d\u00e9lai de s\u00e9chage et s&rsquo;appliquent facilement \u00e0 la main. Temcoat 3000 est con\u00e7u pour pouvoir \u00eatre &hellip; <a href=\"https:\/\/trentoncorp.com\/fr\/produits\/apprets-et-mastics\/temcoat-et-temcoat-3000\/\" class=\"more-link\">Continuer la lecture<span class=\"screen-reader-text\"> de &laquo;&nbsp;Temcoat et Temcoat 3000&nbsp;&raquo;<\/span><\/a><\/p>\n","protected":false},"author":1,"featured_media":0,"parent":23,"menu_order":2,"comment_status":"closed","ping_status":"closed","template":"","meta":{"footnotes":""},"class_list":["post-29","page","type-page","status-publish","hentry"],"aioseo_notices":[],"_links":{"self":[{"href":"https:\/\/trentoncorp.com\/fr\/wp-json\/wp\/v2\/pages\/29","targetHints":{"allow":["GET"]}}],"collection":[{"href":"https:\/\/trentoncorp.com\/fr\/wp-json\/wp\/v2\/pages"}],"about":[{"href":"https:\/\/trentoncorp.com\/fr\/wp-json\/wp\/v2\/types\/page"}],"author":[{"embeddable":true,"href":"https:\/\/trentoncorp.com\/fr\/wp-json\/wp\/v2\/users\/1"}],"replies":[{"embeddable":true,"href":"https:\/\/trentoncorp.com\/fr\/wp-json\/wp\/v2\/comments?post=29"}],"version-history":[{"count":0,"href":"https:\/\/trentoncorp.com\/fr\/wp-json\/wp\/v2\/pages\/29\/revisions"}],"up":[{"embeddable":true,"href":"https:\/\/trentoncorp.com\/fr\/wp-json\/wp\/v2\/pages\/23"}],"wp:attachment":[{"href":"https:\/\/trentoncorp.com\/fr\/wp-json\/wp\/v2\/media?parent=29"}],"curies":[{"name":"wp","href":"https:\/\/api.w.org\/{rel}","templated":true}]}}