{"id":270,"date":"2016-06-07T14:50:58","date_gmt":"2016-06-07T19:50:58","guid":{"rendered":"https:\/\/trentoncorp.com\/fr\/?page_id=270"},"modified":"2018-12-19T12:02:25","modified_gmt":"2018-12-19T17:02:25","slug":"calculateur-pour-les-besoins-en-materiaux","status":"publish","type":"page","link":"https:\/\/trentoncorp.com\/fr\/produits\/wax-tape-brand-anticorrosion-wraps\/calculateur-pour-les-besoins-en-materiaux\/","title":{"rendered":"Calculateur pour les besoins en mat\u00e9riaux"},"content":{"rendered":"<h2>Calculateur d\u2019exigences de mat\u00e9riaux pour recouvrements anticorrosion Wax-Tape<sup>\u00ae<\/sup> n\u00ba 1 et n\u00ba 2<\/h2>\n<p>Le calculateur ci-dessous est \u00e0 votre disposition. En cas de besoin, n&rsquo;h\u00e9sitez pas \u00e0 t\u00e9l\u00e9phoner au service commercial Trenton au +33 1 42 99 95 78 qui vous aidera \u00e0 d\u00e9terminer les quantit\u00e9s de produits dont vous avez besoin.<\/p>\n<hr \/>\n<section id=\"materialrc-wrapper\">\n<p><span class=\"input-label\">Diam&#232;tre externe du tuyau &#40;<u>pouces<u>&#41;&#58; <\/span><input class=\"NewTextbox\" id=\"pPODin\" type=\"text\"> Dans le cas d\u2019un changement de diam&#232;tre ou de longueur, cliquez sur &#171; calculer &#187; pour refaire le calcul.<\/p>\n<p><span class=\"input-label\">Longueur du tuyau &#40;en m&#232;tres&#41;&#58; <\/span><input class=\"NewTextbox\" id=\"pPLft\" type=\"text\"> <input name=\"Submit1\" onclick=\"Btn1Clk()\" type=\"submit\" value=\"CALCULER\"><br \/>La ligne surlign&#233;e en jaune correspond &#224; la largeur de bande recommand&#233;e.<\/p>\n<table class=\"material-req-calc\" rules=\"groups\">\n  <thead>\n    <tr>\n    <td><\/td>\n    <td colspan=\"2\"><u>Rouleaux<\/u> N&#233;cessaires<\/td>\n    <td colspan=\"2\"><u>Cartons<\/u> N&#233;cessaires<\/td>\n    <\/tr>\n    <tr>\n      <td><\/td>\n      <td>1&#34; Chevauchement<\/td>\n      <td>55&#37; Chevauchement<\/td>\n      <td>1&#34; Chevauchement<\/td>\n      <td>55&#37; Chevauchement<\/td>\n    <\/tr>\n  <\/thead>\n  <tbody>\n    <tr id=\"DR2x9\">\n      <td>5,08 cm x 2,7432 m  &#40;48 rouleaux&#47;carton&#41;<\/td>\n      <td><span id=\"cell_11a\">-0-<\/span><\/td>\n      <td><span id=\"cell_12a\">-0-<\/span><\/td>\n      <td><span id=\"cell_13b\">-0-<\/span><\/td>\n      <td><span id=\"cell_14b\">-0-<\/span><\/td>\n    <\/tr>\n    <tr id=\"DR4x9\">\n      <td>10,16 cm x 2,7432 m  &#40;24 rouleaux&#47;carton&#41;<\/td>\n      <td><span id=\"cell_21a\">-0-<\/span><\/td>\n      <td><span id=\"cell_22a\">-0-<\/span><\/td>\n      <td><span id=\"cell_23b\">-0-<\/span><\/td>\n      <td><span id=\"cell_24b\">-0-<\/span><\/td>\n    <\/tr>\n    <tr id=\"DR6x9\">\n      <td>15,24 cm x 2,7432 m  &#40;16 rouleaux&#47;carton&#41;<\/td>\n      <td><span id=\"cell_31a\">-0-<\/span><\/td>\n      <td><span id=\"cell_32a\">-0-<\/span><\/td>\n      <td><span id=\"cell_33b\">-0-<\/span><\/td>\n      <td><span id=\"cell_34b\">-0-<\/span><\/td>\n    <\/tr>\n    <tr id=\"DR6x18\">\n  <td>15,24 cm x 5,4864 m  &#40;8 rouleaux&#47;carton&#41;<\/td>\n  <td><span id=\"cell_51a\">-0-<\/span><\/td>\n  <td><span id=\"cell_52a\">-0-<\/span><\/td>\n  <td><span id=\"cell_53b\">-0-<\/span><\/td>\n  <td><span id=\"cell_54b\">-0-<\/span><\/td>\n<\/tr>\n<tr id=\"DR9x18\">\n  <td>22,86 cm x 5,4864 m  &#40;6 rouleaux&#47;carton&#41;<\/td>\n  <td><span id=\"cell_61a\">-0-<\/span><\/td>\n  <td><span id=\"cell_62a\">-0-<\/span><\/td>\n  <td><span id=\"cell_63b\">-0-<\/span><\/td>\n  <td><span id=\"cell_64b\">-0-<\/span><\/td>\n<\/tr>\n    <tr id=\"DR12x18\">\n      <td>30,48 cm x 5,4864 m  &#40;4 rouleaux&#47;carton&#41;<\/td>\n      <td><span id=\"cell_71a\">-0-<\/span><\/td>\n      <td><span id=\"cell_72a\">-0-<\/span><\/td>\n      <td><span id=\"cell_73b\">-0-<\/span><\/td>\n      <td><span id=\"cell_74b\">-0-<\/span><\/td>\n    <\/tr>\n  <\/tbody>\n<\/table>\n<hr \/>\n<h3>Quantit&#233; de primaire requise&#58;<\/h3>\n<table id=\"primer-req\">\n  <tbody>\n    <tr>\n      <td>Gallons&#58;<\/td>\n      <td><span id=\"cell_pc1\"><\/span><\/td>\n      <td><\/td>\n    <\/tr>\n    <tr>\n      <td>Cartons&#58;<\/td>\n      <td><span id=\"cell_pc2\"><\/span><\/td>\n      <td>&#40;<span id=\"CaseText1\">4<\/span> gal.&#47;bo&#238;te&#41; Temcoat&#8482; et Temcoat 3000&#8482; sont &#233;galement disponibles en seaux de 3 gallons.<\/td>\n    <\/tr>\n  <\/tbody>\n<\/table>\n<\/section>\n","protected":false},"excerpt":{"rendered":"<p>Calculateur d\u2019exigences de mat\u00e9riaux pour recouvrements anticorrosion Wax-Tape\u00ae n\u00ba 1 et n\u00ba 2 Le calculateur ci-dessous est \u00e0 votre disposition. En cas de besoin, n&rsquo;h\u00e9sitez pas \u00e0 t\u00e9l\u00e9phoner au service commercial Trenton au +33 1 42 99 95 78 qui vous aidera \u00e0 d\u00e9terminer les quantit\u00e9s de produits dont vous avez besoin.<\/p>\n","protected":false},"author":1,"featured_media":0,"parent":13,"menu_order":0,"comment_status":"closed","ping_status":"closed","template":"","meta":{"footnotes":""},"class_list":["post-270","page","type-page","status-publish","hentry"],"aioseo_notices":[],"_links":{"self":[{"href":"https:\/\/trentoncorp.com\/fr\/wp-json\/wp\/v2\/pages\/270","targetHints":{"allow":["GET"]}}],"collection":[{"href":"https:\/\/trentoncorp.com\/fr\/wp-json\/wp\/v2\/pages"}],"about":[{"href":"https:\/\/trentoncorp.com\/fr\/wp-json\/wp\/v2\/types\/page"}],"author":[{"embeddable":true,"href":"https:\/\/trentoncorp.com\/fr\/wp-json\/wp\/v2\/users\/1"}],"replies":[{"embeddable":true,"href":"https:\/\/trentoncorp.com\/fr\/wp-json\/wp\/v2\/comments?post=270"}],"version-history":[{"count":0,"href":"https:\/\/trentoncorp.com\/fr\/wp-json\/wp\/v2\/pages\/270\/revisions"}],"up":[{"embeddable":true,"href":"https:\/\/trentoncorp.com\/fr\/wp-json\/wp\/v2\/pages\/13"}],"wp:attachment":[{"href":"https:\/\/trentoncorp.com\/fr\/wp-json\/wp\/v2\/media?parent=270"}],"curies":[{"name":"wp","href":"https:\/\/api.w.org\/{rel}","templated":true}]}}