{"id":25,"date":"2016-01-19T01:44:57","date_gmt":"2016-01-19T01:44:57","guid":{"rendered":"http:\/\/clients.radiantpunch.com\/trenton\/fr\/?page_id=25"},"modified":"2018-02-27T11:41:15","modified_gmt":"2018-02-27T16:41:15","slug":"wax-tape-primer-brun","status":"publish","type":"page","link":"https:\/\/trentoncorp.com\/fr\/produits\/apprets-et-mastics\/wax-tape-primer-brun\/","title":{"rendered":"Wax-Tape Primer (Brun)"},"content":{"rendered":"<h3>Description<\/h3>\n<p><img loading=\"lazy\" decoding=\"async\" class=\"alignright size-full wp-image-274\" src=\"\/wp-content\/uploads\/2016\/01\/wax-tape-brown.jpg\" alt=\"Brown Wax-Tape primer application\" width=\"233\" height=\"163\" \/>Wax-Tape Primer est un m\u00e9lange de cires microcristallines, de plastifiants et d&rsquo;inhibiteurs de corrosion (pas de produits de charge argileux). Il a une consistance p\u00e2teuse et est con\u00e7u pour repousser l&rsquo;humidit\u00e9 et mouiller la surface pour assurer l&rsquo;adh\u00e9rence de la bande.<\/p>\n<h3>Utilisation<\/h3>\n<p>Traitement des surfaces m\u00e9talliques enterr\u00e9es et ext\u00e9rieures avant l&rsquo;application des Wax-Tapes Trenton.<\/p>\n<h3>Proc\u00e9dure d&rsquo;application<\/h3>\n<p>Brosser et gratter la surface pour la nettoyer et la s\u00e9cher le plus possible. Appliquer le Wax-Tape Primer \u00e0 la main, en frottant et en pressant fortement sur la surface, surtout si elle est humide, froide ou rouill\u00e9e, pour repousser l&rsquo;humidit\u00e9 et assurer l&rsquo;adh\u00e9rence. Apr\u00e8s l&rsquo;application du primaire, on peut appliquer du Wax-Tape N\u00ba 1<\/p>\n<h3>Conditionnement<\/h3>\n<p>Bidons de 3,78 litres, 4 bidons\/carton, 14,4 kg\/carton.<\/p>\n<h3>Specifications<\/h3>\n<table>\n<tbody>\n<tr>\n<td>Couleur<\/td>\n<td>Brun<\/td>\n<\/tr>\n<tr>\n<td>Point d&rsquo;\u00e9coulement<\/td>\n<td>38 \u00e0 43 \u00b0C<\/td>\n<\/tr>\n<tr>\n<td>Point d&rsquo;\u00e9clair<\/td>\n<td>177 \u00b0C minimum<\/td>\n<\/tr>\n<tr>\n<td>Pouvoir couvrant (approximatif)<\/td>\n<td>1 1\/2 m\u00b2<\/td>\n<\/tr>\n<\/tbody>\n<\/table>\n<h3>Avantages<\/h3>\n<ul>\n<li>S&rsquo;applique facilement \u00e0 la main<\/li>\n<li>Repousse l&rsquo;humidit\u00e9<\/li>\n<li>P\u00e9n\u00e8tre dans la rouille superficielle<\/li>\n<li>Facilite le <q>mouillage<\/q> des surfaces<\/li>\n<li>Assure l&rsquo;adh\u00e9rence des bandes<\/li>\n<li>Une couche mince suffit<\/li>\n<li>Pas de d\u00e9lai de s\u00e9chage<\/li>\n<li>Ne se m\u00e9lange pas, ne se dilue pas et ne se remue pas<\/li>\n<li>Compatible avec d&rsquo;autres rev\u00eatements<\/li>\n<li>Non toxique, ininflammable, non canc\u00e9rig\u00e8ne et sans compos\u00e9s organiques volatiles<\/li>\n<\/ul>\n","protected":false},"excerpt":{"rendered":"<p>Description Wax-Tape Primer est un m\u00e9lange de cires microcristallines, de plastifiants et d&rsquo;inhibiteurs de corrosion (pas de produits de charge argileux). Il a une consistance p\u00e2teuse et est con\u00e7u pour repousser l&rsquo;humidit\u00e9 et mouiller la surface pour assurer l&rsquo;adh\u00e9rence de la bande. Utilisation Traitement des surfaces m\u00e9talliques enterr\u00e9es et ext\u00e9rieures avant l&rsquo;application des Wax-Tapes Trenton. &hellip; <a href=\"https:\/\/trentoncorp.com\/fr\/produits\/apprets-et-mastics\/wax-tape-primer-brun\/\" class=\"more-link\">Continuer la lecture<span class=\"screen-reader-text\"> de &laquo;&nbsp;Wax-Tape Primer (Brun)&nbsp;&raquo;<\/span><\/a><\/p>\n","protected":false},"author":1,"featured_media":0,"parent":23,"menu_order":0,"comment_status":"closed","ping_status":"closed","template":"","meta":{"footnotes":""},"class_list":["post-25","page","type-page","status-publish","hentry"],"aioseo_notices":[],"_links":{"self":[{"href":"https:\/\/trentoncorp.com\/fr\/wp-json\/wp\/v2\/pages\/25","targetHints":{"allow":["GET"]}}],"collection":[{"href":"https:\/\/trentoncorp.com\/fr\/wp-json\/wp\/v2\/pages"}],"about":[{"href":"https:\/\/trentoncorp.com\/fr\/wp-json\/wp\/v2\/types\/page"}],"author":[{"embeddable":true,"href":"https:\/\/trentoncorp.com\/fr\/wp-json\/wp\/v2\/users\/1"}],"replies":[{"embeddable":true,"href":"https:\/\/trentoncorp.com\/fr\/wp-json\/wp\/v2\/comments?post=25"}],"version-history":[{"count":0,"href":"https:\/\/trentoncorp.com\/fr\/wp-json\/wp\/v2\/pages\/25\/revisions"}],"up":[{"embeddable":true,"href":"https:\/\/trentoncorp.com\/fr\/wp-json\/wp\/v2\/pages\/23"}],"wp:attachment":[{"href":"https:\/\/trentoncorp.com\/fr\/wp-json\/wp\/v2\/media?parent=25"}],"curies":[{"name":"wp","href":"https:\/\/api.w.org\/{rel}","templated":true}]}}