{"id":23,"date":"2016-01-19T01:44:32","date_gmt":"2016-01-19T01:44:32","guid":{"rendered":"http:\/\/clients.radiantpunch.com\/trenton\/fr\/?page_id=23"},"modified":"2016-01-19T01:44:32","modified_gmt":"2016-01-19T01:44:32","slug":"apprets-et-mastics","status":"publish","type":"page","link":"https:\/\/trentoncorp.com\/fr\/produits\/apprets-et-mastics\/","title":{"rendered":"Appr\u00eats et mastics"},"content":{"rendered":"<h2>LES PRIMAIRES TRENTON SONT UNE DES CLES DE L&rsquo;EFFICACITE DU SYSTEME WAX-TAPE.<\/h2>\n<figure id=\"attachment_271\" aria-describedby=\"caption-attachment-271\" style=\"width: 233px\" class=\"wp-caption alignright\"><img loading=\"lazy\" decoding=\"async\" class=\"size-full wp-image-271\" src=\"\/wp-content\/uploads\/2016\/01\/primer-mastics.jpg\" alt=\"Temcoat is being applied to a concrete pad in preparation for a layer of Wax-Tape, before the installation of a storage tank.\" width=\"233\" height=\"163\" \/><figcaption id=\"caption-attachment-271\" class=\"wp-caption-text\">Le Temcoat est appliqu\u00e9 sur une semelle de b\u00e9ton, en guise de pr\u00e9paration pour une couche de Wax-Tape, avant d&rsquo;installer une cuve de stockage.<\/figcaption><\/figure>\n<p>Les primaires p\u00e9n\u00e8trent dans la rouille superficielle lors de la pr\u00e9paration de l&rsquo;application des Wax-Tapes, ce qui signifie que les applicateurs sur le terrain n&rsquo;ont besoin que d&rsquo;une brosse m\u00e9tallique pour pr\u00e9parer les surfaces. Les primaires \u00ab\u00a0mouillent\u00a0\u00bb en profondeur la surface des conduites et ne n\u00e9cessitent aucun profil de surface ou motif d&rsquo;ancrage particulier pour adh\u00e9rer correctement. Les primaires Trenton sont indispensables pour produire un syst\u00e8me anticorrosion efficace.<\/p>\n<h3>Produits:<\/h3>\n<ul class=\"arrow-list\">\n<li><strong><a href=\"\/fr\/produits\/apprets-et-mastics\/wax-tape-primer-brun\/\">Wax-Tape Primer (Brun)<\/a><\/strong><\/li>\n<li><strong><a href=\"\/fr\/produits\/apprets-et-mastics\/wax-tape-primer-blanc\/\">Wax-Tape Primer (Blanc)<\/a><\/strong><\/li>\n<li><strong><a href=\"\/fr\/produits\/apprets-et-mastics\/temcoat-et-temcoat-3000\/\">Temcoat et Temcoat 3000<\/a><\/strong><\/li>\n<li><strong><a href=\"\/fr\/produits\/apprets-et-mastics\/fill-putty\/\"><strong>Fill-Putty<\/strong><\/a><\/li>\n<li><strong><a href=\"\/fr\/produits\/apprets-et-mastics\/patch-pad\/\"><strong>Pad-Patch<sup>\u00ae<\/sup><\/strong><\/a><\/li>\n<\/ul>\n","protected":false},"excerpt":{"rendered":"<p>LES PRIMAIRES TRENTON SONT UNE DES CLES DE L&rsquo;EFFICACITE DU SYSTEME WAX-TAPE. Les primaires p\u00e9n\u00e8trent dans la rouille superficielle lors de la pr\u00e9paration de l&rsquo;application des Wax-Tapes, ce qui signifie que les applicateurs sur le terrain n&rsquo;ont besoin que d&rsquo;une brosse m\u00e9tallique pour pr\u00e9parer les surfaces. Les primaires \u00ab\u00a0mouillent\u00a0\u00bb en profondeur la surface des conduites &hellip; <a href=\"https:\/\/trentoncorp.com\/fr\/produits\/apprets-et-mastics\/\" class=\"more-link\">Continuer la lecture<span class=\"screen-reader-text\"> de &laquo;&nbsp;Appr\u00eats et mastics&nbsp;&raquo;<\/span><\/a><\/p>\n","protected":false},"author":1,"featured_media":0,"parent":11,"menu_order":1,"comment_status":"closed","ping_status":"closed","template":"","meta":{"footnotes":""},"class_list":["post-23","page","type-page","status-publish","hentry"],"aioseo_notices":[],"_links":{"self":[{"href":"https:\/\/trentoncorp.com\/fr\/wp-json\/wp\/v2\/pages\/23","targetHints":{"allow":["GET"]}}],"collection":[{"href":"https:\/\/trentoncorp.com\/fr\/wp-json\/wp\/v2\/pages"}],"about":[{"href":"https:\/\/trentoncorp.com\/fr\/wp-json\/wp\/v2\/types\/page"}],"author":[{"embeddable":true,"href":"https:\/\/trentoncorp.com\/fr\/wp-json\/wp\/v2\/users\/1"}],"replies":[{"embeddable":true,"href":"https:\/\/trentoncorp.com\/fr\/wp-json\/wp\/v2\/comments?post=23"}],"version-history":[{"count":0,"href":"https:\/\/trentoncorp.com\/fr\/wp-json\/wp\/v2\/pages\/23\/revisions"}],"up":[{"embeddable":true,"href":"https:\/\/trentoncorp.com\/fr\/wp-json\/wp\/v2\/pages\/11"}],"wp:attachment":[{"href":"https:\/\/trentoncorp.com\/fr\/wp-json\/wp\/v2\/media?parent=23"}],"curies":[{"name":"wp","href":"https:\/\/api.w.org\/{rel}","templated":true}]}}