{"id":226,"date":"2016-01-14T06:38:50","date_gmt":"2016-01-14T06:38:50","guid":{"rendered":"http:\/\/clients.radiantpunch.com\/trenton\/fr\/?page_id=2"},"modified":"2023-05-12T09:17:43","modified_gmt":"2023-05-12T14:17:43","slug":"daccueil","status":"publish","type":"page","link":"https:\/\/trentoncorp.com\/fr\/","title":{"rendered":"d&rsquo;accueil"},"content":{"rendered":"<div id=\"flashhome\"><img loading=\"lazy\" decoding=\"async\" class=\"home-banner aligncenter wp-image-522 size-full\" src=\"https:\/\/trentoncorp.com\/fr\/wp-content\/uploads\/sites\/3\/2022\/05\/home-banner-fr.png\" alt=\"\" width=\"1860\" height=\"557\" srcset=\"https:\/\/trentoncorp.com\/fr\/wp-content\/uploads\/sites\/3\/2022\/05\/home-banner-fr.png 1860w, https:\/\/trentoncorp.com\/fr\/wp-content\/uploads\/sites\/3\/2022\/05\/home-banner-fr-300x90.png 300w, https:\/\/trentoncorp.com\/fr\/wp-content\/uploads\/sites\/3\/2022\/05\/home-banner-fr-1024x307.png 1024w, https:\/\/trentoncorp.com\/fr\/wp-content\/uploads\/sites\/3\/2022\/05\/home-banner-fr-768x230.png 768w, https:\/\/trentoncorp.com\/fr\/wp-content\/uploads\/sites\/3\/2022\/05\/home-banner-fr-1536x460.png 1536w, https:\/\/trentoncorp.com\/fr\/wp-content\/uploads\/sites\/3\/2022\/05\/home-banner-fr-1200x359.png 1200w\" sizes=\"auto, (max-width: 709px) 85vw, (max-width: 909px) 67vw, (max-width: 1362px) 62vw, 840px\" \/><\/div>\n<div class='content-column one_third'><div style=\"padding-right:8px;\"><h2>Bienvenue<\/h2>\n<p><img loading=\"lazy\" decoding=\"async\" class=\"home-border-img aligncenter wp-image-30 size-full\" src=\"\/wp-content\/uploads\/2016\/01\/city-welcome.jpg\" alt=\"Bird's-eye view of a city\" width=\"303\" height=\"93\" \/>Les <a href=\"\/fr\/produits\/\">produits<\/a> Trenton offrent une protection anticorrosion efficace et durable pour vos \u00e9quipements. Nos produits comprennent un choix de wax-tapes pour les applications a\u00e9riennes et souterraines, des cires \u00e0 appliquer \u00e0 chaud et \u00e0 froid, des rev\u00eatements compl\u00e9mentaires pour une meilleure protection m\u00e9canique et des produits de remplissage pour les gaines de pipelines et de c\u00e2bles. <a href=\"\/fr\/notre-societe\/\">En savoir plus.<\/a><br \/><\/div><\/div><div class='content-column one_third'><div style=\"padding-right:4px;padding-left:4px;\"><h2>Liens rapides<\/h2>\n<p><img loading=\"lazy\" decoding=\"async\" class=\"home-border-img aligncenter wp-image-32 size-full\" src=\"\/wp-content\/uploads\/2016\/01\/quick-link-columns.jpg\" alt=\"Columns of a building\" width=\"302\" height=\"93\" \/><b>Comment pouvons-nous vous aider?<\/b><\/p>\n<ul class=\"arrow-list\">\n<li><a href=\"\/fr\/produits\/wax-tape-brand-anticorrosion-wraps\/\">Wax-Tape\u00ae Brand Anticorrosion Wraps<\/a><\/li>\n<li><a href=\"\/fr\/produits\/apprets-et-mastics\/\">Appr\u00eats et mastics<\/a><\/li>\n<li><a href=\"\/fr\/produits\/innercoat-et-guard-wrap\/\">Innercoat et Guard-Wrap<\/a><\/li>\n<li><a href=\"\/fr\/produits\/revetements-exterieurs\/\">Rev\u00eatements ext\u00e9rieurs<\/a><\/li>\n<li><a href=\"\/fr\/produits\/casing-filling\/\">Casing Filling<\/a><\/li>\n<li><a href=\"\/fr\/produits\/apprets-et-mastics\/patch-pad\/\">Patch-Pad\u00ae<\/a><\/li>\n<\/ul>\n<p><a href=\"https:\/\/trentoncorp.com\/fr\/produits\/wax-tape-brand-anticorrosion-wraps\/calculateur-pour-les-besoins-en-materiaux\/\"><strong>Calculateur pour les besoins en mat\u00e9riaux<\/strong><\/a><\/p><\/div><\/div><div class='content-column one_third last_column'><div style=\"padding-left:8px;\"><h2>Nous contacter<\/h2>\n<p><img loading=\"lazy\" decoding=\"async\" class=\"home-border-img aligncenter wp-image-31 size-full\" src=\"\/wp-content\/uploads\/sites\/3\/2023\/05\/contact-map.jpg\" alt=\"Trenton location map\" width=\"303\" height=\"93\" \/><b><a href=\"\/fr\/nous-contacter\/\">Si\u00e8ge social<\/a><br \/>\n<\/b>Ann Arbor, Michigan | T: (734) 424-3600<br \/>\nF: (734) 426-5882<\/p>\n<p><b><a href=\"\/fr\/nous-contacter\/\">Bureau en France<\/a><\/b><br \/>\nParis, France | T: 33 (0)1 42 99 95 78<\/p><\/div><\/div><div class='clear_column'><\/div><\/p>\n","protected":false},"excerpt":{"rendered":"","protected":false},"author":1,"featured_media":0,"parent":0,"menu_order":0,"comment_status":"closed","ping_status":"closed","template":"","meta":{"footnotes":""},"class_list":["post-226","page","type-page","status-publish","hentry"],"aioseo_notices":[],"_links":{"self":[{"href":"https:\/\/trentoncorp.com\/fr\/wp-json\/wp\/v2\/pages\/226","targetHints":{"allow":["GET"]}}],"collection":[{"href":"https:\/\/trentoncorp.com\/fr\/wp-json\/wp\/v2\/pages"}],"about":[{"href":"https:\/\/trentoncorp.com\/fr\/wp-json\/wp\/v2\/types\/page"}],"author":[{"embeddable":true,"href":"https:\/\/trentoncorp.com\/fr\/wp-json\/wp\/v2\/users\/1"}],"replies":[{"embeddable":true,"href":"https:\/\/trentoncorp.com\/fr\/wp-json\/wp\/v2\/comments?post=226"}],"version-history":[{"count":0,"href":"https:\/\/trentoncorp.com\/fr\/wp-json\/wp\/v2\/pages\/226\/revisions"}],"wp:attachment":[{"href":"https:\/\/trentoncorp.com\/fr\/wp-json\/wp\/v2\/media?parent=226"}],"curies":[{"name":"wp","href":"https:\/\/api.w.org\/{rel}","templated":true}]}}