{"id":19,"date":"2016-01-19T01:43:46","date_gmt":"2016-01-19T01:43:46","guid":{"rendered":"http:\/\/clients.radiantpunch.com\/trenton\/fr\/?page_id=19"},"modified":"2016-01-19T01:43:46","modified_gmt":"2016-01-19T01:43:46","slug":"wax-tape-ht-3000-high-temperature-anticorrosion-wrap","status":"publish","type":"page","link":"https:\/\/trentoncorp.com\/fr\/produits\/wax-tape-brand-anticorrosion-wraps\/wax-tape-ht-3000-high-temperature-anticorrosion-wrap\/","title":{"rendered":"Bande HT-3000 Wax-Tape\u00ae"},"content":{"rendered":"<h2>Bande Wax-Tape pour haute temp\u00e9rature<\/h2>\n<h3>Descripcion<\/h3>\n<p>La bande Trenton HT-3000 Wax-Tape\u00ae est une bande de cire formul\u00e9e sp\u00e9cialement pour la protection anticorrosion des canalisations et autres structures m\u00e9talliques soumises \u00e0 des temp\u00e9ratures \u00e9lev\u00e9es. Appliqu\u00e9e apr\u00e8s le primaire Temcoat 3000\u2122, cette bande facile d\u2019installation permet une protection anticorrosion efficace et durable de la surface rev\u00eatue.<\/p>\n<h3>Utilisation<\/h3>\n<p>La bande HT-3000 Wax-Tape peut \u00eatre utilis\u00e9e sur les installations ayant une temp\u00e9rature de service jusqu\u2019\u00e0 110\u00b0C en continu. Elle peut \u00eatre appliqu\u00e9es sur des structures enterr\u00e9es ou a\u00e9riennes.<\/p>\n<h3>Caract\u00e9ristiques<\/h3>\n<h4>Facile d\u2019application<\/h4>\n<ul>\n<li>Rapide et facile \u00e0 appliquer sans \u00e9quipements sp\u00e9ciaux<\/li>\n<li>Pr\u00e9paration de surface simple par brossage ISO St2<\/li>\n<li>Peut \u00eatre appliqu\u00e9e dans des conditions tr\u00e8s humides<\/li>\n<li>Peut \u00eatre appliqu\u00e9e \u00e0 la temp\u00e9rature de service<\/li>\n<li>Pas de temps de s\u00e9chage \u2013 le remblai peut se faire imm\u00e9diatement<\/li>\n<li>Non toxique \u2013 pas de compos\u00e9 organique volatil<\/li>\n<\/ul>\n<h4>Long\u00e9vit\u00e9 et efficacit\u00e9 prouv\u00e9es des syst\u00e8mes Trenton Wax-Tape<\/h4>\n<ul>\n<li>Les syst\u00e8mes Trenton Wax-Tape sont appliqu\u00e9s depuis plus de trois d\u00e9cennies avec succ\u00e8s<\/li>\n<li>Ils peuvent \u00eatre utilis\u00e9s en enterr\u00e9 ou en a\u00e9rien<\/li>\n<li>Ils sont r\u00e9sistants aux acides, sels et autres compos\u00e9s du sol sur une grande \u00e9chelle de pH<\/li>\n<li>Haute r\u00e9sistance di\u00e9lectrique<\/li>\n<li>Tr\u00e8s bonne r\u00e9sistance au d\u00e9collement cathodique <\/li>\n<\/ul>\n<h3>Procedimientos de Aplicaci\u00f3n<\/h3>\n<h4>Pr\u00e9paration de surface<\/h4>\n<ul>\n<li>Brosser soigneusement pour enlever toutes les traces de rouilles, peinture ou salissure d\u00e9tachables \u00e0 l\u2019aide d\u2019une brosse m\u00e9tallique (ISO St2).<\/li>\n<li>Ass\u00e9cher la surface si possible.<\/li>\n<\/ul>\n<h4>Application du primaire et de la bande<\/h4>\n<ul>\n<li>Enduire la surface \u00e0 prot\u00e9ger avec le primaire Trenton Temcoat 3000 \u00e0 la main pour obtenir un film continu de primaire.<\/li>\n<li>Enrouler la bande HT-3000 Wax-Tape en spirale avec un recouvrement de 30 mm minimum. Presser la bande sur le substrat.<\/li>\n<li>Apr\u00e8s l\u2019enrobage, passer la main sur toute la surface pour chasser l\u2019air et sceller les spires.<\/li>\n<li>Si la temp\u00e9rature ambiante est inf\u00e9rieure \u00e0 10\u00b0C, maintenir les bandes au chaud avant application.<\/li>\n<li>Utiliser la bande MC Outerwrap\u2122 pour les applications n\u00e9cessitant une protection m\u00e9canique suppl\u00e9mentaire ou lorsque la surface ext\u00e9rieure grasse de la bande doit \u00eatre masqu\u00e9e.<\/li>\n<\/ul>\n<h3>Conditionnement<\/h3>\n<p>Rouleaux de 5,08 cm x 2,75 m (48 rouleaux\/carton)<br \/>\nRouleaux de 10,16 cm x 2,75 m (24 rouleaux\/carton)<br \/>\nRouleaux de 15,24 cm x 2,75 m (16 rouleaux\/carton)<br \/>\nRouleaux de 30,48 cm x 5,49 m (4 rouleaux\/carton)<\/p>\n","protected":false},"excerpt":{"rendered":"<p>Bande Wax-Tape pour haute temp\u00e9rature Descripcion La bande Trenton HT-3000 Wax-Tape\u00ae est une bande de cire formul\u00e9e sp\u00e9cialement pour la protection anticorrosion des canalisations et autres structures m\u00e9talliques soumises \u00e0 des temp\u00e9ratures \u00e9lev\u00e9es. Appliqu\u00e9e apr\u00e8s le primaire Temcoat 3000\u2122, cette bande facile d\u2019installation permet une protection anticorrosion efficace et durable de la surface rev\u00eatue. Utilisation &hellip; <a href=\"https:\/\/trentoncorp.com\/fr\/produits\/wax-tape-brand-anticorrosion-wraps\/wax-tape-ht-3000-high-temperature-anticorrosion-wrap\/\" class=\"more-link\">Continuer la lecture<span class=\"screen-reader-text\"> de &laquo;&nbsp;Bande HT-3000 Wax-Tape\u00ae&nbsp;&raquo;<\/span><\/a><\/p>\n","protected":false},"author":1,"featured_media":0,"parent":13,"menu_order":2,"comment_status":"closed","ping_status":"closed","template":"","meta":{"footnotes":""},"class_list":["post-19","page","type-page","status-publish","hentry"],"aioseo_notices":[],"_links":{"self":[{"href":"https:\/\/trentoncorp.com\/fr\/wp-json\/wp\/v2\/pages\/19","targetHints":{"allow":["GET"]}}],"collection":[{"href":"https:\/\/trentoncorp.com\/fr\/wp-json\/wp\/v2\/pages"}],"about":[{"href":"https:\/\/trentoncorp.com\/fr\/wp-json\/wp\/v2\/types\/page"}],"author":[{"embeddable":true,"href":"https:\/\/trentoncorp.com\/fr\/wp-json\/wp\/v2\/users\/1"}],"replies":[{"embeddable":true,"href":"https:\/\/trentoncorp.com\/fr\/wp-json\/wp\/v2\/comments?post=19"}],"version-history":[{"count":0,"href":"https:\/\/trentoncorp.com\/fr\/wp-json\/wp\/v2\/pages\/19\/revisions"}],"up":[{"embeddable":true,"href":"https:\/\/trentoncorp.com\/fr\/wp-json\/wp\/v2\/pages\/13"}],"wp:attachment":[{"href":"https:\/\/trentoncorp.com\/fr\/wp-json\/wp\/v2\/media?parent=19"}],"curies":[{"name":"wp","href":"https:\/\/api.w.org\/{rel}","templated":true}]}}