{"id":17,"date":"2016-01-19T01:43:10","date_gmt":"2016-01-19T01:43:10","guid":{"rendered":"http:\/\/clients.radiantpunch.com\/trenton\/fr\/?page_id=17"},"modified":"2016-01-19T01:43:10","modified_gmt":"2016-01-19T01:43:10","slug":"wax-tape-no-2-pour-applications-aeriennes","status":"publish","type":"page","link":"https:\/\/trentoncorp.com\/fr\/produits\/wax-tape-brand-anticorrosion-wraps\/wax-tape-no-2-pour-applications-aeriennes\/","title":{"rendered":"Wax-Tape N\u00ba 2 Pour Applications A\u00e9riennes"},"content":{"rendered":"<h2>LE WAX-TAPE\u00ae N\u00ba 2 DE TRENTON EST FACILE A APPLIQUER, NE NECESSITE AUCUN EQUIPEMENT SPECIAL, EST COMPATIBLE AVEC LA PLUPART DES AUTRES REVETEMENTS ET NE NECESSITE QU&rsquo;UNE PREPARATION MINIMALE DE LA SURFACE.<\/h2>\n<figure style=\"width: 233px\" class=\"wp-caption alignright\"><img loading=\"lazy\" decoding=\"async\" class=\"\" src=\"\/wp-content\/uploads\/2016\/02\/wax-tape2.jpg\" alt=\"\" width=\"233\" height=\"163\" \/><figcaption class=\"wp-caption-text\">Le Wax-Tape N\u00ba 2A de Trenton s&rsquo;adapte parfaitement aux surfaces irr\u00e9guli\u00e8res telles que cette t\u00eate de puits de gaz, et est insensible aux conditions atmosph\u00e9riqes.<\/figcaption><\/figure>\n<h3>Description<\/h3>\n<p>Le Wax-Tape\u00ae N\u00ba 2 est un tissu synth\u00e9tique non tiss\u00e9 et non maill\u00e9, impr\u00e9gn\u00e9 d&rsquo;un m\u00e9lange de cires microcristallines, de solvants et d&rsquo;inhibiteurs de corrosion (pas de produits de charge argileux), formant un rev\u00eatement qui durcit et qui peut \u00eatre peint.<\/p>\n<h3>Utilisation<\/h3>\n<p>Application sur les surfaces m\u00e9talliques a\u00e9riennes, conduites ou accessoires, pour emp\u00eacher la corrosion. Excellent lorsque le sablage ou la peinture sont impraticables. R\u00e9siste aux intemp\u00e9ries et aux UV, ne n\u00e9cessite pas de rev\u00eatement compl\u00e9mentaire.<\/p>\n<h3>Proc\u00e9dure d&rsquo;application<\/h3>\n<p>Brosser et gratter la surface pour \u00e9liminer la salet\u00e9 et les d\u00e9bris de rev\u00eatement et de rouille d\u00e9tach\u00e9s. Appliquer un film mince de Wax-Tape Primer. Si la surface est humide, froide ou rouill\u00e9e, frotter et presser le primaire pour repousser l&rsquo;humidit\u00e9 et assurer l&rsquo;adh\u00e9rence. Enrouler ensuite le Wax-Tape N\u00ba 2 avec un recouvrement entre spires de 2,5 cm. Presser et modeler la bande afin qu&rsquo;il n&rsquo;y ait ni poche d&rsquo;air ni vide au-dessous et que la bande soit en contact intime avec la surface. Presser et lisser les bords pour une bonne adh\u00e9rence. Si la bande doit \u00eatre peint, le laisser durcir pendant quelques jours.<\/p>\n<h3>Conditionnement<\/h3>\n<p>Rouleaux de 10.16 cm x 2.74 m (24 rouleaux\/carton), 15,8 kg\/carton<br \/>\nRouleaux de 15.24 cm x 2.74 m (16 rouleaux\/carton), 15,8 kg\/carton<br \/>\nLargeurs et longueurs sp\u00e9ciales possibles<\/p>\n<h3>Sp\u00e9cifications<\/h3>\n<div class='content-column one_half'><div style=\"padding-right:5px;\"><h4>Wax-Tape N\u00ba 2<\/h4>\n<table>\n<tbody>\n<tr>\n<td>Couleur<\/td>\n<td>Brun<\/td>\n<\/tr>\n<tr>\n<td>Epaisseur<\/td>\n<td>1,78 \u00e0 2,29 mm<\/td>\n<\/tr>\n<tr>\n<td>R\u00e9sistance di\u00e9lectrique<\/td>\n<td>6.7 kV\/mm<\/td>\n<\/tr>\n<tr>\n<td>Temp\u00e9rature d&rsquo;utilisation<\/td>\n<td>-45\u00b0 \u00e0 60 \u00b0C<\/td>\n<\/tr>\n<tr>\n<td>Point d&rsquo;\u00e9coulement satur\u00e9<\/td>\n<td>46 \u00e0 52 \u00b0C<\/td>\n<\/tr>\n<\/tbody>\n<\/table><\/div><\/div><div class='content-column one_half last_column'><div style=\"padding-left:5px;\"><h4>Wax-Tape N\u00ba 2A *<\/h4>\n<table>\n<tbody>\n<tr>\n<td>Couleur<\/td>\n<td>Aluminum<\/td>\n<\/tr>\n<tr>\n<td>Epaisseur<\/td>\n<td>1,78 \u00e0 2,29 mm<\/td>\n<\/tr>\n<tr>\n<td>R\u00e9sistance di\u00e9lectrique<\/td>\n<td>6.7 kV\/mm<\/td>\n<\/tr>\n<tr>\n<td>Temp\u00e9rature d&rsquo;utilisation<\/td>\n<td>-45\u00b0 \u00e0 60 \u00b0C<\/td>\n<\/tr>\n<tr>\n<td>Point d&rsquo;\u00e9coulement satur\u00e9<\/td>\n<td>46 \u00e0 52 \u00b0C<\/td>\n<\/tr>\n<\/tbody>\n<tfoot>\n<tr>\n<td colspan=\"2\">*Existe aussi en jaune, en rouge, en bleu et en vert<\/td>\n<\/tr>\n<\/tfoot>\n<\/table><\/div><\/div><div class='clear_column'><\/div><\/p>\n<h3>Advantages<\/h3>\n<ul>\n<li>Pr\u00e9paration minimale des surfaces<\/li>\n<li>S&rsquo;adapte facilement aux formes irr\u00e9guli\u00e8res<\/li>\n<li>Non toxique, non canc\u00e9rig\u00e8ne et \u00e0 faible teneur en compos\u00e9s organiques volatiles<\/li>\n<li>R\u00e9sistant aux atmosph\u00e8res industrielles corrosives<\/li>\n<li>Peut \u00eatre appliqu\u00e9 sur des surfaces humides<\/li>\n<li>Compatible avec d&rsquo;autres rev\u00eatements<\/li>\n<li>La bande durcit est ne n\u00e9cessite pas de rev\u00eatement compl\u00e9mentaire<\/li>\n<li>Excellente r\u00e9sistance aux <q>intemp\u00e9ries<\/q> et aux UV<\/li>\n<li>Peut \u00eatre peint apr\u00e8s le durcissement<\/li>\n<\/ul>\n","protected":false},"excerpt":{"rendered":"<p>LE WAX-TAPE\u00ae N\u00ba 2 DE TRENTON EST FACILE A APPLIQUER, NE NECESSITE AUCUN EQUIPEMENT SPECIAL, EST COMPATIBLE AVEC LA PLUPART DES AUTRES REVETEMENTS ET NE NECESSITE QU&rsquo;UNE PREPARATION MINIMALE DE LA SURFACE. Description Le Wax-Tape\u00ae N\u00ba 2 est un tissu synth\u00e9tique non tiss\u00e9 et non maill\u00e9, impr\u00e9gn\u00e9 d&rsquo;un m\u00e9lange de cires microcristallines, de solvants et &hellip; <a href=\"https:\/\/trentoncorp.com\/fr\/produits\/wax-tape-brand-anticorrosion-wraps\/wax-tape-no-2-pour-applications-aeriennes\/\" class=\"more-link\">Continuer la lecture<span class=\"screen-reader-text\"> de &laquo;&nbsp;Wax-Tape N\u00ba 2 Pour Applications A\u00e9riennes&nbsp;&raquo;<\/span><\/a><\/p>\n","protected":false},"author":1,"featured_media":0,"parent":13,"menu_order":1,"comment_status":"closed","ping_status":"closed","template":"","meta":{"footnotes":""},"class_list":["post-17","page","type-page","status-publish","hentry"],"aioseo_notices":[],"_links":{"self":[{"href":"https:\/\/trentoncorp.com\/fr\/wp-json\/wp\/v2\/pages\/17","targetHints":{"allow":["GET"]}}],"collection":[{"href":"https:\/\/trentoncorp.com\/fr\/wp-json\/wp\/v2\/pages"}],"about":[{"href":"https:\/\/trentoncorp.com\/fr\/wp-json\/wp\/v2\/types\/page"}],"author":[{"embeddable":true,"href":"https:\/\/trentoncorp.com\/fr\/wp-json\/wp\/v2\/users\/1"}],"replies":[{"embeddable":true,"href":"https:\/\/trentoncorp.com\/fr\/wp-json\/wp\/v2\/comments?post=17"}],"version-history":[{"count":0,"href":"https:\/\/trentoncorp.com\/fr\/wp-json\/wp\/v2\/pages\/17\/revisions"}],"up":[{"embeddable":true,"href":"https:\/\/trentoncorp.com\/fr\/wp-json\/wp\/v2\/pages\/13"}],"wp:attachment":[{"href":"https:\/\/trentoncorp.com\/fr\/wp-json\/wp\/v2\/media?parent=17"}],"curies":[{"name":"wp","href":"https:\/\/api.w.org\/{rel}","templated":true}]}}