{"id":15,"date":"2016-01-19T01:42:44","date_gmt":"2016-01-19T01:42:44","guid":{"rendered":"http:\/\/clients.radiantpunch.com\/trenton\/fr\/?page_id=15"},"modified":"2016-01-19T01:42:44","modified_gmt":"2016-01-19T01:42:44","slug":"wax-tape-no-1-pour-applications-souterraines","status":"publish","type":"page","link":"https:\/\/trentoncorp.com\/fr\/produits\/wax-tape-brand-anticorrosion-wraps\/wax-tape-no-1-pour-applications-souterraines\/","title":{"rendered":"Wax-Tape N\u00ba 1 Pour Applications Souterraines"},"content":{"rendered":"<h2>LE WAX-TAPE\u00ae N\u00ba 1 DE TRENTON OFFRE UNE PROTECTION DURABLE ET EST COMPATIBLE AVEC DE NOMBREUX TYPES DE MATERIAUX TELS QUE L&rsquo;ACIER, LA FONTE DUCTILE ET LE PVC.<\/h2>\n<figure id=\"attachment_235\" aria-describedby=\"caption-attachment-235\" style=\"width: 233px\" class=\"wp-caption alignright\"><img loading=\"lazy\" decoding=\"async\" class=\"size-full wp-image-235\" src=\"\/wp-content\/uploads\/2016\/01\/wax-tape1.jpg\" alt=\"Segment of a pipe with Trenton wax tape\" width=\"233\" height=\"163\" \/><figcaption id=\"caption-attachment-235\" class=\"wp-caption-text\">Les clients sont impressionn\u00e9s lorsqu&rsquo;ils enl\u00e8vent une petite pi\u00e8ce de Wax-Tape de Trenton pour effectuer une inspection. Ils retrouvent toujours la surface dans le m\u00eame \u00e9tat que lorsque la bande a \u00e9t\u00e9 pos\u00e9. Apr\u00e8s l&rsquo;inspection, la petite pi\u00e8ce peut \u00eatre repos\u00e9e pour la protection.<\/figcaption><\/figure>\n<p>Il reste flexible et supporte la protection cathodique. Le Wax-Tape de Trenton est un produit largement utilis\u00e9 dans diverses situations, dans les industries p\u00e9troli\u00e8re et gazi\u00e8re, chimique et de l&rsquo;eau.<\/p>\n<h3>Description<\/h3>\n<p>Le Wax-Tape N\u00ba 1 est compos\u00e9 d&rsquo;un m\u00e9lange de cires microcristallines, de plastifiants et d&rsquo;inhibiteurs de corrosion noy\u00e9s dans un tissu synth\u00e9tique enduit non tiss\u00e9 et non maill\u00e9, formant une bande \u00e0 enrouler. Il ne contient pas non plus de produits de charge min\u00e9raux siliceux.<\/p>\n<h3>Utilisation<\/h3>\n<p>Surfaces m\u00e9talliques enterr\u00e9 es, conduites ou accessoires, pour emp\u00eacher la corrosion.<\/p>\n<h3>Proc\u00e9dure d&rsquo;application<\/h3>\n<p>Brosser et gratter la surface pour \u00e9liminer la salet\u00e9 et les d\u00e9bris de rev\u00eatement et de rouille d\u00e9tach\u00e9s. Appliquer un film mince de Wax-Tape Primer. Si la surface est humide, froide ou rouill\u00e9e, frotter et presser le primaire pour repousser l&rsquo;humidit\u00e9 et assurer l&rsquo;adh\u00e9rence. Enrouler ensuite le Wax-Tape N\u00ba 1 avec un chevauchement de 2,5 cm. Sur les conduites droites, appliquer une l\u00e9g\u00e8re tension pour assurer le contact avec la surface. Sur les surfaces irr\u00e9guli\u00e8res, laisser du jeu pour que la bande puisse \u00eatre model\u00e9 conform\u00e9ment \u00e0 la forme. Dans tous les cas, presser et manipuler la bande afin qu&rsquo;il n&rsquo;y ait ni poche d&rsquo;air ni vide au-dessous. Presser et lisser les bords pour bien les faire adh\u00e9rer. La bande n&rsquo;a pas besoin de d\u00e9lai de s\u00e9chage, de sorte que l&rsquo;\u00e9quipement peut \u00eatre remblay\u00e9 imm\u00e9diatement. Pour les conduites souterraines de 10\u201d ou plus, appliquer un rev\u00eatement compl\u00e9mentaire Trenton. Pour les conditions de sol agressifs, il faut envisager un rev\u00eatement compl\u00e9mentaire Trenton, fentre antiroche ou un mat\u00e9riau de remblai s\u00e9lectionn\u00e9.<\/p>\n<h3>Conditionnement<\/h3>\n<p>Rouleaux de 10,16 cm x 2,74 m (24 rouleaux\/carton), 15,8 kg\/carton<br \/>\nRouleaux de 15,24 cm x 2,74 m (16 rouleaux\/carton), 15,8 kg\/carton<br \/>\nLargeurs et longueurs sp\u00e9ciales possibles<\/p>\n<h3>Sp\u00e9cifications<\/h3>\n<table>\n<tbody>\n<tr>\n<td>Couleur<\/td>\n<td>Brun<\/td>\n<\/tr>\n<tr>\n<td>Epaisseur<\/td>\n<td>1,78 \u00e0 2,29 mm<\/td>\n<\/tr>\n<tr>\n<td>R\u00e9sistance di\u00e9lectrique<\/td>\n<td>9.2 kv\/mm<\/td>\n<\/tr>\n<tr>\n<td>Temp\u00e9rature d&rsquo;application<\/td>\n<td>-17 \u00e0 43 \u00b0C<\/td>\n<\/tr>\n<tr>\n<td>Temp\u00e9rature d&rsquo;utilisation<\/td>\n<td>-45 \u00e0 49 \u00b0C<\/td>\n<\/tr>\n<tr>\n<td>Point d&rsquo;\u00e9coulement satur\u00e9<\/td>\n<td>46 \u00e0 52 \u00b0C<\/td>\n<\/tr>\n<\/tbody>\n<\/table>\n<h3>Advantages<\/h3>\n<ul>\n<li>Id\u00e9al lorsque seule une pr\u00e9paration minimale des surfaces est possible<\/li>\n<li>S&rsquo;adapte aux formes irr\u00e9guli\u00e8res<\/li>\n<li>Pas de d\u00e9lai de s\u00e9chage avant le remblai<\/li>\n<li>Peut \u00eatre appliqu\u00e9 sur des surfaces humides<\/li>\n<li>Non toxique, ininflammable, non canc\u00e9rig\u00e8ne et sans compos\u00e9s organiques volatiles<\/li>\n<\/ul>\n","protected":false},"excerpt":{"rendered":"<p>LE WAX-TAPE\u00ae N\u00ba 1 DE TRENTON OFFRE UNE PROTECTION DURABLE ET EST COMPATIBLE AVEC DE NOMBREUX TYPES DE MATERIAUX TELS QUE L&rsquo;ACIER, LA FONTE DUCTILE ET LE PVC. Il reste flexible et supporte la protection cathodique. Le Wax-Tape de Trenton est un produit largement utilis\u00e9 dans diverses situations, dans les industries p\u00e9troli\u00e8re et gazi\u00e8re, chimique &hellip; <a href=\"https:\/\/trentoncorp.com\/fr\/produits\/wax-tape-brand-anticorrosion-wraps\/wax-tape-no-1-pour-applications-souterraines\/\" class=\"more-link\">Continuer la lecture<span class=\"screen-reader-text\"> de &laquo;&nbsp;Wax-Tape N\u00ba 1 Pour Applications Souterraines&nbsp;&raquo;<\/span><\/a><\/p>\n","protected":false},"author":1,"featured_media":0,"parent":13,"menu_order":0,"comment_status":"closed","ping_status":"closed","template":"","meta":{"footnotes":""},"class_list":["post-15","page","type-page","status-publish","hentry"],"aioseo_notices":[],"_links":{"self":[{"href":"https:\/\/trentoncorp.com\/fr\/wp-json\/wp\/v2\/pages\/15","targetHints":{"allow":["GET"]}}],"collection":[{"href":"https:\/\/trentoncorp.com\/fr\/wp-json\/wp\/v2\/pages"}],"about":[{"href":"https:\/\/trentoncorp.com\/fr\/wp-json\/wp\/v2\/types\/page"}],"author":[{"embeddable":true,"href":"https:\/\/trentoncorp.com\/fr\/wp-json\/wp\/v2\/users\/1"}],"replies":[{"embeddable":true,"href":"https:\/\/trentoncorp.com\/fr\/wp-json\/wp\/v2\/comments?post=15"}],"version-history":[{"count":0,"href":"https:\/\/trentoncorp.com\/fr\/wp-json\/wp\/v2\/pages\/15\/revisions"}],"up":[{"embeddable":true,"href":"https:\/\/trentoncorp.com\/fr\/wp-json\/wp\/v2\/pages\/13"}],"wp:attachment":[{"href":"https:\/\/trentoncorp.com\/fr\/wp-json\/wp\/v2\/media?parent=15"}],"curies":[{"name":"wp","href":"https:\/\/api.w.org\/{rel}","templated":true}]}}