{"id":13,"date":"2016-01-19T01:42:08","date_gmt":"2016-01-19T01:42:08","guid":{"rendered":"http:\/\/clients.radiantpunch.com\/trenton\/fr\/?page_id=13"},"modified":"2016-06-27T11:38:42","modified_gmt":"2016-06-27T16:38:42","slug":"wax-tape-brand-anticorrosion-wraps","status":"publish","type":"page","link":"https:\/\/trentoncorp.com\/fr\/produits\/wax-tape-brand-anticorrosion-wraps\/","title":{"rendered":"Wax-Tape\u00ae Brand Anticorrosion Wraps"},"content":{"rendered":"<h2>LES WAX-TAPE<sup>\u00ae<\/sup> DE TRENTON SONT EXTREMEMENT PERFORMANTS ET POSSEDENT UNE CAPACITE INEGALEE A PROTEGER VOS PIPELINES.<\/h2>\n<figure id=\"attachment_176\" aria-describedby=\"caption-attachment-176\" style=\"width: 233px\" class=\"wp-caption alignright\"><img loading=\"lazy\" decoding=\"async\" class=\"size-full wp-image-176\" src=\"\/wp-content\/uploads\/2016\/01\/wax-tape.jpg\" alt=\"A pipeline protected by Wax-Tape\" width=\"233\" height=\"163\" \/><figcaption id=\"caption-attachment-176\" class=\"wp-caption-text\">Le sablage est parfois difficile et \u00e9cologiquement discutable, en particulier lorsque les travaux sont situ\u00e9s directement au-dessus d&rsquo;un cours d&rsquo;eau. Les Wax-Tapes ne n\u00e9cessitent pas de sablage.<\/figcaption><\/figure>\n<p>Du fait que les bandes Wax-Tape<sup>\u00ae<\/sup> ne durissent pas, il est parfois difficile de comprendre comment ils peuvent prot\u00e9ger pendant si longtemps. En fait, bandes de rev\u00eatement offrent une meilleure protection que la peinture, et ils ne n\u00e9cessitent pas cette pr\u00e9paration de la surface qui est si essentielle lorsqu&rsquo;on utilise des peintures et des rev\u00eatements \u00e9poxy.<\/p>\n<p>Les Wax-Tapes de Trenton utilisent un m\u00e9lange de cires microcristallines et de plastifiants, et sont \u00e9pais, sans mati\u00e8res de charge. Cela leur permet de s&rsquo;adapter aux accessoires irr\u00e9guliers et d&rsquo;\u00eatre compatibles avec de nombreux types de mat\u00e9riaux.<\/p>\n<h3>Produits:<\/h3>\n<ul class=\"arrow-list\">\n<li><strong><a href=\"\/fr\/produits\/wax-tape-brand-anticorrosion-wraps\/wax-tape-no-1-pour-applications-souterraines\/\">Wax-Tape N\u00ba 1 Pour Applications Souterraines<\/a><\/strong><\/li>\n<li><strong><a href=\"\/fr\/produits\/wax-tape-brand-anticorrosion-wraps\/wax-tape-no-2-pour-applications-aeriennes\/\">Wax-Tape N\u00ba 2 Pour Applications A\u00e9riennes<\/a><\/strong><\/li>\n<li><strong><a href=\"\/fr\/produits\/wax-tape-brand-anticorrosion-wraps\/wax-tape-ht-3000-high-temperature-anticorrosion-wrap\/\">Wax-Tape<sup>\u00ae<\/sup> HT-3000 High-Temperature Anticorrosion Wrap<\/a><\/strong><\/li>\n<\/ul>\n<p>&nbsp;<br \/>\n<a href=\"https:\/\/trentoncorp.com\/fr\/produits\/wax-tape-brand-anticorrosion-wraps\/calculateur-pour-les-besoins-en-materiaux\/\"><strong>Calculateur pour les besoins en mat\u00e9riaux<\/strong><\/a><\/p>\n<p><b>Les syst\u00e8mes suivants sont agr\u00e9\u00e9s Gaz de France :<\/b><\/p>\n<ul>\n<li>Temcoat\/Temcoat 3000 + Wax Tape<sup>\u00ae<\/sup> #1 + MCO : agr\u00e9ment cat\u00e9gorie HR (FTR n\u00b0 249)<\/li>\n<li>Temcoat\/Temcoat 3000 + Wax Tape<sup>\u00ae<\/sup> #2 + MCO : agr\u00e9ment pour les sorties de sol (FTR n\u00b0250)<\/li>\n<li>Temcoat\/Temcoat 3000 + Wax Tape<sup>\u00ae<\/sup> #2 : agr\u00e9ment pour les canalisations a\u00e9riennes (FTR n\u00b0251)<\/li>\n<\/ul>\n<p>&nbsp;<\/p>\n","protected":false},"excerpt":{"rendered":"<p>LES WAX-TAPE\u00ae DE TRENTON SONT EXTREMEMENT PERFORMANTS ET POSSEDENT UNE CAPACITE INEGALEE A PROTEGER VOS PIPELINES. Du fait que les bandes Wax-Tape\u00ae ne durissent pas, il est parfois difficile de comprendre comment ils peuvent prot\u00e9ger pendant si longtemps. En fait, bandes de rev\u00eatement offrent une meilleure protection que la peinture, et ils ne n\u00e9cessitent pas &hellip; <a href=\"https:\/\/trentoncorp.com\/fr\/produits\/wax-tape-brand-anticorrosion-wraps\/\" class=\"more-link\">Continuer la lecture<span class=\"screen-reader-text\"> de &laquo;&nbsp;Wax-Tape\u00ae Brand Anticorrosion Wraps&nbsp;&raquo;<\/span><\/a><\/p>\n","protected":false},"author":1,"featured_media":0,"parent":11,"menu_order":0,"comment_status":"closed","ping_status":"closed","template":"","meta":{"footnotes":""},"class_list":["post-13","page","type-page","status-publish","hentry"],"aioseo_notices":[],"_links":{"self":[{"href":"https:\/\/trentoncorp.com\/fr\/wp-json\/wp\/v2\/pages\/13","targetHints":{"allow":["GET"]}}],"collection":[{"href":"https:\/\/trentoncorp.com\/fr\/wp-json\/wp\/v2\/pages"}],"about":[{"href":"https:\/\/trentoncorp.com\/fr\/wp-json\/wp\/v2\/types\/page"}],"author":[{"embeddable":true,"href":"https:\/\/trentoncorp.com\/fr\/wp-json\/wp\/v2\/users\/1"}],"replies":[{"embeddable":true,"href":"https:\/\/trentoncorp.com\/fr\/wp-json\/wp\/v2\/comments?post=13"}],"version-history":[{"count":0,"href":"https:\/\/trentoncorp.com\/fr\/wp-json\/wp\/v2\/pages\/13\/revisions"}],"up":[{"embeddable":true,"href":"https:\/\/trentoncorp.com\/fr\/wp-json\/wp\/v2\/pages\/11"}],"wp:attachment":[{"href":"https:\/\/trentoncorp.com\/fr\/wp-json\/wp\/v2\/media?parent=13"}],"curies":[{"name":"wp","href":"https:\/\/api.w.org\/{rel}","templated":true}]}}