{"id":11,"date":"2016-01-19T01:41:28","date_gmt":"2016-01-19T01:41:28","guid":{"rendered":"http:\/\/clients.radiantpunch.com\/trenton\/fr\/?page_id=11"},"modified":"2016-01-19T01:41:28","modified_gmt":"2016-01-19T01:41:28","slug":"produits","status":"publish","type":"page","link":"https:\/\/trentoncorp.com\/fr\/produits\/","title":{"rendered":"Produits"},"content":{"rendered":"<h2>VOUS TROUVEREZ CI-DESSOUS DE PLUS AMPLES INFORMATIONS SUR CHACUNE DE NOS 5 CATEGORIES DE PRODUITS.<\/h2>\n<p>Lorsqu&rsquo;on envisage un syst\u00e8me anticorrosion, que ce soit pour des applications enterr\u00e9es ou ext\u00e9rieures, il est important de comprendre les caract\u00e9ristiques uniques et les avantages des produits Trenton.<\/p>\n<p class=\"subpage-link\"><a href=\"\/fr\/produits\/wax-tape-brand-anticorrosion-wraps\/\"><b>Wax-Tape\u00ae<\/b><br \/>\nLes Wax-Tapes de Trenton sont une excellente solution pour prot\u00e9ger les pipelines dans les environnements souterrains et a\u00e9riens. Le Wax-Tape N\u00ba 1 emp\u00eache la corrosion sur les conduites souterraines, y compris les surfaces humides et irr\u00e9guli\u00e8res. Le Wax-Tape N\u00ba 2 emp\u00eache la corrosion atmosph\u00e9rique sur les conduites a\u00e9riennes, les travers\u00e9es de ponts, les regards et autres surfaces droites ou irr\u00e9guli\u00e8res.<\/a><\/p>\n<p class=\"subpage-link\"><a href=\"\/fr\/produits\/apprets-et-mastics\/\"><b>Primaires et mastics<\/b><br \/>\nLes primaires Trenton sont une des raisons cl\u00e9s pour lesquelles le syst\u00e8me Wax-Tape de Trenton r\u00e9duit si efficacement la corrosion. Les primaires p\u00e9n\u00e8trent dans la rouille superficielle lors de la pr\u00e9paration de l&rsquo;application des Wax-Tapes, ce qui signifie que les applicateurs sur le terrain n&rsquo;ont besoin que d&rsquo;une brosse m\u00e9tallique pour pr\u00e9parer les surfaces.<\/a><\/p>\n<p class=\"subpage-link\"><a href=\"\/fr\/produits\/innercoat-et-guard-wrap\/\"><b>Innercoat et Guard-Wrap<\/b><br \/>\nLa combinaison de cire appliqu\u00e9e \u00e0 chaud Innercoat et de bande Guard-Wrap est un syst\u00e8me id\u00e9al pour les nouvelles installations, la pose de pi\u00e8ces sur le terrain, les cutbacks soud\u00e9s et le reconditionnement des pipelines.<\/a><\/p>\n<p class=\"subpage-link\"><a href=\"\/fr\/produits\/revetements-exterieurs\/\"><b>Protection Compl\u00e9mentaires<\/b><br \/>\nLorsque les conditions n\u00e9cessitent une protection m\u00e9canique plus importante, Trenton propose une gamme de rev\u00eatements compl\u00e9mentaires pour r\u00e9pondre aux besoins de chaque situation.<\/a><\/p>\n<p class=\"subpage-link\"><a href=\"\/fr\/produits\/casing-filling\/\"><b>Casing Filling<\/b><br \/>\nLe Fill-Coat N\u00ba 1 est un syst\u00e8me de remplissage complet inject\u00e9 \u00e0 chaud dans les gaines de pipelines. Le Fill-Coat N\u00ba 1 repousse l&rsquo;eau pr\u00e9sente dans la gaine et emp\u00eache qu&rsquo;elle y p\u00e9n\u00e8tre de nouveau, \u00e9vitant ainsi que la corrosion se poursuive.<\/a><\/p>\n","protected":false},"excerpt":{"rendered":"<p>VOUS TROUVEREZ CI-DESSOUS DE PLUS AMPLES INFORMATIONS SUR CHACUNE DE NOS 5 CATEGORIES DE PRODUITS. Lorsqu&rsquo;on envisage un syst\u00e8me anticorrosion, que ce soit pour des applications enterr\u00e9es ou ext\u00e9rieures, il est important de comprendre les caract\u00e9ristiques uniques et les avantages des produits Trenton. Wax-Tape\u00ae Les Wax-Tapes de Trenton sont une excellente solution pour prot\u00e9ger les &hellip; <a href=\"https:\/\/trentoncorp.com\/fr\/produits\/\" class=\"more-link\">Continuer la lecture<span class=\"screen-reader-text\"> de &laquo;&nbsp;Produits&nbsp;&raquo;<\/span><\/a><\/p>\n","protected":false},"author":1,"featured_media":0,"parent":0,"menu_order":2,"comment_status":"closed","ping_status":"closed","template":"","meta":{"footnotes":""},"class_list":["post-11","page","type-page","status-publish","hentry"],"aioseo_notices":[],"_links":{"self":[{"href":"https:\/\/trentoncorp.com\/fr\/wp-json\/wp\/v2\/pages\/11","targetHints":{"allow":["GET"]}}],"collection":[{"href":"https:\/\/trentoncorp.com\/fr\/wp-json\/wp\/v2\/pages"}],"about":[{"href":"https:\/\/trentoncorp.com\/fr\/wp-json\/wp\/v2\/types\/page"}],"author":[{"embeddable":true,"href":"https:\/\/trentoncorp.com\/fr\/wp-json\/wp\/v2\/users\/1"}],"replies":[{"embeddable":true,"href":"https:\/\/trentoncorp.com\/fr\/wp-json\/wp\/v2\/comments?post=11"}],"version-history":[{"count":0,"href":"https:\/\/trentoncorp.com\/fr\/wp-json\/wp\/v2\/pages\/11\/revisions"}],"wp:attachment":[{"href":"https:\/\/trentoncorp.com\/fr\/wp-json\/wp\/v2\/media?parent=11"}],"curies":[{"name":"wp","href":"https:\/\/api.w.org\/{rel}","templated":true}]}}