{"id":9,"date":"2016-01-18T21:29:34","date_gmt":"2016-01-18T21:29:34","guid":{"rendered":"http:\/\/clients.radiantpunch.com\/trenton\/es\/?page_id=9"},"modified":"2017-10-10T17:46:04","modified_gmt":"2017-10-10T22:46:04","slug":"descargas","status":"publish","type":"page","link":"https:\/\/trentoncorp.com\/es\/descargas\/","title":{"rendered":"Descargas"},"content":{"rendered":"<h2>PARA SU USO PR\u00c1CTICO, PARA DETERMINAR SUS NECESIDADES. USTED PUEDE IMPRIMIR DESCRIPCI\u00d3N DEL PRODUCTO EN PDF A CONTINUACI\u00d3N<\/h2>\n<p class=\"subpage-link\"><a href=\"https:\/\/trentoncorp.com\/es\/descargas\/hojas-productos-en-pdf\/\"><b>PDFs de Productos<\/b><\/a><br \/>\n<a href=\"https:\/\/trentoncorp.com\/es\/descargas\/hojas-productos-en-pdf\/\">Descargar los PDF&#8217;s m\u00e1s solicitados<\/a><\/p>\n","protected":false},"excerpt":{"rendered":"<p>PARA SU USO PR\u00c1CTICO, PARA DETERMINAR SUS NECESIDADES. USTED PUEDE IMPRIMIR DESCRIPCI\u00d3N DEL PRODUCTO EN PDF A CONTINUACI\u00d3N PDFs de Productos Descargar los PDF&#8217;s m\u00e1s solicitados<\/p>\n","protected":false},"author":1,"featured_media":0,"parent":0,"menu_order":3,"comment_status":"closed","ping_status":"closed","template":"","meta":{"footnotes":""},"class_list":["post-9","page","type-page","status-publish","hentry"],"aioseo_notices":[],"_links":{"self":[{"href":"https:\/\/trentoncorp.com\/es\/wp-json\/wp\/v2\/pages\/9","targetHints":{"allow":["GET"]}}],"collection":[{"href":"https:\/\/trentoncorp.com\/es\/wp-json\/wp\/v2\/pages"}],"about":[{"href":"https:\/\/trentoncorp.com\/es\/wp-json\/wp\/v2\/types\/page"}],"author":[{"embeddable":true,"href":"https:\/\/trentoncorp.com\/es\/wp-json\/wp\/v2\/users\/1"}],"replies":[{"embeddable":true,"href":"https:\/\/trentoncorp.com\/es\/wp-json\/wp\/v2\/comments?post=9"}],"version-history":[{"count":0,"href":"https:\/\/trentoncorp.com\/es\/wp-json\/wp\/v2\/pages\/9\/revisions"}],"wp:attachment":[{"href":"https:\/\/trentoncorp.com\/es\/wp-json\/wp\/v2\/media?parent=9"}],"curies":[{"name":"wp","href":"https:\/\/api.w.org\/{rel}","templated":true}]}}