{"id":77,"date":"2016-01-19T02:08:27","date_gmt":"2016-01-19T02:08:27","guid":{"rendered":"http:\/\/clients.radiantpunch.com\/trenton\/es\/?page_id=77"},"modified":"2016-01-19T02:08:27","modified_gmt":"2016-01-19T02:08:27","slug":"short-stop","status":"publish","type":"page","link":"https:\/\/trentoncorp.com\/es\/productos\/llenado-de-camisa\/short-stop\/","title":{"rendered":"Short-Stop"},"content":{"rendered":"<h3>Descripci\u00f3n<\/h3>\n<figure id=\"attachment_343\" aria-describedby=\"caption-attachment-343\" style=\"width: 233px\" class=\"wp-caption alignright\"><img loading=\"lazy\" decoding=\"async\" class=\"size-full wp-image-343\" src=\"\/wp-content\/uploads\/2016\/01\/Short-Stop_End_Insulator_02.jpg\" alt=\"Short-Stop being installed in a pipeline casing end\" width=\"233\" height=\"163\" \/><figcaption id=\"caption-attachment-343\" class=\"wp-caption-text\">Corto-Stop es un aislante de neoprene con partes met\u00e1licas f\u00e1cil de instalar No se corta y se ajusta a cualquier di\u00e1metro de ducto.<\/figcaption><\/figure>\n<p>Esta es una cubierta aislante , hecha de neoprene resistente a la compresi\u00f3n, que se instala a los extremos el encamisado. Adem\u00e1s de las propiedades diel\u00e9ctricas, Short-Stop es resistente al aceite, agua, el ozono y las sustancias qu\u00edmicas. Tambi\u00e9n soporta una amplia gama de variaciones de temperatura.<\/p>\n<h3>Uso Final<\/h3>\n<p>Short-Stop se instala a los extremos el encamisado, previniendo la descarga de metal con metal. Debido a su forma, no precisa componentes met\u00e1licos, evitando cualquier posibilidad de descarga.<\/p>\n<h3>Procedimientos de Aplicaci\u00f3n<\/h3>\n<p>El ca\u00f1o de camisa y el espacio anular deben debe estar libres de materias extra\u00f1as. A continuaci\u00f3n, el tubo es elevada, si es necesario, de la pared interna del encamisado. El Short-Stop es colocado a modo de lecho en la parte inferior del ca\u00f1o de camisa, de manera perpendicular al eje longitudinal de la tuber\u00eda. Debe sobrar una pulgada a cada lado aproximadamente. La ca\u00f1er\u00eda se baja sobre el aisland Short-Stop aislante. A continuaci\u00f3n, un segmento adicional de aislante se coloca sobre la parte superior del ducto.<\/p>\n<h3>Presentaci\u00f3n<\/h3>\n<p>El aislante Short-Stop est\u00e1 disponible en anchos de 1 \/ 2 pulgadas y 1-pulgada de grosor para cortar a la longitud necesaria. El Ancho est\u00e1ndar es de 6 pulgadas.<\/p>\n","protected":false},"excerpt":{"rendered":"<p>Descripci\u00f3n Esta es una cubierta aislante , hecha de neoprene resistente a la compresi\u00f3n, que se instala a los extremos el encamisado. Adem\u00e1s de las propiedades diel\u00e9ctricas, Short-Stop es resistente al aceite, agua, el ozono y las sustancias qu\u00edmicas. Tambi\u00e9n soporta una amplia gama de variaciones de temperatura. Uso Final Short-Stop se instala a los &hellip; <a href=\"https:\/\/trentoncorp.com\/es\/productos\/llenado-de-camisa\/short-stop\/\" class=\"more-link\">Continuar leyendo<span class=\"screen-reader-text\"> \u00abShort-Stop\u00bb<\/span><\/a><\/p>\n","protected":false},"author":1,"featured_media":0,"parent":27,"menu_order":4,"comment_status":"closed","ping_status":"closed","template":"","meta":{"footnotes":""},"class_list":["post-77","page","type-page","status-publish","hentry"],"aioseo_notices":[],"_links":{"self":[{"href":"https:\/\/trentoncorp.com\/es\/wp-json\/wp\/v2\/pages\/77","targetHints":{"allow":["GET"]}}],"collection":[{"href":"https:\/\/trentoncorp.com\/es\/wp-json\/wp\/v2\/pages"}],"about":[{"href":"https:\/\/trentoncorp.com\/es\/wp-json\/wp\/v2\/types\/page"}],"author":[{"embeddable":true,"href":"https:\/\/trentoncorp.com\/es\/wp-json\/wp\/v2\/users\/1"}],"replies":[{"embeddable":true,"href":"https:\/\/trentoncorp.com\/es\/wp-json\/wp\/v2\/comments?post=77"}],"version-history":[{"count":0,"href":"https:\/\/trentoncorp.com\/es\/wp-json\/wp\/v2\/pages\/77\/revisions"}],"up":[{"embeddable":true,"href":"https:\/\/trentoncorp.com\/es\/wp-json\/wp\/v2\/pages\/27"}],"wp:attachment":[{"href":"https:\/\/trentoncorp.com\/es\/wp-json\/wp\/v2\/media?parent=77"}],"curies":[{"name":"wp","href":"https:\/\/api.w.org\/{rel}","templated":true}]}}