{"id":73,"date":"2016-01-19T02:06:48","date_gmt":"2016-01-19T02:06:48","guid":{"rendered":"http:\/\/clients.radiantpunch.com\/trenton\/es\/?page_id=73"},"modified":"2020-10-09T08:49:31","modified_gmt":"2020-10-09T13:49:31","slug":"fill-coat-6","status":"publish","type":"page","link":"https:\/\/trentoncorp.com\/es\/productos\/llenado-de-camisa\/fill-coat-6\/","title":{"rendered":"Fill-Coat #6"},"content":{"rendered":"<h3>Descripci\u00f3n<\/h3>\n<figure id=\"attachment_338\" aria-describedby=\"caption-attachment-338\" style=\"width: 233px\" class=\"wp-caption alignright\"><img loading=\"lazy\" decoding=\"async\" class=\"size-full wp-image-338\" src=\"\/wp-content\/uploads\/2016\/01\/fill-coat-6.jpg\" alt=\"Fill-Coat #6 installation by portable air powered mastic pump\" width=\"233\" height=\"163\" \/><figcaption id=\"caption-attachment-338\" class=\"wp-caption-text\">Fill-Coat #6 puede ser instalado por una variedad de bombas de aire port\u00e1tiles. El material se bombea hacia el encamisado hasta que este llena.<\/figcaption><\/figure>\n<p>Fill-Coat #6 es un material de llenado de encamisado que puede ser instalado a temperaturas ambiente relativamente bajas 50 F\u00b0 (10 C) con bombas port\u00e1tiles. El material es utilizado en puentes, y puede ser utilizado en encamisados de alta temperatura.<\/p>\n<h3>Uso Final<\/h3>\n<p>Fill-Coat #6 es usado para llenar el espacio anular en ductos de distribuci\u00f3n de gas. Previene la corrosi\u00f3n llenando el vac\u00edo en el esapcio anular. Previene la entrada de agua incluso en encamisados superficiales.<\/p>\n<h3>Procedimientos de Aplicaci\u00f3n<\/h3>\n<p>Fill-Coat #6 puede ser instalado por una variedad de bombas de aire port\u00e1tiles.l El material se bombea hasta llenar el encamisado. El encamisado puede ser sellado en los extremos con Fill-Putty (masilla de relleno), Cinta de Cera Trenton # 2 o un relleno ep\u00f3xico.<\/p>\n<h3>Presentaci\u00f3n<\/h3>\n<p>Tambores de 55 Galones<\/p>\n<h3>Ventajas<\/h3>\n<ul>\n<li>No se derrite<\/li>\n<li>Anti-corrosivo<\/li>\n<li>Resistente al agua<\/li>\n<li>Diel\u00e9ctrico<\/li>\n<li>Inerte<\/li>\n<li>No T\u00f3xico<\/li>\n<li>No inflamable<\/li>\n<li>Flexible<\/li>\n<\/ul>\n<h3>Especificaciones<\/h3>\n<table>\n<tbody>\n<tr>\n<td>Punto de Ignici\u00f3n<\/td>\n<td>ASTM D 92 mayor a 300\u00b0F<br \/>\n350\u00b0F minimo<\/td>\n<\/tr>\n<tr>\n<td>Peso Espec\u00edfico<\/td>\n<td>0.946<\/td>\n<\/tr>\n<tr>\n<td>Rango de temperatura<\/td>\n<td>30\u00b0F to 225\u00b0F<\/td>\n<\/tr>\n<tr>\n<td>Color<\/td>\n<td>Marr\u00f3n Oscuro<\/td>\n<\/tr>\n<tr>\n<td>Consistencia<\/td>\n<td>Grasosa<\/td>\n<\/tr>\n<tr>\n<td>Resistencia diel\u00e9ctrica<\/td>\n<td>Mayor a 100 Volts per mil<\/td>\n<\/tr>\n<tr>\n<td>Densidad<\/td>\n<td>ASTM D1475 7.898 libras. por gal\u00f3n<\/td>\n<\/tr>\n<\/tbody>\n<\/table>\n","protected":false},"excerpt":{"rendered":"<p>Descripci\u00f3n Fill-Coat #6 es un material de llenado de encamisado que puede ser instalado a temperaturas ambiente relativamente bajas 50 F\u00b0 (10 C) con bombas port\u00e1tiles. El material es utilizado en puentes, y puede ser utilizado en encamisados de alta temperatura. Uso Final Fill-Coat #6 es usado para llenar el espacio anular en ductos de &hellip; <a href=\"https:\/\/trentoncorp.com\/es\/productos\/llenado-de-camisa\/fill-coat-6\/\" class=\"more-link\">Continuar leyendo<span class=\"screen-reader-text\"> \u00abFill-Coat #6\u00bb<\/span><\/a><\/p>\n","protected":false},"author":1,"featured_media":0,"parent":27,"menu_order":2,"comment_status":"closed","ping_status":"closed","template":"","meta":{"footnotes":""},"class_list":["post-73","page","type-page","status-publish","hentry"],"aioseo_notices":[],"_links":{"self":[{"href":"https:\/\/trentoncorp.com\/es\/wp-json\/wp\/v2\/pages\/73","targetHints":{"allow":["GET"]}}],"collection":[{"href":"https:\/\/trentoncorp.com\/es\/wp-json\/wp\/v2\/pages"}],"about":[{"href":"https:\/\/trentoncorp.com\/es\/wp-json\/wp\/v2\/types\/page"}],"author":[{"embeddable":true,"href":"https:\/\/trentoncorp.com\/es\/wp-json\/wp\/v2\/users\/1"}],"replies":[{"embeddable":true,"href":"https:\/\/trentoncorp.com\/es\/wp-json\/wp\/v2\/comments?post=73"}],"version-history":[{"count":0,"href":"https:\/\/trentoncorp.com\/es\/wp-json\/wp\/v2\/pages\/73\/revisions"}],"up":[{"embeddable":true,"href":"https:\/\/trentoncorp.com\/es\/wp-json\/wp\/v2\/pages\/27"}],"wp:attachment":[{"href":"https:\/\/trentoncorp.com\/es\/wp-json\/wp\/v2\/media?parent=73"}],"curies":[{"name":"wp","href":"https:\/\/api.w.org\/{rel}","templated":true}]}}