{"id":7,"date":"2016-01-18T21:28:59","date_gmt":"2016-01-18T21:28:59","guid":{"rendered":"http:\/\/clients.radiantpunch.com\/trenton\/es\/?page_id=7"},"modified":"2016-01-18T21:28:59","modified_gmt":"2016-01-18T21:28:59","slug":"productos","status":"publish","type":"page","link":"https:\/\/trentoncorp.com\/es\/productos\/","title":{"rendered":"Productos"},"content":{"rendered":"<h2>USTED PUEDE ENCONTRAR M\u00c1S INFORMACI\u00d3N INGRESANDO A LOS PRODUCTOS ABAJO.<\/h2>\n<p>Al considerar un sistema anticorrosi\u00f3n, es importante entender las caracter\u00edsticas y beneficios de los productos Trenton.<\/p>\n<p class=\"subpage-link\"><a href=\"\/es\/productos\/wax-tape\/\"><b>Wax-Tape\u00ae<\/b><br \/>\nWax-Tapes de Trenton son una soluci\u00f3n excelente en la protecci\u00f3n de ductos soterrados y superficiales. La Cinta de Cera # 1 es resistente a la corrosi\u00f3n en ca\u00f1er\u00edas soterradas, a\u00fan si est\u00e1n mojadas, o se trata de superficies irregulares. La Cinta de Cera # 2 resiste a la corrosi\u00f3n atmosf\u00e9rica en ca\u00f1er\u00edas superficiales, cruces de puente, b\u00f3vedas, y otras superficies lisas e irregulares.<\/a><\/p>\n<p class=\"subpage-link\"><a href=\"\/es\/productos\/imprimadores-masillas\/\"><b>Imprimadores &amp; Masillas<\/b><br \/>\nNuestros Imprimadores son una de las raz\u00f3nes clave por las que el sistema de Cinta de Cera Trenton es tan eficaz combatiendo la corrosi\u00f3n. Estos penetran en la superficie oxidada preparandola para la aplicaci\u00f3n de la cinta de cera. Los trabajadores de campo s\u00f3lo necesitan utilizar un cepillo de alambre para preparar la superficie.<\/a><\/p>\n<p class=\"subpage-link\"><a href=\"\/es\/productos\/innercoat-guard-wrap\/\"><b>Innercoat &amp; Guard-Wrap<\/b><br \/>\nLa combinaci\u00f3n de Innercoat caliente y el envoltorio Guard-Wrap es un sistema ideal para las nuevas instalaciones, parches de campo, recortes de soldadura y reacondicionamiento de ca\u00f1er\u00edas.<\/a><\/p>\n<p class=\"subpage-link\"><a href=\"\/es\/productos\/revestimientos\/\"><b>Revestimientos<\/b><br \/>\nCuando las condiciones indican que se necesita m\u00e1s protecci\u00f3n mec\u00e1nica, Trenton ofrece una gama de revestimientos para las necesidades de cada situaci\u00f3n.<\/a><\/p>\n<p class=\"subpage-link\"><a href=\"\/es\/productos\/llenado-de-camisa\/\"><b>Llenado de Camisa<\/b><br \/>\nFill-Coat #1 es un servicio completo de llenado en caliente. Fill-Coat #1 desplaza todo el agua del encamisado y previene la entrada de agua, evitando toda corrosi\u00f3n.<\/a><\/p>\n","protected":false},"excerpt":{"rendered":"<p>USTED PUEDE ENCONTRAR M\u00c1S INFORMACI\u00d3N INGRESANDO A LOS PRODUCTOS ABAJO. Al considerar un sistema anticorrosi\u00f3n, es importante entender las caracter\u00edsticas y beneficios de los productos Trenton. Wax-Tape\u00ae Wax-Tapes de Trenton son una soluci\u00f3n excelente en la protecci\u00f3n de ductos soterrados y superficiales. La Cinta de Cera # 1 es resistente a la corrosi\u00f3n en ca\u00f1er\u00edas &hellip; <a href=\"https:\/\/trentoncorp.com\/es\/productos\/\" class=\"more-link\">Continuar leyendo<span class=\"screen-reader-text\"> \u00abProductos\u00bb<\/span><\/a><\/p>\n","protected":false},"author":1,"featured_media":0,"parent":0,"menu_order":2,"comment_status":"closed","ping_status":"closed","template":"","meta":{"footnotes":""},"class_list":["post-7","page","type-page","status-publish","hentry"],"aioseo_notices":[],"_links":{"self":[{"href":"https:\/\/trentoncorp.com\/es\/wp-json\/wp\/v2\/pages\/7","targetHints":{"allow":["GET"]}}],"collection":[{"href":"https:\/\/trentoncorp.com\/es\/wp-json\/wp\/v2\/pages"}],"about":[{"href":"https:\/\/trentoncorp.com\/es\/wp-json\/wp\/v2\/types\/page"}],"author":[{"embeddable":true,"href":"https:\/\/trentoncorp.com\/es\/wp-json\/wp\/v2\/users\/1"}],"replies":[{"embeddable":true,"href":"https:\/\/trentoncorp.com\/es\/wp-json\/wp\/v2\/comments?post=7"}],"version-history":[{"count":0,"href":"https:\/\/trentoncorp.com\/es\/wp-json\/wp\/v2\/pages\/7\/revisions"}],"wp:attachment":[{"href":"https:\/\/trentoncorp.com\/es\/wp-json\/wp\/v2\/media?parent=7"}],"curies":[{"name":"wp","href":"https:\/\/api.w.org\/{rel}","templated":true}]}}