{"id":69,"date":"2016-01-19T02:05:30","date_gmt":"2016-01-19T02:05:30","guid":{"rendered":"http:\/\/clients.radiantpunch.com\/trenton\/es\/?page_id=69"},"modified":"2016-01-19T02:05:30","modified_gmt":"2016-01-19T02:05:30","slug":"fill-coat-1","status":"publish","type":"page","link":"https:\/\/trentoncorp.com\/es\/productos\/llenado-de-camisa\/fill-coat-1\/","title":{"rendered":"Fill-Coat #1"},"content":{"rendered":"<h3>Descripci\u00f3n<\/h3>\n<p><figure id=\"attachment_329\" aria-describedby=\"caption-attachment-329\" style=\"width: 233px\" class=\"wp-caption alignright\"><img loading=\"lazy\" decoding=\"async\" src=\"\/wp-content\/uploads\/2016\/01\/FC1.jpg\" alt=\"Fill-Coat #1 being delivered to a jobsite via tank truck\" width=\"233\" height=\"163\" class=\"size-full wp-image-329\" \/><figcaption id=\"caption-attachment-329\" class=\"wp-caption-text\">Fill-Coat #1 es llevado al sitio de trabajo en nuestros cami\u00f3nes cisterna, aislados y capaces de calentar el material.<\/figcaption><\/figure>Fill Coat # 1 es un compuesto de bajo punto de fusi\u00f3n, colocado en caliente, que afirma en el suelo en temperaturas normales de gasoductos. Tiene buenas caracter\u00edsticas de adherencia y evita la posible corrosi\u00f3n en tuber\u00edas encamisadas. Fill-Coat # 1 cumple con las normas del Departamento de Transporte de los E.E.U.U. y es instalado f\u00e1cilmente por el personal de Trenton, dado que existe stock disponible.<\/p>\n<h3>Uso Final<\/h3>\n<p>Fill-coat #1 es utilizado para desplazar el agua presente en el espacio anular del encamisado.<\/p>\n<h3>Procedimientos de Aplicaci\u00f3n<\/h3>\n<p>Fill-Coat #1 es llevado al sitio de trabajo en nuestros cami\u00f3nes cisterna, aislados y capaces de calentar el material. Este es introducido en el espacio anular hasta su llenado total.<\/p>\n<h3>Packaging<\/h3>\n<p>El Material es bombeado directamente desde el cami\u00f3n cisterna de Trenton<\/p>\n<h3>Especificaciones<\/h3>\n<table>\n<tbody>\n<tr>\n<td>Color<\/td>\n<td>Marr\u00f3n Oscuro<\/td>\n<\/tr>\n<tr>\n<td>Peso espec\u00edfico a 60\u00b0F<\/td>\n<td>.80 &#8211; .90<\/td>\n<\/tr>\n<tr>\n<td>Punto de Fusi\u00f3n<\/td>\n<td>100 &#8211; 120\u00b0F<\/td>\n<\/tr>\n<tr>\n<td>Punto de Ignici\u00f3n<\/td>\n<td>300\u00b0F minimo<\/td>\n<\/tr>\n<\/tbody>\n<\/table>\n<h3>Ventajas<\/h3>\n<ul>\n<li>Evita la corrosi\u00f3n galv\u00e1nica y atmosf\u00e9rica<\/li>\n<li>Buenas caracter\u00edsticas de adhesi\u00f3n<\/li>\n<li>Desplaza e impide la reentrada de agua en el encamisado<\/li>\n<li>Evita \u201ccortos de agua\u201d<\/li>\n<li>Protege el encamisado del deterioro<\/li>\n<li>Reduce la p\u00e9rdida de corriente de protecci\u00f3n cat\u00f3dica<\/li>\n<li>Evita descargas a tierra cuando hay contacto entre metales<\/li>\n<li>Cumple los requisitos DOT<\/li>\n<li>El ducto interior puede ser removido<\/li>\n<li>Material inerte y no vol\u00e1til<\/li>\n<li>Relativamente barato<\/li>\n<li>Entregado y calentado e instalado por camiones cisterna propios<\/li>\n<li>Material extra tra\u00eddo a la obra<\/li>\n<li>Excedente de material devuelto a nuestras instalaciones sin cargo adicional<\/li>\n<li>Material colocado con medidores.<\/li>\n<li>Contamos con personal con experiencia para realizar el trabajo<\/li>\n<li>Equipos disponibles para peque\u00f1os y grandes obras<\/li>\n<li>Contamos con instalaciones de almacenamiento para asegurar la disponibilidad de material<\/li>\n<\/ul>\n","protected":false},"excerpt":{"rendered":"<p>Descripci\u00f3n Fill Coat # 1 es un compuesto de bajo punto de fusi\u00f3n, colocado en caliente, que afirma en el suelo en temperaturas normales de gasoductos. Tiene buenas caracter\u00edsticas de adherencia y evita la posible corrosi\u00f3n en tuber\u00edas encamisadas. Fill-Coat # 1 cumple con las normas del Departamento de Transporte de los E.E.U.U. y es &hellip; <a href=\"https:\/\/trentoncorp.com\/es\/productos\/llenado-de-camisa\/fill-coat-1\/\" class=\"more-link\">Continuar leyendo<span class=\"screen-reader-text\"> \u00abFill-Coat #1\u00bb<\/span><\/a><\/p>\n","protected":false},"author":1,"featured_media":0,"parent":27,"menu_order":0,"comment_status":"closed","ping_status":"closed","template":"","meta":{"footnotes":""},"class_list":["post-69","page","type-page","status-publish","hentry"],"aioseo_notices":[],"_links":{"self":[{"href":"https:\/\/trentoncorp.com\/es\/wp-json\/wp\/v2\/pages\/69","targetHints":{"allow":["GET"]}}],"collection":[{"href":"https:\/\/trentoncorp.com\/es\/wp-json\/wp\/v2\/pages"}],"about":[{"href":"https:\/\/trentoncorp.com\/es\/wp-json\/wp\/v2\/types\/page"}],"author":[{"embeddable":true,"href":"https:\/\/trentoncorp.com\/es\/wp-json\/wp\/v2\/users\/1"}],"replies":[{"embeddable":true,"href":"https:\/\/trentoncorp.com\/es\/wp-json\/wp\/v2\/comments?post=69"}],"version-history":[{"count":0,"href":"https:\/\/trentoncorp.com\/es\/wp-json\/wp\/v2\/pages\/69\/revisions"}],"up":[{"embeddable":true,"href":"https:\/\/trentoncorp.com\/es\/wp-json\/wp\/v2\/pages\/27"}],"wp:attachment":[{"href":"https:\/\/trentoncorp.com\/es\/wp-json\/wp\/v2\/media?parent=69"}],"curies":[{"name":"wp","href":"https:\/\/api.w.org\/{rel}","templated":true}]}}