{"id":67,"date":"2016-01-18T22:16:28","date_gmt":"2016-01-18T22:16:28","guid":{"rendered":"http:\/\/clients.radiantpunch.com\/trenton\/es\/?page_id=67"},"modified":"2026-02-27T11:53:03","modified_gmt":"2026-02-27T16:53:03","slug":"glas-wrap","status":"publish","type":"page","link":"https:\/\/trentoncorp.com\/es\/productos\/revestimientos\/glas-wrap\/","title":{"rendered":"Glas-Wrap\u2122"},"content":{"rendered":"<h3>Descripci\u00f3n<\/h3>\n<p>Glas-Wrap es un revestimiento de fibra de vidrio y Guard-Wrap es un revestimiento de tela, no tejido, recubierto de cera.<\/p>\n<h3>Uso Final<\/h3>\n<p>Se usa como revestimiento para cintas de cera #1 de Trenton para agregar protecci\u00f3n durante el llenado de la zanja y contra el estr\u00e9s del suelo.<\/p>\n<h3>Prodecimientos de Aplicaci\u00f3n<\/h3>\n<p>Aplicar Glas-Wrap sobre la cinta de Cera dejando una pulgada de superposici\u00f3n, presionandolo firmemente contra la cinta de cera.<\/p>\n<h3>Especificaciones<\/h3>\n<table>\n<tbody>\n<tr>\n<td>Fuerza de tensi\u00f3n (por pulgadas)<\/td>\n<td>85 libras\/ 39 kilos minimo<\/td>\n<\/tr>\n<tr>\n<td colspan=\"2\"><strong>Hilos por pulgada<\/strong><\/td>\n<\/tr>\n<tr>\n<td>Hilos exteriores<\/td>\n<td>20<\/td>\n<\/tr>\n<tr>\n<td>Hilos de interiores<\/td>\n<td>10<\/td>\n<\/tr>\n<tr>\n<td>Espesor<\/td>\n<td>.005 pulgadas \/ 0.0127 cm<\/td>\n<\/tr>\n<tr>\n<td>Colora<\/td>\n<td>Blanco<\/td>\n<\/tr>\n<\/tbody>\n<\/table>\n<h3>Presentaci\u00f3n<\/h3>\n<p>Rollos de 4\u201d x 150\u2019 rollos (18\/caja)<br \/>\nRollos de 6\u201d x 150\u2019 rollos (12\/caja)<br \/>\nRollos de 12\u201d x 150\u2019 rolls (6\/caja)<br \/>\n100 yardas cuadradas por caja, 13 lb por caja<\/p>\n","protected":false},"excerpt":{"rendered":"<p>Descripci\u00f3n Glas-Wrap es un revestimiento de fibra de vidrio y Guard-Wrap es un revestimiento de tela, no tejido, recubierto de cera. Uso Final Se usa como revestimiento para cintas de cera #1 de Trenton para agregar protecci\u00f3n durante el llenado de la zanja y contra el estr\u00e9s del suelo. Prodecimientos de Aplicaci\u00f3n Aplicar Glas-Wrap sobre &hellip; <a href=\"https:\/\/trentoncorp.com\/es\/productos\/revestimientos\/glas-wrap\/\" class=\"more-link\">Continuar leyendo<span class=\"screen-reader-text\"> \u00abGlas-Wrap\u2122\u00bb<\/span><\/a><\/p>\n","protected":false},"author":1,"featured_media":0,"parent":25,"menu_order":4,"comment_status":"closed","ping_status":"closed","template":"","meta":{"footnotes":""},"class_list":["post-67","page","type-page","status-publish","hentry"],"aioseo_notices":[],"_links":{"self":[{"href":"https:\/\/trentoncorp.com\/es\/wp-json\/wp\/v2\/pages\/67","targetHints":{"allow":["GET"]}}],"collection":[{"href":"https:\/\/trentoncorp.com\/es\/wp-json\/wp\/v2\/pages"}],"about":[{"href":"https:\/\/trentoncorp.com\/es\/wp-json\/wp\/v2\/types\/page"}],"author":[{"embeddable":true,"href":"https:\/\/trentoncorp.com\/es\/wp-json\/wp\/v2\/users\/1"}],"replies":[{"embeddable":true,"href":"https:\/\/trentoncorp.com\/es\/wp-json\/wp\/v2\/comments?post=67"}],"version-history":[{"count":1,"href":"https:\/\/trentoncorp.com\/es\/wp-json\/wp\/v2\/pages\/67\/revisions"}],"predecessor-version":[{"id":660,"href":"https:\/\/trentoncorp.com\/es\/wp-json\/wp\/v2\/pages\/67\/revisions\/660"}],"up":[{"embeddable":true,"href":"https:\/\/trentoncorp.com\/es\/wp-json\/wp\/v2\/pages\/25"}],"wp:attachment":[{"href":"https:\/\/trentoncorp.com\/es\/wp-json\/wp\/v2\/media?parent=67"}],"curies":[{"name":"wp","href":"https:\/\/api.w.org\/{rel}","templated":true}]}}