{"id":65,"date":"2016-01-18T22:15:46","date_gmt":"2016-01-18T22:15:46","guid":{"rendered":"http:\/\/clients.radiantpunch.com\/trenton\/es\/?page_id=65"},"modified":"2026-02-27T11:52:45","modified_gmt":"2026-02-27T16:52:45","slug":"poly-ply","status":"publish","type":"page","link":"https:\/\/trentoncorp.com\/es\/productos\/revestimientos\/poly-ply\/","title":{"rendered":"Poly-Ply\u2122"},"content":{"rendered":"<h3>Descripci\u00f3n<\/h3>\n<figure id=\"attachment_316\" aria-describedby=\"caption-attachment-316\" style=\"width: 233px\" class=\"wp-caption alignright\"><img loading=\"lazy\" decoding=\"async\" class=\"size-full wp-image-316\" src=\"\/wp-content\/uploads\/2016\/01\/Poly-Ply.jpg\" alt=\"Trenton Poly-Ply applied to a pipeline\" width=\"233\" height=\"163\" \/><figcaption id=\"caption-attachment-316\" class=\"wp-caption-text\">Poly-Ply es un revestimiento de pl\u00e1stico multi-capa. Ayuda a mantener una separaci\u00f3n entre la cinta y el suelo.<\/figcaption><\/figure>\n<p>Poly-Ply es un revestimiento pl\u00e1stico compuesto de tres membranas de .5mm de pl\u00e1stico transparente de polivinilideno, y cloruro, Unidos en una sola hoja. Proporciona una barrera mec\u00e1nica y el\u00e9ctrica lo suficientemente flexible como para ajustarse a las superficies irregulares. Es inerte, no se deteriora, y es resistente a los productos qu\u00edmicos y bacterias com\u00fanmente encontradas en el suelo.<\/p>\n<h3>Uso Final<\/h3>\n<p>Como revestimiento sobre Temcoat aplicado en fr\u00edo, para superficies met\u00e1licas rectas como tes y acoplamientos.<\/p>\n<h3>Prodecimientos de Aplicaci\u00f3n<\/h3>\n<p>Aplicar Temcoat y luego revestir con Poly-Ply.<\/p>\n<h3>Empaquetado<\/h3>\n<p>Los rollos sin centro se empaquetan en cajas de cart\u00f3n, 50 yardas cuadradas por caja.<br \/>\nRollos de 4\u201d x 50\u2019 (27 rollos\/carton)<br \/>\nRollos de 6\u201d x 50\u2019 (18 rollos\/carton)<br \/>\nRollos de 9\u201d x 50\u2019 (12 rollos\/carton)<br \/>\nRollos de 12\u201d x 50\u2019 (9 rollos\/carton)<br \/>\nSe ofrecen rollos de 18\u201d and 36\u201d bajo pedido.<\/p>\n<h3>Especificaciones<\/h3>\n<table>\n<tbody>\n<tr>\n<td>Color<\/td>\n<td>Transparente<\/td>\n<\/tr>\n<tr>\n<td>Espesor<\/td>\n<td>1.5 mils<\/td>\n<\/tr>\n<tr>\n<td>Resistencia Diel\u00e9ctrica<\/td>\n<td>2000 volts\/mil<\/td>\n<\/tr>\n<tr>\n<td>Absorci\u00f3n de Agua<\/td>\n<td>Insignificante<\/td>\n<\/tr>\n<\/tbody>\n<\/table>\n<h3>Ventajas<\/h3>\n<ul>\n<li>Resistencia mec\u00e1nica extra por su composici\u00f3n de 3 capas<\/li>\n<li>Alta resistencia diel\u00e9ctrica<\/li>\n<li>Se adapta a formas irregulares<\/li>\n<li>Compuesto de pel\u00edcula de pl\u00e1stico inerte, no se deteriora<\/li>\n<li>Resistente a los productos qu\u00edmicos y bacterias<\/li>\n<li>Conveniente tama\u00f1o de rollo<\/li>\n<li>Relativamente barato<\/li>\n<\/ul>\n","protected":false},"excerpt":{"rendered":"<p>Descripci\u00f3n Poly-Ply es un revestimiento pl\u00e1stico compuesto de tres membranas de .5mm de pl\u00e1stico transparente de polivinilideno, y cloruro, Unidos en una sola hoja. Proporciona una barrera mec\u00e1nica y el\u00e9ctrica lo suficientemente flexible como para ajustarse a las superficies irregulares. Es inerte, no se deteriora, y es resistente a los productos qu\u00edmicos y bacterias com\u00fanmente &hellip; <a href=\"https:\/\/trentoncorp.com\/es\/productos\/revestimientos\/poly-ply\/\" class=\"more-link\">Continuar leyendo<span class=\"screen-reader-text\"> \u00abPoly-Ply\u2122\u00bb<\/span><\/a><\/p>\n","protected":false},"author":1,"featured_media":0,"parent":25,"menu_order":3,"comment_status":"closed","ping_status":"closed","template":"","meta":{"footnotes":""},"class_list":["post-65","page","type-page","status-publish","hentry"],"aioseo_notices":[],"_links":{"self":[{"href":"https:\/\/trentoncorp.com\/es\/wp-json\/wp\/v2\/pages\/65","targetHints":{"allow":["GET"]}}],"collection":[{"href":"https:\/\/trentoncorp.com\/es\/wp-json\/wp\/v2\/pages"}],"about":[{"href":"https:\/\/trentoncorp.com\/es\/wp-json\/wp\/v2\/types\/page"}],"author":[{"embeddable":true,"href":"https:\/\/trentoncorp.com\/es\/wp-json\/wp\/v2\/users\/1"}],"replies":[{"embeddable":true,"href":"https:\/\/trentoncorp.com\/es\/wp-json\/wp\/v2\/comments?post=65"}],"version-history":[{"count":1,"href":"https:\/\/trentoncorp.com\/es\/wp-json\/wp\/v2\/pages\/65\/revisions"}],"predecessor-version":[{"id":659,"href":"https:\/\/trentoncorp.com\/es\/wp-json\/wp\/v2\/pages\/65\/revisions\/659"}],"up":[{"embeddable":true,"href":"https:\/\/trentoncorp.com\/es\/wp-json\/wp\/v2\/pages\/25"}],"wp:attachment":[{"href":"https:\/\/trentoncorp.com\/es\/wp-json\/wp\/v2\/media?parent=65"}],"curies":[{"name":"wp","href":"https:\/\/api.w.org\/{rel}","templated":true}]}}