{"id":63,"date":"2016-01-18T22:15:21","date_gmt":"2016-01-18T22:15:21","guid":{"rendered":"http:\/\/clients.radiantpunch.com\/trenton\/es\/?page_id=63"},"modified":"2026-02-27T11:52:20","modified_gmt":"2026-02-27T16:52:20","slug":"guard-wrap","status":"publish","type":"page","link":"https:\/\/trentoncorp.com\/es\/productos\/revestimientos\/guard-wrap\/","title":{"rendered":"Guard-Wrap\u2122"},"content":{"rendered":"<h3>Descripci\u00f3n<\/h3>\n<p><img loading=\"lazy\" decoding=\"async\" class=\"alignright size-full wp-image-312\" src=\"\/wp-content\/uploads\/2016\/01\/Applying-GuardWrap.jpg\" alt=\"Trenton Guard-Wrap being applied to a pipeline\" width=\"233\" height=\"163\" \/>Guard-Wrap consiste en una superficie de poli\u00e9ster, saturado de cera microcristalina, unido y laminado a una pel\u00edcula de poli\u00e9ster recubierta de cera microcristalina. Su composici\u00f3n hace que sea ideal para envolver accesorios. Tambi\u00e9n funciona bien en secciones rectas.<\/p>\n<h3>Uso Final<\/h3>\n<p>Guard-Wrap puede ser utilizado como revestimiento de protecci\u00f3n sobre varios tipos de productos Trenton, como Temcoat y Cinta de Cera #1. Ofrece protecci\u00f3n mec\u00e1nica al estr\u00e9s del suelo, proporciona una barrera adicional contra la humedad y aumenta la restistencia diel\u00e9ctrica.<\/p>\n<h3>Prodecimientos de Aplicaci\u00f3n<\/h3>\n<p>Aplicar Guard-Wrap sobre cualquier producto Trenton dejando una pulgada de superposici\u00f3n, Es preferible aplicar la parte \u00e1spera contra la tuber\u00eda y la parte suave para afuera. En secciones recta, el Guard-Wrap puede ser colocado en espiral o como un cigarrillo, siendo aplicado con cierta tensi\u00f3n. Sobre superficies irregulares, se debe dejar relativamente suelto para que se amolde a los contornos de la superficie.<\/p>\n<h3>Presentaci\u00f3n<\/h3>\n<p>Los rollos vienen empaquetados en cajas de cart\u00f3n, de 50 yardas cuadradas (45 m2) por caja.<br \/>\nRollos de 6\u201d x 150\u2019 (6 rollos\/caja)<br \/>\nRollos de 9\u201d x 150\u2019 (4 rollos\/caja)<br \/>\nRollos de 12\u201d x 150\u2019 (3 rollos\/caja)<br \/>\nRollos de 18\u201d x 150\u2019 (2 rollos\/caja)<\/p>\n<h3>Especificaciones<\/h3>\n<table>\n<tbody>\n<tr>\n<td>Color<\/td>\n<td>Marr\u00f3n<\/td>\n<\/tr>\n<tr>\n<td>Espesor del poli\u00e9ster<\/td>\n<td>.5 mil<\/td>\n<\/tr>\n<tr>\n<td>Espesor Total<\/td>\n<td>10 &#8211; 14 mm<\/td>\n<\/tr>\n<tr>\n<td>Resistencia dielectrica<\/td>\n<td>3500 volts (min)<\/td>\n<\/tr>\n<tr>\n<td>Punto de fusi\u00f3n de la cera<\/td>\n<td>160\u00b0 &#8211; 180\u00b0F<\/td>\n<\/tr>\n<\/tbody>\n<\/table>\n","protected":false},"excerpt":{"rendered":"<p>Descripci\u00f3n Guard-Wrap consiste en una superficie de poli\u00e9ster, saturado de cera microcristalina, unido y laminado a una pel\u00edcula de poli\u00e9ster recubierta de cera microcristalina. Su composici\u00f3n hace que sea ideal para envolver accesorios. Tambi\u00e9n funciona bien en secciones rectas. Uso Final Guard-Wrap puede ser utilizado como revestimiento de protecci\u00f3n sobre varios tipos de productos Trenton, &hellip; <a href=\"https:\/\/trentoncorp.com\/es\/productos\/revestimientos\/guard-wrap\/\" class=\"more-link\">Continuar leyendo<span class=\"screen-reader-text\"> \u00abGuard-Wrap\u2122\u00bb<\/span><\/a><\/p>\n","protected":false},"author":1,"featured_media":0,"parent":25,"menu_order":2,"comment_status":"closed","ping_status":"closed","template":"","meta":{"footnotes":""},"class_list":["post-63","page","type-page","status-publish","hentry"],"aioseo_notices":[],"_links":{"self":[{"href":"https:\/\/trentoncorp.com\/es\/wp-json\/wp\/v2\/pages\/63","targetHints":{"allow":["GET"]}}],"collection":[{"href":"https:\/\/trentoncorp.com\/es\/wp-json\/wp\/v2\/pages"}],"about":[{"href":"https:\/\/trentoncorp.com\/es\/wp-json\/wp\/v2\/types\/page"}],"author":[{"embeddable":true,"href":"https:\/\/trentoncorp.com\/es\/wp-json\/wp\/v2\/users\/1"}],"replies":[{"embeddable":true,"href":"https:\/\/trentoncorp.com\/es\/wp-json\/wp\/v2\/comments?post=63"}],"version-history":[{"count":1,"href":"https:\/\/trentoncorp.com\/es\/wp-json\/wp\/v2\/pages\/63\/revisions"}],"predecessor-version":[{"id":658,"href":"https:\/\/trentoncorp.com\/es\/wp-json\/wp\/v2\/pages\/63\/revisions\/658"}],"up":[{"embeddable":true,"href":"https:\/\/trentoncorp.com\/es\/wp-json\/wp\/v2\/pages\/25"}],"wp:attachment":[{"href":"https:\/\/trentoncorp.com\/es\/wp-json\/wp\/v2\/media?parent=63"}],"curies":[{"name":"wp","href":"https:\/\/api.w.org\/{rel}","templated":true}]}}