{"id":59,"date":"2016-01-18T22:14:28","date_gmt":"2016-01-18T22:14:28","guid":{"rendered":"http:\/\/clients.radiantpunch.com\/trenton\/es\/?page_id=59"},"modified":"2019-08-19T13:36:11","modified_gmt":"2019-08-19T18:36:11","slug":"mc-outerwrap","status":"publish","type":"page","link":"https:\/\/trentoncorp.com\/es\/productos\/revestimientos\/mc-outerwrap\/","title":{"rendered":"MCO\u00ae Outerwrap"},"content":{"rendered":"<h3>Descripci\u00f3n<\/h3>\n<figure id=\"attachment_307\" aria-describedby=\"caption-attachment-307\" style=\"width: 233px\" class=\"wp-caption alignright\"><img loading=\"lazy\" decoding=\"async\" class=\"size-full wp-image-307\" src=\"\/wp-content\/uploads\/2016\/01\/MC-Outerwrap-004.jpg\" alt=\"A pipeline protected by Trenton MCO outerwrap\" width=\"233\" height=\"163\" \/><figcaption id=\"caption-attachment-307\" class=\"wp-caption-text\">El \u00abMC\u00bb en MCO\u00ae significa \u00abmoisture cured\u201d, en espa\u00f1ol \u201ccurado por la humedad\u201d. Los materiales en el revestimiento empiezan a curar cuando est\u00e1n expuestos a la humedad del aire. El revetimiento proporciona una protecci\u00f3n muy resistente al exterior.<\/figcaption><\/figure>\n<p>El revestimiento es una mezcla especial de curado r\u00e1pido de resinas impregnadas en un tejido de poli\u00e9ster. Protege del estr\u00e9s del suelo y del llenado de zanja para aquellos revestimientos que necesitan m\u00e1s resistencia mec\u00e1nica. El MCO\u00ae est\u00e1 dise\u00f1ado espec\u00edficamente como un \u00bb escudo protector\u00bb colocado sobre las cintas de cera. Tambi\u00e9n se puede utilizar sobre otros revestimientos. Se vende completo con guantes y el adhesivo final de Trenton. El revestimiento MCO es aplicado a mano, sin necesidad de materiales adicional.<\/p>\n<h3>Uso Final<\/h3>\n<p>El revestimiento MCO es ultilizado en aplicaciones superficiales o soterradas como un revestimiento de protecci\u00f3n mec\u00e1nica sobre las cintas de cera Trenton.<\/p>\n<h3>Prodecimientos de Aplicaci\u00f3n<\/h3>\n<p>Una vez aplicada la Cinta de cera Trenton, y luego, con poca tensi\u00f3n, aplicar el Revestimiento MCO con al menos un 50% de superposici\u00f3n (usar 80% de superposici\u00f3n en zonas de alto estr\u00e9s, como en tuber\u00edas de transici\u00f3n o en suelos arcillosos). Aseg\u00fararse de que el revestimiento MCO se extienda de m\u00e1s a ambos extremos para un mejor anclaje. Al final del \u00faltimo rollo, aplicar adhesivo para prevenir posibles corrimientos antes del curado.<\/p>\n<h3>Empaquetado<\/h3>\n<p>Los Rollos son envasados al vacio individualmente en bolsas de aluminio<br \/>\nRollos de 10.16 cm x 3.66 m (0.37 m2)<br \/>\nRollos de 10.16 cm x 8.23 m (0,84 m2)<br \/>\nRollos de 15.24 cm x 8.23 m (1,25 m2)<br \/>\nRollos de 22.86 cm x 12.19 m (2.78 m2)<br \/>\nNOTA: Tenemos otros tamanos disponibles a un costo adicional.<\/p>\n<h3>Especificaciones<\/h3>\n<table>\n<tbody>\n<tr>\n<td>Color<\/td>\n<td>Negro<\/td>\n<\/tr>\n<tr>\n<td>Espesor promedio<\/td>\n<td>30 mil (curado)*<\/td>\n<\/tr>\n<tr>\n<td>Temperatura de aplicaci\u00f3n<\/td>\n<td>-20\u00b0F &#8211; 125\u00b0F(-29\u00b0C &#8211; 52\u00b0C)<\/td>\n<\/tr>\n<tr>\n<td>Temperatura de Operaci\u00f3n<\/td>\n<td>-30\u00b0F &#8211; 250\u00b0F( -34\u00b0C &#8211; 122\u00b0C)<\/td>\n<\/tr>\n<\/tbody>\n<\/table>\n<p><small>* Espesor depende de la superposici\u00f3n del revestimiento<\/small><\/p>\n<h3>Ventajas<\/h3>\n<ul>\n<li>Agrega protecci\u00f3n mec\u00e1nica a las cintas de cera<\/li>\n<li>Mayor protecci\u00f3n contra el estr\u00e9s del suelo<\/li>\n<li>Protecci\u00f3n durante el rellenado<\/li>\n<li>Revestimiento r\u00edgido pintable<\/li>\n<\/ul>\n","protected":false},"excerpt":{"rendered":"<p>Descripci\u00f3n El revestimiento es una mezcla especial de curado r\u00e1pido de resinas impregnadas en un tejido de poli\u00e9ster. Protege del estr\u00e9s del suelo y del llenado de zanja para aquellos revestimientos que necesitan m\u00e1s resistencia mec\u00e1nica. El MCO\u00ae est\u00e1 dise\u00f1ado espec\u00edficamente como un \u00bb escudo protector\u00bb colocado sobre las cintas de cera. Tambi\u00e9n se puede &hellip; <a href=\"https:\/\/trentoncorp.com\/es\/productos\/revestimientos\/mc-outerwrap\/\" class=\"more-link\">Continuar leyendo<span class=\"screen-reader-text\"> \u00abMCO\u00ae Outerwrap\u00bb<\/span><\/a><\/p>\n","protected":false},"author":1,"featured_media":0,"parent":25,"menu_order":0,"comment_status":"closed","ping_status":"closed","template":"","meta":{"footnotes":""},"class_list":["post-59","page","type-page","status-publish","hentry"],"aioseo_notices":[],"_links":{"self":[{"href":"https:\/\/trentoncorp.com\/es\/wp-json\/wp\/v2\/pages\/59","targetHints":{"allow":["GET"]}}],"collection":[{"href":"https:\/\/trentoncorp.com\/es\/wp-json\/wp\/v2\/pages"}],"about":[{"href":"https:\/\/trentoncorp.com\/es\/wp-json\/wp\/v2\/types\/page"}],"author":[{"embeddable":true,"href":"https:\/\/trentoncorp.com\/es\/wp-json\/wp\/v2\/users\/1"}],"replies":[{"embeddable":true,"href":"https:\/\/trentoncorp.com\/es\/wp-json\/wp\/v2\/comments?post=59"}],"version-history":[{"count":0,"href":"https:\/\/trentoncorp.com\/es\/wp-json\/wp\/v2\/pages\/59\/revisions"}],"up":[{"embeddable":true,"href":"https:\/\/trentoncorp.com\/es\/wp-json\/wp\/v2\/pages\/25"}],"wp:attachment":[{"href":"https:\/\/trentoncorp.com\/es\/wp-json\/wp\/v2\/media?parent=59"}],"curies":[{"name":"wp","href":"https:\/\/api.w.org\/{rel}","templated":true}]}}