{"id":55,"date":"2016-01-18T21:54:53","date_gmt":"2016-01-18T21:54:53","guid":{"rendered":"http:\/\/clients.radiantpunch.com\/trenton\/es\/?page_id=55"},"modified":"2016-01-18T21:54:53","modified_gmt":"2016-01-18T21:54:53","slug":"innercoat-para-reacondicionamientos-de-ductos","status":"publish","type":"page","link":"https:\/\/trentoncorp.com\/es\/productos\/innercoat-guard-wrap\/innercoat-para-reacondicionamientos-de-ductos\/","title":{"rendered":"Innercoat para Reacondicionamientos de Ductos"},"content":{"rendered":"<h3>Descripci\u00f3n<\/h3>\n<p>Innercoat es una mezcla de ceras microcristalinas dise\u00f1ado para proporcionar la m\u00e1s conveniente resistencia a la corrosi\u00f3n y m\u00e1xima adhesi\u00f3n. Es aplicado en caliente directamente sobre la tuber\u00eda y luego envuelto con un revestimiento Trenton, dependiendo del tipo de aplicaci\u00f3n. Su facilidad de aplicaci\u00f3n y adaptabilidad hacen de este producto ideal para el revestimiento de tuber\u00edas.<\/p>\n<h3>Uso Final<\/h3>\n<p>Para proteger ca\u00f1er\u00edas rectas o accesorios irregulares. Puede ser utilizado para servicios nuevos, parches, recortes de soldadura y reacondicionamiento.<\/p>\n<h3>Procedimientos de Aplicaci\u00f3n<\/h3>\n<p>Limpiar la superficie de \u00f3xido suelto, revestimiento suelto, suciedad, grasa, humedad y otras materias extra\u00f1as. Calentar el Innercoat calor entre 250 \u00b0 y 350 \u00b0 F en verano y entre 350 \u00b0 y 500 \u00b0 F en invierno para garantizar la correcta adherencia. Luego esparcir el Innercoat con pincel o directamente sobre la superficie limpia y seca. Para tubos rectos utilizar el m\u00e9todo del \u00abtrapo de la abuela\u00bb. Una vez aplicado el Innercoat, envolver con Guard-Wrap. Una fina capa de Innercoat pueden ser aplicada sobre el Guard-Wrap para protecci\u00f3n adicional.<\/p>\n<h3>Presentaci\u00f3n<\/h3>\n<p>Caja de 47 lb. 47 lb. Contenedor de metal.<br \/>\nBlocks de 7 1\/2 lb. blocks (10 por caja 75 lbs\/caja)<br \/>\nBlocks de 7 1\/2 lb., (10 por caja 75 lbs\/caja)<\/p>\n<h3>Specifications<\/h3>\n<table>\n<tbody>\n<tr>\n<td>Color<\/td>\n<td>Marr\u00f3n<\/td>\n<\/tr>\n<tr>\n<td>Peso espex\u00edfico a 77\u00b0F<\/td>\n<td>.88-.94<\/td>\n<\/tr>\n<tr>\n<td>Punto de Ignici\u00f3n minimo<\/td>\n<td>500\u00b0F<\/td>\n<\/tr>\n<tr>\n<td>Punto de Fusi\u00f3n<\/td>\n<td>160-175\u00b0<\/td>\n<\/tr>\n<tr>\n<td>Penetraci\u00f3n a 77F\u00b0<\/td>\n<td>26-50<\/td>\n<\/tr>\n<tr>\n<td>Resistencia Dielectrica<\/td>\n<td>100 volts\/mil<\/td>\n<\/tr>\n<\/tbody>\n<\/table>\n<h3>Ventajas<\/h3>\n<ul>\n<li>Un revestimiento de efectividad demostrada por m\u00e1s de 50 a\u00f1os de uso en el campo<\/li>\n<li>Excelente barrera anticorrosi\u00f3n con baja absorci\u00f3n y transmisi\u00f3n de humedad.<\/li>\n<li>Excelente barrera diel\u00e9ctrica<\/li>\n<li>Excelente humectaci\u00f3n y propiedades de adherencia<\/li>\n<li>Excelente ductilidad<\/li>\n<li>Inerte permanentemente<\/li>\n<li>Resistente a los productos qu\u00edmicos y bacterias com\u00fanmente encontradas en los suelos<\/li>\n<li>F\u00e1cil de aplicar compatible con otros materiales de revestimiento<\/li>\n<li>Puede ser recalentado sin alterar la composici\u00f3n<\/li>\n<li>No requiere primers<\/li>\n<li>No se necesita esperar para el rellenado<\/li>\n<\/ul>\n<h3>Cantidades Requeridas<\/h3>\n<table>\n<thead>\n<tr>\n<td>Di\u00e1metro<\/td>\n<td>Innercoat Libras\/100pies<\/td>\n<td>Guard-Wrap Yardas cuadradas\/100 pies<\/td>\n<\/tr>\n<\/thead>\n<tbody>\n<tr>\n<td>4<\/td>\n<td>50<\/td>\n<td>18<\/td>\n<\/tr>\n<tr>\n<td>6<\/td>\n<td>75<\/td>\n<td>27<\/td>\n<\/tr>\n<tr>\n<td>8<\/td>\n<td>100<\/td>\n<td>35<\/td>\n<\/tr>\n<tr>\n<td>10<\/td>\n<td>125<\/td>\n<td>44<\/td>\n<\/tr>\n<tr>\n<td>12<\/td>\n<td>150<\/td>\n<td>53<\/td>\n<\/tr>\n<tr>\n<td>16<\/td>\n<td>200<\/td>\n<td>69<\/td>\n<\/tr>\n<tr>\n<td>18<\/td>\n<td>225<\/td>\n<td>76<\/td>\n<\/tr>\n<tr>\n<td>20<\/td>\n<td>250<\/td>\n<td>84<\/td>\n<\/tr>\n<tr>\n<td>22<\/td>\n<td>275<\/td>\n<td>93<\/td>\n<\/tr>\n<tr>\n<td>24<\/td>\n<td>300<\/td>\n<td>102<\/td>\n<\/tr>\n<tr>\n<td>26<\/td>\n<td>325<\/td>\n<td>110<\/td>\n<\/tr>\n<tr>\n<td>30<\/td>\n<td>375<\/td>\n<td>135<\/td>\n<\/tr>\n<tr>\n<td>34<\/td>\n<td>425<\/td>\n<td>144<\/td>\n<\/tr>\n<tr>\n<td>36<\/td>\n<td>450<\/td>\n<td>153<\/td>\n<\/tr>\n<\/tbody>\n<\/table>\n","protected":false},"excerpt":{"rendered":"<p>Descripci\u00f3n Innercoat es una mezcla de ceras microcristalinas dise\u00f1ado para proporcionar la m\u00e1s conveniente resistencia a la corrosi\u00f3n y m\u00e1xima adhesi\u00f3n. Es aplicado en caliente directamente sobre la tuber\u00eda y luego envuelto con un revestimiento Trenton, dependiendo del tipo de aplicaci\u00f3n. Su facilidad de aplicaci\u00f3n y adaptabilidad hacen de este producto ideal para el revestimiento &hellip; <a href=\"https:\/\/trentoncorp.com\/es\/productos\/innercoat-guard-wrap\/innercoat-para-reacondicionamientos-de-ductos\/\" class=\"more-link\">Continuar leyendo<span class=\"screen-reader-text\"> \u00abInnercoat para Reacondicionamientos de Ductos\u00bb<\/span><\/a><\/p>\n","protected":false},"author":1,"featured_media":0,"parent":23,"menu_order":0,"comment_status":"closed","ping_status":"closed","template":"","meta":{"footnotes":""},"class_list":["post-55","page","type-page","status-publish","hentry"],"aioseo_notices":[],"_links":{"self":[{"href":"https:\/\/trentoncorp.com\/es\/wp-json\/wp\/v2\/pages\/55","targetHints":{"allow":["GET"]}}],"collection":[{"href":"https:\/\/trentoncorp.com\/es\/wp-json\/wp\/v2\/pages"}],"about":[{"href":"https:\/\/trentoncorp.com\/es\/wp-json\/wp\/v2\/types\/page"}],"author":[{"embeddable":true,"href":"https:\/\/trentoncorp.com\/es\/wp-json\/wp\/v2\/users\/1"}],"replies":[{"embeddable":true,"href":"https:\/\/trentoncorp.com\/es\/wp-json\/wp\/v2\/comments?post=55"}],"version-history":[{"count":0,"href":"https:\/\/trentoncorp.com\/es\/wp-json\/wp\/v2\/pages\/55\/revisions"}],"up":[{"embeddable":true,"href":"https:\/\/trentoncorp.com\/es\/wp-json\/wp\/v2\/pages\/23"}],"wp:attachment":[{"href":"https:\/\/trentoncorp.com\/es\/wp-json\/wp\/v2\/media?parent=55"}],"curies":[{"name":"wp","href":"https:\/\/api.w.org\/{rel}","templated":true}]}}