{"id":5,"date":"2016-01-18T21:28:05","date_gmt":"2016-01-18T21:28:05","guid":{"rendered":"http:\/\/clients.radiantpunch.com\/trenton\/es\/?page_id=5"},"modified":"2016-01-18T21:28:05","modified_gmt":"2016-01-18T21:28:05","slug":"nuestra-empresa","status":"publish","type":"page","link":"https:\/\/trentoncorp.com\/es\/nuestra-empresa\/","title":{"rendered":"Nuestra Empresa"},"content":{"rendered":"<h2>Desde 1949 La Corporaci\u00f3n Trenton Ha Sido Pionera en el Desarrollo de Productos de Cera Anticorrosi\u00f3n a Base de Petr\u00f3leo.<\/h2>\n<p><img loading=\"lazy\" decoding=\"async\" class=\"alignright size-full wp-image-154\" src=\"\/wp-content\/uploads\/2016\/01\/our-company.jpg\" alt=\"City skyline\" width=\"233\" height=\"163\" \/>La Corporaci\u00f3n Trenton ha proporcionado excelentes sistemas de revestimientos anticorrosi\u00f3n para una variedad de entornos. Un sistema completo de protecci\u00f3n, incluyendo una selecci\u00f3n de Imprimadors, cintas y revestimientos que trabajan juntos para proteger sus recursos.<\/p>\n<p class=\"subpage-link\"><a href=\"\/es\/nuestra-empresa\/historia\/\"><b>Historia<\/b><br \/>\nHistoria Desde 1949 la Corporaci\u00f3n Trenton ha proporcionado excelentes sistemas de revestimientos anticorrosi\u00f3n para una variedad de entornos.<\/a><\/p>\n<p class=\"subpage-link\"><a href=\"\/es\/proximos-eventos\/\"><b>Pr\u00f3ximos Eventos<\/b><br \/>\nLeer m\u00e1s como recibir una domstraci\u00f3n de nuestros productos.<\/a><\/p>\n","protected":false},"excerpt":{"rendered":"<p>Desde 1949 La Corporaci\u00f3n Trenton Ha Sido Pionera en el Desarrollo de Productos de Cera Anticorrosi\u00f3n a Base de Petr\u00f3leo. La Corporaci\u00f3n Trenton ha proporcionado excelentes sistemas de revestimientos anticorrosi\u00f3n para una variedad de entornos. Un sistema completo de protecci\u00f3n, incluyendo una selecci\u00f3n de Imprimadors, cintas y revestimientos que trabajan juntos para proteger sus recursos. &hellip; <a href=\"https:\/\/trentoncorp.com\/es\/nuestra-empresa\/\" class=\"more-link\">Continuar leyendo<span class=\"screen-reader-text\"> \u00abNuestra Empresa\u00bb<\/span><\/a><\/p>\n","protected":false},"author":1,"featured_media":0,"parent":0,"menu_order":1,"comment_status":"closed","ping_status":"closed","template":"","meta":{"footnotes":""},"class_list":["post-5","page","type-page","status-publish","hentry"],"aioseo_notices":[],"_links":{"self":[{"href":"https:\/\/trentoncorp.com\/es\/wp-json\/wp\/v2\/pages\/5","targetHints":{"allow":["GET"]}}],"collection":[{"href":"https:\/\/trentoncorp.com\/es\/wp-json\/wp\/v2\/pages"}],"about":[{"href":"https:\/\/trentoncorp.com\/es\/wp-json\/wp\/v2\/types\/page"}],"author":[{"embeddable":true,"href":"https:\/\/trentoncorp.com\/es\/wp-json\/wp\/v2\/users\/1"}],"replies":[{"embeddable":true,"href":"https:\/\/trentoncorp.com\/es\/wp-json\/wp\/v2\/comments?post=5"}],"version-history":[{"count":0,"href":"https:\/\/trentoncorp.com\/es\/wp-json\/wp\/v2\/pages\/5\/revisions"}],"wp:attachment":[{"href":"https:\/\/trentoncorp.com\/es\/wp-json\/wp\/v2\/media?parent=5"}],"curies":[{"name":"wp","href":"https:\/\/api.w.org\/{rel}","templated":true}]}}