{"id":47,"date":"2016-01-18T21:45:54","date_gmt":"2016-01-18T21:45:54","guid":{"rendered":"http:\/\/clients.radiantpunch.com\/trenton\/es\/?page_id=47"},"modified":"2016-01-18T21:45:54","modified_gmt":"2016-01-18T21:45:54","slug":"temcoattemcoat-3000","status":"publish","type":"page","link":"https:\/\/trentoncorp.com\/es\/productos\/imprimadores-masillas\/temcoattemcoat-3000\/","title":{"rendered":"Temcoat\u2122\/Temcoat\u2122 3000"},"content":{"rendered":"<h3>Descripci\u00f3n<\/h3>\n<figure id=\"attachment_279\" aria-describedby=\"caption-attachment-279\" style=\"width: 233px\" class=\"wp-caption alignright\"><img loading=\"lazy\" decoding=\"async\" class=\"size-full wp-image-279\" src=\"\/wp-content\/uploads\/2016\/01\/temcoat.jpg\" alt=\"A protective layer of Temcoat on a pipe\" width=\"233\" height=\"163\" \/><figcaption id=\"caption-attachment-279\" class=\"wp-caption-text\">Temcoat proporciona una muy s\u00f3lida capa protectora que se haca a\u00fan m\u00e1s eficaz con la adici\u00f3n de una cinta de cera.<\/figcaption><\/figure>\n<p>Temcoat y Temcoat 3000 son compuestos de cera microcristalina con alta tolerancia a la temperatura, que no se derriten y se puede aplicar a una temperatura ambiente de hasta 200 \u00b0 F \/ 93\u00ba C. No es necesario el curado y se aplican f\u00e1cilmente a mano. El Temcoat 3000 est\u00e1 dise\u00f1ado para ser aplicable a temperaturas m\u00e1s bajas.<\/p>\n<h3>Uso Final<\/h3>\n<p>Temcoat y Temcoat 3000 son utilizados como compuesto anticorrosi\u00f3n para tuber\u00edas soterradas y superficiales. Se pueden utilizar aplicados en fr\u00edo con un revestimiento o como Imprimador para cintas de cera. Debido a su consistencia pastosa en una amplia gama de temperaturas, son un excelente material para rellenar huecos. Se pueden utilizar en tubos rectos, accesorios irregulares y superficies planas.<\/p>\n<h3>Procedimientos de Aplicaci\u00f3n<\/h3>\n<p>Limpiar la superficie con Cepillo de alambre para remover cualquier revestimiento suelto. A continuaci\u00f3n, se aplica Temcoat a mano directamente a la superficie. En temperaturas m\u00e1s altas, Temcoat puede ser aplicada con pincel. En superficies mojadas, frote y presione con firmeza para desplazar la humedad y garantizar la adherencia. Para tuber\u00edas soterradas, para proteger al Temcoat de la abrasi\u00f3n mec\u00e1nica, revestir o con Poly-Ply, Guard-Wrap o Cinta # 1. Para aplicaciones superficiales, revestir con Cinta # 2.<\/p>\n<h3>Presentaci\u00f3n<\/h3>\n<p>Latas de 3 galones (aproximadamente 24 lb\/lata)<br \/>\nLatas de 1 gal\u00f3n (4 galones\/caja, 32 lb\/caja)<\/p>\n<h3>Especificaciones<\/h3>\n<table>\n<thead>\n<tr>\n<td><\/td>\n<td>Temcoat<\/td>\n<td>Temcoat 3000<\/td>\n<\/tr>\n<\/thead>\n<tbody>\n<tr>\n<td>Color<\/td>\n<td>Marr\u00f3n<\/td>\n<td>Marr\u00f3n<\/td>\n<\/tr>\n<tr>\n<td>Punto de fusi\u00f3n<\/td>\n<td>No se derrite<\/td>\n<td>No se derrite<\/td>\n<\/tr>\n<tr>\n<td>Punto de ignici\u00f3n<\/td>\n<td>350\u00b0F minimo<\/td>\n<td>350\u00b0F minimo<\/td>\n<\/tr>\n<tr>\n<td>Resistencia diel\u00e9ctrica<\/td>\n<td>100 volts\/mil<\/td>\n<td>100 volts\/mil<\/td>\n<\/tr>\n<tr>\n<td>Temperatura de aplicaci\u00f3n<\/td>\n<td>32\u00b0-200\u00b0F<\/td>\n<td>0\u00b0-200\u00b0F<\/td>\n<\/tr>\n<\/tbody>\n<\/table>\n<h3>Ventajas<\/h3>\n<ul>\n<li>Soporta temperaturas altas<\/li>\n<li>Se coloca f\u00e1cilmente a mano<\/li>\n<li>No requiere primer<\/li>\n<li>No se espera para el secado o curaci\u00f3n<\/li>\n<li>No es peligroso, sin componentes org\u00e1nicos vol\u00e1tiles<\/li>\n<li>M\u00ednima preparaci\u00f3n de la superficie<\/li>\n<li>Puede ser aplicado a un ducto mojada<\/li>\n<\/ul>\n","protected":false},"excerpt":{"rendered":"<p>Descripci\u00f3n Temcoat y Temcoat 3000 son compuestos de cera microcristalina con alta tolerancia a la temperatura, que no se derriten y se puede aplicar a una temperatura ambiente de hasta 200 \u00b0 F \/ 93\u00ba C. No es necesario el curado y se aplican f\u00e1cilmente a mano. El Temcoat 3000 est\u00e1 dise\u00f1ado para ser aplicable &hellip; <a href=\"https:\/\/trentoncorp.com\/es\/productos\/imprimadores-masillas\/temcoattemcoat-3000\/\" class=\"more-link\">Continuar leyendo<span class=\"screen-reader-text\"> \u00abTemcoat\u2122\/Temcoat\u2122 3000\u00bb<\/span><\/a><\/p>\n","protected":false},"author":1,"featured_media":0,"parent":21,"menu_order":2,"comment_status":"closed","ping_status":"closed","template":"","meta":{"footnotes":""},"class_list":["post-47","page","type-page","status-publish","hentry"],"aioseo_notices":[],"_links":{"self":[{"href":"https:\/\/trentoncorp.com\/es\/wp-json\/wp\/v2\/pages\/47","targetHints":{"allow":["GET"]}}],"collection":[{"href":"https:\/\/trentoncorp.com\/es\/wp-json\/wp\/v2\/pages"}],"about":[{"href":"https:\/\/trentoncorp.com\/es\/wp-json\/wp\/v2\/types\/page"}],"author":[{"embeddable":true,"href":"https:\/\/trentoncorp.com\/es\/wp-json\/wp\/v2\/users\/1"}],"replies":[{"embeddable":true,"href":"https:\/\/trentoncorp.com\/es\/wp-json\/wp\/v2\/comments?post=47"}],"version-history":[{"count":0,"href":"https:\/\/trentoncorp.com\/es\/wp-json\/wp\/v2\/pages\/47\/revisions"}],"up":[{"embeddable":true,"href":"https:\/\/trentoncorp.com\/es\/wp-json\/wp\/v2\/pages\/21"}],"wp:attachment":[{"href":"https:\/\/trentoncorp.com\/es\/wp-json\/wp\/v2\/media?parent=47"}],"curies":[{"name":"wp","href":"https:\/\/api.w.org\/{rel}","templated":true}]}}