{"id":45,"date":"2016-01-18T21:45:24","date_gmt":"2016-01-18T21:45:24","guid":{"rendered":"http:\/\/clients.radiantpunch.com\/trenton\/es\/?page_id=45"},"modified":"2016-01-18T21:45:24","modified_gmt":"2016-01-18T21:45:24","slug":"imprimador-para-cintas-de-cera-blanco","status":"publish","type":"page","link":"https:\/\/trentoncorp.com\/es\/productos\/imprimadores-masillas\/imprimador-para-cintas-de-cera-blanco\/","title":{"rendered":"Imprimador para Cintas de Cera (Blanco)"},"content":{"rendered":"<h3>Descripci\u00f3n<\/h3>\n<p>Este Imprimador es una mezcla de cera microcristalina, plastificadores e inhibidores de corrosi\u00f3n (sin relleno de arcilla). Tiene una consistencia pastosa y est\u00e1 dise\u00f1ado para desplazar la humedad asegurando la adherencia de la cinta.<\/p>\n<h3>Uso final<\/h3>\n<p>Como un acondicionador de superficie para trabajos en tuber\u00edas soterradas y supericiales antes de la aplicaci\u00f3n de cintas de cera Trenton.<\/p>\n<h3>Procedimientos de aplicaci\u00f3n<\/h3>\n<p>Limpiar la superficie con Cepillo de alambre. Aplique el Imprimador a mano, esparciendo el Imprimador firmemente por la superficie, especialmente si la superficie est\u00e1 mojada, fr\u00eda o oxidada, a fin de desplazar toda la humedad y garantizar la adherencia a la superficie. Las Cintas de cera podr\u00e1n ser aplicada de inmediato.<\/p>\n<h3>Empaquetado<\/h3>\n<p>Latas de 1 gal\u00f3n (cuatro galones por caja 32 lb\/caja)<\/p>\n<h3>Especificaciones<\/h3>\n<table>\n<tbody>\n<tr>\n<td>Color<\/td>\n<td>Blanco<\/td>\n<\/tr>\n<tr>\n<td>Punto de Fusi\u00f3n<\/td>\n<td>100-115\u00b0F\/37-44\u00b0C<\/td>\n<\/tr>\n<tr>\n<td>Punto de Ignicion<\/td>\n<td>350\u00b0F\/177\u00b0C<\/td>\n<\/tr>\n<tr>\n<td>Cobertura (aproximada)<\/td>\n<td>1 gal\u00f3n\/100 sq ft<\/td>\n<\/tr>\n<\/table>\n<h3>Ventajas<\/h3>\n<ul>\n<li>Se coloca a mano f\u00e1cilmente<\/li>\n<li>Desplaza a la humedad<\/li>\n<li>Penetra en el \u00f3xido de la superficie<\/li>\n<li>Facilita el mojado de las superficies<\/li>\n<li>Asegura la adherencia de la cinta<\/li>\n<li>S\u00f3lo una fina capa es necesaria<\/li>\n<li>No se espera para el secado o curaci\u00f3n<\/li>\n<li>No se mezcla, diluye o agita<\/li>\n<li>Compatible con otros recubrimientos<\/li>\n<li>No T\u00f3xico, No inflamable, no caner\u00edgeno, sin componentes org\u00e1nicos vol\u00e1tiles<\/li>\n<\/ul>\n","protected":false},"excerpt":{"rendered":"<p>Descripci\u00f3n Este Imprimador es una mezcla de cera microcristalina, plastificadores e inhibidores de corrosi\u00f3n (sin relleno de arcilla). Tiene una consistencia pastosa y est\u00e1 dise\u00f1ado para desplazar la humedad asegurando la adherencia de la cinta. Uso final Como un acondicionador de superficie para trabajos en tuber\u00edas soterradas y supericiales antes de la aplicaci\u00f3n de cintas &hellip; <a href=\"https:\/\/trentoncorp.com\/es\/productos\/imprimadores-masillas\/imprimador-para-cintas-de-cera-blanco\/\" class=\"more-link\">Continuar leyendo<span class=\"screen-reader-text\"> \u00abImprimador para Cintas de Cera (Blanco)\u00bb<\/span><\/a><\/p>\n","protected":false},"author":1,"featured_media":0,"parent":21,"menu_order":1,"comment_status":"closed","ping_status":"closed","template":"","meta":{"footnotes":""},"class_list":["post-45","page","type-page","status-publish","hentry"],"aioseo_notices":[],"_links":{"self":[{"href":"https:\/\/trentoncorp.com\/es\/wp-json\/wp\/v2\/pages\/45","targetHints":{"allow":["GET"]}}],"collection":[{"href":"https:\/\/trentoncorp.com\/es\/wp-json\/wp\/v2\/pages"}],"about":[{"href":"https:\/\/trentoncorp.com\/es\/wp-json\/wp\/v2\/types\/page"}],"author":[{"embeddable":true,"href":"https:\/\/trentoncorp.com\/es\/wp-json\/wp\/v2\/users\/1"}],"replies":[{"embeddable":true,"href":"https:\/\/trentoncorp.com\/es\/wp-json\/wp\/v2\/comments?post=45"}],"version-history":[{"count":0,"href":"https:\/\/trentoncorp.com\/es\/wp-json\/wp\/v2\/pages\/45\/revisions"}],"up":[{"embeddable":true,"href":"https:\/\/trentoncorp.com\/es\/wp-json\/wp\/v2\/pages\/21"}],"wp:attachment":[{"href":"https:\/\/trentoncorp.com\/es\/wp-json\/wp\/v2\/media?parent=45"}],"curies":[{"name":"wp","href":"https:\/\/api.w.org\/{rel}","templated":true}]}}