{"id":39,"date":"2016-01-18T21:42:17","date_gmt":"2016-01-18T21:42:17","guid":{"rendered":"http:\/\/clients.radiantpunch.com\/trenton\/es\/?page_id=39"},"modified":"2016-01-18T21:42:17","modified_gmt":"2016-01-18T21:42:17","slug":"wax-tape-ht-3000-high-temperature-anticorrosion-wrap","status":"publish","type":"page","link":"https:\/\/trentoncorp.com\/es\/productos\/wax-tape\/wax-tape-ht-3000-high-temperature-anticorrosion-wrap\/","title":{"rendered":"Wax-Tape\u00ae HT-3000 High-Temperature Anticorrosion Wrap"},"content":{"rendered":"<h2>Recumbrimiento Wax-Tape para aplicaciones de alta temperatura<\/h2>\n<h3>Descripcion<\/h3>\n<p>Trenton HT-3000 Wax-Tape<sup>\u00ae<\/sup> contiene una f\u00f3rmula especial a base de ceras microcristalinas, que es utilizada para la protecci\u00f3n contra la corrosi\u00f3n en tuber\u00eda y accesorios de metal que experimentan temperaturas m\u00e1s altas que las normales. Cuando esta cinta de f\u00e1cil aplicaci\u00f3n se utiliza en combinaci\u00f3n con el Primer Trenton Temcoat 3000\u2122, entrega una protecci\u00f3n eficaz y duradera a la corrosi\u00f3n de superficies sin recubrimiento o revestidas en diferentes condiciones de campo.<\/p>\n<h3>Uso Final<\/h3>\n<p>La cinta Wax-Tape HT-3000 puede ser aplicada y funcionar eficazmente a temperaturas de operaci\u00f3n continuas de hasta 230\u00b0F (110\u00b0C) y esta dise\u00f1ada para uso en aplicaciones bajo tierra y en la superficie.<\/p>\n<h3>Caracter\u00edsticas<\/h3>\n<h4>Facilidad de Uso<\/h4>\n<ul>\n<li>R\u00e1pida y f\u00e1cil de aplicar, con un m\u00ednimo de equipos.<\/li>\n<li>Puede ser aplicada en superficies con una preparaci\u00f3n m\u00ednima (SSPC-SP2 o ISO St2).<\/li>\n<li>Puede ser aplicada en condiciones con alta humedad.<\/li>\n<li>Puede ser aplicada en tuber\u00edas y accesorios con temperaturas en servicio.<\/li>\n<li>No requiere tiempo de curado \u2013 En tuber\u00edas o elementos met\u00e1licos enterrados, una vez aplicada pueden ser cubiertos inmediatamente.<\/li>\n<li>No es toxica \u2013 Sin componentes org\u00e1nicos vol\u00e1tiles (VOCs).<\/li>\n<\/ul>\n<h4>Durabilidad y Rendimientos comprobados de los sistemas Trenton Wax-Tape<\/h4>\n<ul>\n<li>Los sistemas Trenton Wax-Tape\u00ae tienen mas de 3 d\u00e9cadas de desempe\u00f1o exitoso en campo<\/li>\n<li>Se puede utilizar en aplicaciones enterradas o en la superficie (Resistente a rayos UV)<\/li>\n<li>Resistente a los \u00e1cidos, sales, y otros compuestos org\u00e1nicos del suelo en un amplio rango de pH<\/li>\n<li>Alta resistencia diel\u00e9ctrica<\/li>\n<li>Excelente resistencia al desprendimiento cat\u00f3dico<\/li>\n<\/ul>\n<h3>Procedimientos de Aplicaci\u00f3n<\/h3>\n<h4>Preparaci\u00f3n de la superficie<\/h4>\n<ul>\n<li>Elimine todo el \u00f3xido, residuos, pintura, hielo, suciedad y otras materias extra\u00f1as con un cepillo de alambre (SSPCSP2, ISO St 2). Se debe dejar la superficie seca, si es posible.<\/li>\n<\/ul>\n<h4>Aplicaci\u00f3n del Primer y la Cinta<\/h4>\n<ul>\n<li>Cubra con la mano la superficie de la tuber\u00eda con el Primer Trenton Temcoat 3000TM, garantizando uniformidad y una pel\u00edcula continua del imprimante sobre todas las superficies met\u00e1licas expuestas a ser envueltas (utilice guantes aislantes y\/o brocha para temperaturas elevadas).<\/li>\n<li>Con un punto de inicio de abajo hacia arriba, envuelva la cinta Trenton Wax-Tape HT-3000 en el tubo en forma de espiral con un traslape m\u00ednimo de 1&#8243;. Mientras envuelve, aplique tensi\u00f3n y presione la cinta sobre la superficie.<\/li>\n<li>Despu\u00e9s de envolver el tubo, frote toda la superficie de la cinta para eliminar las burbujas de aire y para alisar la superficie. Presione los bordes en el traslape y asegurese de que est\u00e9n sellados, especialmente en cada extremo de la aplicaci\u00f3n de la cinta.<\/li>\n<li>Si la temperatura ambiente del sitio de trabajo est\u00e1 por debajo de 50\u00b0F, mantenga la cinta caliente antes de la aplicaci\u00f3n.<\/li>\n<li>La protecci\u00f3n mec\u00e1nica Trenton MC Outerwrap debe ser utilizada para aplicaciones que requieren una protecci\u00f3n mec\u00e1nica sustancial o donde el contacto blando con el exterior pueda ser un problema.<\/li>\n<\/ul>\n<h3>Empaque<\/h3>\n<p>Rollos de 5,1 cm x 2,8 m (48 rollos\/caja)<br \/>\nRollos de 10,2 cm x 2,8 m (24 rollos\/caja)<br \/>\nRollos de 15,2 cm x 2,8 m (16 rollos\/caja)<br \/>\nRollos de 30,5 cm x 5,5 m (4 rollos\/caja) <\/p>\n<h3>Especificaciones<\/h3>\n<table>\n<thead>\n<tr>\n<td><\/td>\n<td>English<\/td>\n<td>Metric<\/td>\n<\/tr>\n<\/thead>\n<tbody>\n<tr>\n<td>Espesor (ASTM D1000)<\/td>\n<td>100 mils<\/td>\n<td>2.5 mm<\/td>\n<\/tr>\n<tr>\n<td>M\u00e1xima temperatura de operaci\u00f3n<\/td>\n<td>230\u00b0F<\/td>\n<td>110\u00b0C<\/td>\n<\/tr>\n<tr>\n<td>M\u00e1xima temperatura de aplicaci\u00f3n<\/td>\n<td>230\u00b0F<\/td>\n<td>110\u00b0C<\/td>\n<\/tr>\n<tr>\n<td>M\u00ednima temperatura de aplicaci\u00f3n<\/td>\n<td>30\u00b0F<\/td>\n<td>-1\u00b0C<\/td>\n<\/tr>\n<tr>\n<td>Contenido de carga de minerales Sil\u00edceos (%)<\/td>\n<td>None<\/td>\n<td>None<\/td>\n<\/tr>\n<\/tbody>\n<\/table>\n","protected":false},"excerpt":{"rendered":"<p>Recumbrimiento Wax-Tape para aplicaciones de alta temperatura Descripcion Trenton HT-3000 Wax-Tape\u00ae contiene una f\u00f3rmula especial a base de ceras microcristalinas, que es utilizada para la protecci\u00f3n contra la corrosi\u00f3n en tuber\u00eda y accesorios de metal que experimentan temperaturas m\u00e1s altas que las normales. Cuando esta cinta de f\u00e1cil aplicaci\u00f3n se utiliza en combinaci\u00f3n con el &hellip; <a href=\"https:\/\/trentoncorp.com\/es\/productos\/wax-tape\/wax-tape-ht-3000-high-temperature-anticorrosion-wrap\/\" class=\"more-link\">Continuar leyendo<span class=\"screen-reader-text\"> \u00abWax-Tape\u00ae HT-3000 High-Temperature Anticorrosion Wrap\u00bb<\/span><\/a><\/p>\n","protected":false},"author":1,"featured_media":0,"parent":19,"menu_order":2,"comment_status":"closed","ping_status":"closed","template":"","meta":{"footnotes":""},"class_list":["post-39","page","type-page","status-publish","hentry"],"aioseo_notices":[],"_links":{"self":[{"href":"https:\/\/trentoncorp.com\/es\/wp-json\/wp\/v2\/pages\/39","targetHints":{"allow":["GET"]}}],"collection":[{"href":"https:\/\/trentoncorp.com\/es\/wp-json\/wp\/v2\/pages"}],"about":[{"href":"https:\/\/trentoncorp.com\/es\/wp-json\/wp\/v2\/types\/page"}],"author":[{"embeddable":true,"href":"https:\/\/trentoncorp.com\/es\/wp-json\/wp\/v2\/users\/1"}],"replies":[{"embeddable":true,"href":"https:\/\/trentoncorp.com\/es\/wp-json\/wp\/v2\/comments?post=39"}],"version-history":[{"count":0,"href":"https:\/\/trentoncorp.com\/es\/wp-json\/wp\/v2\/pages\/39\/revisions"}],"up":[{"embeddable":true,"href":"https:\/\/trentoncorp.com\/es\/wp-json\/wp\/v2\/pages\/19"}],"wp:attachment":[{"href":"https:\/\/trentoncorp.com\/es\/wp-json\/wp\/v2\/media?parent=39"}],"curies":[{"name":"wp","href":"https:\/\/api.w.org\/{rel}","templated":true}]}}