{"id":37,"date":"2016-01-18T21:41:48","date_gmt":"2016-01-18T21:41:48","guid":{"rendered":"http:\/\/clients.radiantpunch.com\/trenton\/es\/?page_id=37"},"modified":"2018-01-17T16:17:42","modified_gmt":"2018-01-17T21:17:42","slug":"2-wax-tape-for-aboveground-use","status":"publish","type":"page","link":"https:\/\/trentoncorp.com\/es\/productos\/wax-tape\/2-wax-tape-for-aboveground-use\/","title":{"rendered":"#2 Wax-Tape\u00ae for Aboveground Use"},"content":{"rendered":"<h2>Trenton&#8217;s #2 Wax-Tape ES F\u00c1CIL DE APLICAR, NO REQUIERE NING\u00daN EQUIPO ESPECIAL, ES COMPATIBLE CON LA MAYOR\u00cdA DE LOS DEM\u00c1S RECUBRIMIENTOS Y REQUIERE UN M\u00cdNIMO DE PREPARACI\u00d3N DE LA SUPERFICIE.<\/h2>\n<figure style=\"width: 233px\" class=\"wp-caption alignright\"><img loading=\"lazy\" decoding=\"async\" class=\"\" src=\"\/wp-content\/uploads\/2016\/02\/wax-tape2.jpg\" alt=\"\" width=\"233\" height=\"163\" \/><figcaption class=\"wp-caption-text\">La Cinta de cera # 2 se ajusta completamente a las superficies irregulares, como este pozo de gas, y no se ve afectada por los elementos externos.<\/figcaption><\/figure>\n<h3>Descripci\u00f3n<\/h3>\n<p>Las Cintas de Cera # 2 se componen de cera microcristalina, plastificadores e inhibidores de corrosi\u00f3n (sin relleno de arcilla) saturados en una tela sint\u00e9tica no tejida, formando una envoltura protectora. Tambi\u00e9n contienen minerales no sil\u00edceos de relleno.<\/p>\n<h3>Uso Final<\/h3>\n<p>Para la aplicaci\u00f3n sobre superficies met\u00e1licas soterradas, tuber\u00edas o accesorios para evitar la corrosi\u00f3n.<\/p>\n<h3>Procedimientos de Aplicaci\u00f3n<\/h3>\n<p>Cepillo de alambre para limpiar raspando la superficie, para quitar la suciedad y herrumbre suelto. Aplicar una fina capa de Imprimador. Si la superficie est\u00e1 mojada, fr\u00eda u oxidada, frotar y aplicar el Imprimador para desplazar la humedad y garantizar la adherencia. Luego colocar la cinta # 1 o # 2 dejando una superposici\u00f3n de 1 \u00bb pulgada. Un tubos rectos, se aplica una ligera tensi\u00f3n para asegurar el contacto con la superficie. Sobre superficies irregulares, dejar resto para que la cinta se amolde a la misma. En cualquier caso, presionar la cinta para eliminar burbujas de aire. Adem\u00e1s, presionar sobre las costuras para asegurarse de que est\u00e1n selladas. La cinta no requiere de curado o secado, por lo que los pozos pueden ser rellenados de inmediato. Para tuber\u00edas soterradas de 10 \u00bb o m\u00e1s, aplicar un revestimiento Trenton. Para suelos de condiciones agresivas, un revestimiento Trenton, protecci\u00f3n mec\u00e1nica, o el rellenado del pozo con otro material deben ser considerados.<\/p>\n<h3>Empaquetado<\/h3>\n<p>Los rollos vienen envasados en cajas de cart\u00f3n, aproximadamente 35 lb \/ 16kg por caja<br \/>\nRollos de 2&#8243; x 9&#8242; (48 rollos\/caja)<br \/>\nRollos de 4&#8243; x 9&#8242; (24 rollos\/caja)<br \/>\nRollos de 6&#8243; x 9&#8242; (16 rollos\/caja)<br \/>\nRollos de 6&#8243; x 18&#8242; (8 rollos\/caja)<br \/>\nRollos de 9&#8243; x 18&#8242; (6 rollos\/caja)<br \/>\nRollos de 12&#8243; x 18&#8242; (4 rollos\/caja)<br \/>\nAnchos y longitudes especiales disponibles<\/p>\n<h3>Specifications<\/h3>\n<div class='content-column one_half'><div style=\"padding-right:5px;\"><h4>#2 Wax-Tape<\/h4>\n<table>\n<tbody>\n<tr>\n<td>Color<\/td>\n<td>Marr\u00f3n<\/td>\n<\/tr>\n<tr>\n<td>Espesor<\/td>\n<td>70-90 mils<\/td>\n<\/tr>\n<tr>\n<td>Resistencia Dielectrica<\/td>\n<td>170 volts\/mil<\/td>\n<\/tr>\n<tr>\n<td>Temperaturea de operacion<\/td>\n<td>-50-140\u00b0F<\/td>\n<\/tr>\n<tr>\n<td>Punto de fusion<\/td>\n<td>125-135\u00b0F<\/td>\n<\/tr>\n<\/tbody>\n<\/table><\/div><\/div><div class='content-column one_half last_column'><div style=\"padding-left:5px;\"><h4>#2A Wax-Tape *<\/h4>\n<p>*Tambi\u00e9n en amarillo, rojo, verde y azul<\/p>\n<table>\n<tbody>\n<tr>\n<td>Color<\/td>\n<td>Marr\u00f3n, aluminio, blanco*<\/td>\n<\/tr>\n<tr>\n<td>Espesor<\/td>\n<td>70-90 mils<\/td>\n<\/tr>\n<tr>\n<td>Resistencia Dielectrica<\/td>\n<td>170 volts\/mil<\/td>\n<\/tr>\n<tr>\n<td>Temperaturea de operacion<\/td>\n<td>-50-140\u00b0F<\/td>\n<\/tr>\n<tr>\n<td>Punto de fusion<\/td>\n<td>125-135\u00b0F<\/td>\n<\/tr>\n<\/tbody>\n<tfoot><\/tfoot>\n<\/table><\/div><\/div><div class='clear_column'><\/div><\/p>\n<h3>Ventajas<\/h3>\n<ul>\n<li>Ideal donde no es posible una gran preparaci\u00f3n de la superficie<\/li>\n<li>Se adaprta a formas irregulares<\/li>\n<li>No necesita tiempo de secado o curado antes de rellenar<\/li>\n<li>Puede ser aplicado sobre superficies h\u00famedas<\/li>\n<li>No T\u00f3xico, No inflamable, no caner\u00edgeno, con pocos componentes org\u00e1nicos vol\u00e1tiles<\/li>\n<li>Resistente a ambientes industriales corrosivos<\/li>\n<li>Puede ser aplicado sobre superficies h\u00famedas<\/li>\n<li>Compatible con otros recubrimientos<\/li>\n<li>La cinta se solidifica y no necesita revestimientos adicionales.<\/li>\n<li>Excelente resistencia a la erosi\u00f3n ambiental y los rayos UV<\/li>\n<li>Puede ser pintado despu\u00e9s de solidificarse<\/li>\n<\/ul>\n","protected":false},"excerpt":{"rendered":"<p>Trenton&#8217;s #2 Wax-Tape ES F\u00c1CIL DE APLICAR, NO REQUIERE NING\u00daN EQUIPO ESPECIAL, ES COMPATIBLE CON LA MAYOR\u00cdA DE LOS DEM\u00c1S RECUBRIMIENTOS Y REQUIERE UN M\u00cdNIMO DE PREPARACI\u00d3N DE LA SUPERFICIE. Descripci\u00f3n Las Cintas de Cera # 2 se componen de cera microcristalina, plastificadores e inhibidores de corrosi\u00f3n (sin relleno de arcilla) saturados en una tela &hellip; <a href=\"https:\/\/trentoncorp.com\/es\/productos\/wax-tape\/2-wax-tape-for-aboveground-use\/\" class=\"more-link\">Continuar leyendo<span class=\"screen-reader-text\"> \u00ab#2 Wax-Tape\u00ae for Aboveground Use\u00bb<\/span><\/a><\/p>\n","protected":false},"author":1,"featured_media":0,"parent":19,"menu_order":1,"comment_status":"closed","ping_status":"closed","template":"","meta":{"footnotes":""},"class_list":["post-37","page","type-page","status-publish","hentry"],"aioseo_notices":[],"_links":{"self":[{"href":"https:\/\/trentoncorp.com\/es\/wp-json\/wp\/v2\/pages\/37","targetHints":{"allow":["GET"]}}],"collection":[{"href":"https:\/\/trentoncorp.com\/es\/wp-json\/wp\/v2\/pages"}],"about":[{"href":"https:\/\/trentoncorp.com\/es\/wp-json\/wp\/v2\/types\/page"}],"author":[{"embeddable":true,"href":"https:\/\/trentoncorp.com\/es\/wp-json\/wp\/v2\/users\/1"}],"replies":[{"embeddable":true,"href":"https:\/\/trentoncorp.com\/es\/wp-json\/wp\/v2\/comments?post=37"}],"version-history":[{"count":0,"href":"https:\/\/trentoncorp.com\/es\/wp-json\/wp\/v2\/pages\/37\/revisions"}],"up":[{"embeddable":true,"href":"https:\/\/trentoncorp.com\/es\/wp-json\/wp\/v2\/pages\/19"}],"wp:attachment":[{"href":"https:\/\/trentoncorp.com\/es\/wp-json\/wp\/v2\/media?parent=37"}],"curies":[{"name":"wp","href":"https:\/\/api.w.org\/{rel}","templated":true}]}}