{"id":33,"date":"2016-01-18T21:39:09","date_gmt":"2016-01-18T21:39:09","guid":{"rendered":"http:\/\/clients.radiantpunch.com\/trenton\/es\/?page_id=33"},"modified":"2016-01-18T21:39:09","modified_gmt":"2016-01-18T21:39:09","slug":"cinta-de-cera-1-para-ductos-soterrados","status":"publish","type":"page","link":"https:\/\/trentoncorp.com\/es\/productos\/wax-tape\/cinta-de-cera-1-para-ductos-soterrados\/","title":{"rendered":"Cinta de Cera #1 para Ductos Soterrados"},"content":{"rendered":"<h2>LA CINTA DE CERA #1 DE TRENTON PROPORCIONA PROTECCI\u00d3N DURADERA Y ES COMPATIBLE CON MUCHOS TIPOS DE MATERIALES COMO ACERO, HIERRO Y PVC.<\/h2>\n<figure id=\"attachment_235\" aria-describedby=\"caption-attachment-235\" style=\"width: 233px\" class=\"wp-caption alignright\"><img loading=\"lazy\" decoding=\"async\" class=\"size-full wp-image-235\" src=\"\/wp-content\/uploads\/2016\/01\/wax-tape1.jpg\" alt=\"Segment of a pipe with Trenton wax tape\" width=\"233\" height=\"163\" \/><figcaption id=\"caption-attachment-235\" class=\"wp-caption-text\">Los clientes se han impresionado al retirar un peque\u00f1o pedazo de cera Trenton-Tape para inspeccionar: encontraron la superficie en la misma condici\u00f3n que cuando la cinta se aplic\u00f3 por Imprimadora vez. Despu\u00e9s de la inspecci\u00f3n, el peque\u00f1o parche puede ser colocado de nuevo para continuar la protecci\u00f3n.<\/figcaption><\/figure>\n<p>Sigue siendo flexible y es compatible con la protecci\u00f3n cat\u00f3dica. Nuestra cinta de cera es un producto muy usado en la industria del petr\u00f3leo, el gas, el agua y otras industrias qu\u00edmicas.<\/p>\n<h3>Descripci\u00f3n<\/h3>\n<p>Las Cintas de Cera # 1 se componen de cera microcristalina, plastificadores e inhibidores de corrosi\u00f3n (sin relleno de arcilla) saturados en una tela sint\u00e9tica no tejida, formando una envoltura protectora. Tambi\u00e9n contienen minerales no sil\u00edceos de relleno.<\/p>\n<h3>Uso Final<\/h3>\n<p>Para la aplicaci\u00f3n sobre superficies met\u00e1licas soterradas, tuber\u00edas o accesorios para evitar la corrosi\u00f3n.<\/p>\n<h3>Procedimientos de Aplicaci\u00f3n<\/h3>\n<p>Cepillo de alambre para limpiar raspando la superficie, para quitar la suciedad y herrumbre suelto. Aplicar una fina capa de Imprimador. Si la superficie est\u00e1 mojada, fr\u00eda u oxidada, frotar y aplicar el Imprimador para desplazar la humedad y garantizar la adherencia. Luego colocar la cinta # 1 o # 2 dejando una superposici\u00f3n de 1 \u00bb pulgada. Un tubos rectos, se aplica una ligera tensi\u00f3n para asegurar el contacto con la superficie. Sobre superficies irregulares, dejar resto para que la cinta se amolde a la misma.<\/p>\n<h3>Packaging<\/h3>\n<p>Rollos de 10,2 cm x 2,8 m (24 rollos\/caja)<br \/>\nRollos de 15,2 cm x 2,8 m (16 rollos\/caja)<br \/>\nAnchos y longitudes especiales disponibles<\/p>\n<h3>Especificaciones<\/h3>\n<table>\n<tbody>\n<tr>\n<td>Color<\/td>\n<td>Brown<\/td>\n<\/tr>\n<tr>\n<td>Thickness<\/td>\n<td>70-90 mils<\/td>\n<\/tr>\n<tr>\n<td>Resistencia Dielectrica<\/td>\n<td>236 volts\/mil<\/td>\n<\/tr>\n<tr>\n<td>Temperatura de aplicaci\u00f3n<\/td>\n<td>-18\u00b0 &#8211; 43\u00b0C<\/td>\n<\/tr>\n<tr>\n<td>Temperatura de operaci\u00f3n<\/td>\n<td>-45\u00b0 &#8211; 49\u00b0C<\/td>\n<\/tr>\n<tr>\n<td>Punto de fus\u00edon<\/td>\n<td>46\u00b0 &#8211; 52\u00b0C<\/td>\n<\/tr>\n<\/tbody>\n<\/table>\n<h3>Ventajas<\/h3>\n<ul>\n<li>Ideal donde no es posible una gran preparaci\u00f3n de la superficie<\/li>\n<li>Se adaprta a formas irregulares<\/li>\n<li>No necesita tiempo de secado o curado antes de rellenar.<\/li>\n<li>Puede ser aplicado sobre superficies h\u00famedas<\/li>\n<li>No T\u00f3xico, No inflamable, no caner\u00edgeno, sin componentes org\u00e1nicos vol\u00e1tiles.<\/li>\n<\/ul>\n","protected":false},"excerpt":{"rendered":"<p>LA CINTA DE CERA #1 DE TRENTON PROPORCIONA PROTECCI\u00d3N DURADERA Y ES COMPATIBLE CON MUCHOS TIPOS DE MATERIALES COMO ACERO, HIERRO Y PVC. Sigue siendo flexible y es compatible con la protecci\u00f3n cat\u00f3dica. Nuestra cinta de cera es un producto muy usado en la industria del petr\u00f3leo, el gas, el agua y otras industrias qu\u00edmicas. &hellip; <a href=\"https:\/\/trentoncorp.com\/es\/productos\/wax-tape\/cinta-de-cera-1-para-ductos-soterrados\/\" class=\"more-link\">Continuar leyendo<span class=\"screen-reader-text\"> \u00abCinta de Cera #1 para Ductos Soterrados\u00bb<\/span><\/a><\/p>\n","protected":false},"author":1,"featured_media":0,"parent":19,"menu_order":0,"comment_status":"closed","ping_status":"closed","template":"","meta":{"footnotes":""},"class_list":["post-33","page","type-page","status-publish","hentry"],"aioseo_notices":[],"_links":{"self":[{"href":"https:\/\/trentoncorp.com\/es\/wp-json\/wp\/v2\/pages\/33","targetHints":{"allow":["GET"]}}],"collection":[{"href":"https:\/\/trentoncorp.com\/es\/wp-json\/wp\/v2\/pages"}],"about":[{"href":"https:\/\/trentoncorp.com\/es\/wp-json\/wp\/v2\/types\/page"}],"author":[{"embeddable":true,"href":"https:\/\/trentoncorp.com\/es\/wp-json\/wp\/v2\/users\/1"}],"replies":[{"embeddable":true,"href":"https:\/\/trentoncorp.com\/es\/wp-json\/wp\/v2\/comments?post=33"}],"version-history":[{"count":0,"href":"https:\/\/trentoncorp.com\/es\/wp-json\/wp\/v2\/pages\/33\/revisions"}],"up":[{"embeddable":true,"href":"https:\/\/trentoncorp.com\/es\/wp-json\/wp\/v2\/pages\/19"}],"wp:attachment":[{"href":"https:\/\/trentoncorp.com\/es\/wp-json\/wp\/v2\/media?parent=33"}],"curies":[{"name":"wp","href":"https:\/\/api.w.org\/{rel}","templated":true}]}}