{"id":328,"date":"2018-09-18T13:25:34","date_gmt":"2018-09-18T18:25:34","guid":{"rendered":"https:\/\/trentoncorp.com\/es\/?page_id=328"},"modified":"2018-09-18T13:25:34","modified_gmt":"2018-09-18T18:25:34","slug":"politica-de-privacidad","status":"publish","type":"page","link":"https:\/\/trentoncorp.com\/es\/politica-de-privacidad\/","title":{"rendered":"Pol\u00edtica de Privacidad"},"content":{"rendered":"<p><strong>\u00daltima actualizaci\u00f3n<\/strong>: 2018\/5\/29<\/p>\n<p>Este aviso de privacidad explica las pr\u00e1cticas de privacidad de nuestro sitio web: trentoncorp.com. Este aviso solo se aplica a la informaci\u00f3n que se recopila en este sitio web, a menos que se estipule lo contrario en otra secci\u00f3n.<\/p>\n<h2>\u00bfQu\u00e9 Informaci\u00f3n Recopilamos?<\/h2>\n<p>Nuestro sitio web no usa seguimiento, como Google Analytics, ni tampoco usa las cookies. La \u00fanica informaci\u00f3n que recibimos sobre su persona es aquella que usted mismo env\u00ede activamente a trav\u00e9s de nuestro formulario de contacto.<\/p>\n<h3>Formulario de Contacto<\/h3>\n<p>Cada vez que usted completa nuestro formulario de contacto y nos lo env\u00eda, recibimos una notificaci\u00f3n por correo electr\u00f3nico con esa informaci\u00f3n. <strong>Esta no se almacena en los servidores de nuestro sitio web<\/strong>. Usamos la informaci\u00f3n que nos proporciona para responder su consulta y nada m\u00e1s. La compartiremos internamente con nuestro equipo, seg\u00fan sea necesario. Nunca compartiremos su informaci\u00f3n con terceros, a menos que sea necesario para satisfacer su solicitud. Nunca compartiremos ni venderemos su informaci\u00f3n a terceros anunciantes, ni tampoco nos comunicaremos con usted por ninguna otra raz\u00f3n m\u00e1s que responder su consulta.<\/p>\n<h2>\u00bfTiene Preguntas?<\/h2>\n<p>Por cualquier consulta que tenga sobre esta pol\u00edtica de privacidad o sobre c\u00f3mo usamos estos datos, comun\u00edquese a <a href=\"mailto:info@trentoncorp.com\">info@trentoncorp.com<\/a>.<\/p>\n","protected":false},"excerpt":{"rendered":"<p>\u00daltima actualizaci\u00f3n: 2018\/5\/29 Este aviso de privacidad explica las pr\u00e1cticas de privacidad de nuestro sitio web: trentoncorp.com. Este aviso solo se aplica a la informaci\u00f3n que se recopila en este sitio web, a menos que se estipule lo contrario en otra secci\u00f3n. \u00bfQu\u00e9 Informaci\u00f3n Recopilamos? Nuestro sitio web no usa seguimiento, como Google Analytics, ni &hellip; <a href=\"https:\/\/trentoncorp.com\/es\/politica-de-privacidad\/\" class=\"more-link\">Continuar leyendo<span class=\"screen-reader-text\"> \u00abPol\u00edtica de Privacidad\u00bb<\/span><\/a><\/p>\n","protected":false},"author":1,"featured_media":0,"parent":0,"menu_order":0,"comment_status":"closed","ping_status":"closed","template":"","meta":{"footnotes":""},"class_list":["post-328","page","type-page","status-publish","hentry"],"aioseo_notices":[],"_links":{"self":[{"href":"https:\/\/trentoncorp.com\/es\/wp-json\/wp\/v2\/pages\/328","targetHints":{"allow":["GET"]}}],"collection":[{"href":"https:\/\/trentoncorp.com\/es\/wp-json\/wp\/v2\/pages"}],"about":[{"href":"https:\/\/trentoncorp.com\/es\/wp-json\/wp\/v2\/types\/page"}],"author":[{"embeddable":true,"href":"https:\/\/trentoncorp.com\/es\/wp-json\/wp\/v2\/users\/1"}],"replies":[{"embeddable":true,"href":"https:\/\/trentoncorp.com\/es\/wp-json\/wp\/v2\/comments?post=328"}],"version-history":[{"count":0,"href":"https:\/\/trentoncorp.com\/es\/wp-json\/wp\/v2\/pages\/328\/revisions"}],"wp:attachment":[{"href":"https:\/\/trentoncorp.com\/es\/wp-json\/wp\/v2\/media?parent=328"}],"curies":[{"name":"wp","href":"https:\/\/api.w.org\/{rel}","templated":true}]}}